{"id":323,"date":"2026-03-11T13:41:49","date_gmt":"2026-03-11T12:41:49","guid":{"rendered":"https:\/\/blogs.ugr.es\/aelep\/?page_id=323"},"modified":"2026-03-11T13:45:06","modified_gmt":"2026-03-11T12:45:06","slug":"quienes-somos","status":"publish","type":"page","link":"https:\/\/blogs.ugr.es\/aelep\/quienes-somos\/","title":{"rendered":"Qui\u00e9nes somos"},"content":{"rendered":"\n<ul class=\"wp-block-list\">\n<li><strong>Investigadores<\/strong>\n<ul class=\"wp-block-list\">\n<li class=\"has-vivid-red-color has-text-color has-link-color wp-elements-61db1779de2e3b8a01acd85c4fbaf115\"><a href=\"https:\/\/www.ugr.es\/personal\/juan-carlos-gomez-vargas\">Juan Carlos G\u00f3mez Vargas (Investigador responsable)<\/a><\/li>\n\n\n\n<li class=\"has-vivid-red-color has-text-color has-link-color wp-elements-23dad7ebd0fc52935edefd5ef51c9b0f\"><a href=\"https:\/\/www.ugr.es\/personal\/antonio-espinola-jimenez\">Antonio Esp\u00ednola Jim\u00e9nez<\/a><\/li>\n\n\n\n<li class=\"has-vivid-red-color has-text-color has-link-color wp-elements-2a274e439f72cbd6f276a2d676d34cce\">Jos\u00e9 Mar\u00eda L\u00f3pez Jim\u00e9nez<\/li>\n\n\n\n<li class=\"has-vivid-red-color has-text-color has-link-color wp-elements-93f0f990ef01d62092f3f573220b0b26\">Francisco Moreno Vargas<\/li>\n\n\n\n<li class=\"has-vivid-red-color has-text-color has-link-color wp-elements-957837145733c0423f9170219a7b223a\">Sergio Colombo Ruiz<\/li>\n\n\n\n<li class=\"has-vivid-red-color has-text-color has-link-color wp-elements-3904da15bb2a11143df8243fe9067222\">Manuel Vi\u00f1as Limonchi<\/li>\n<\/ul>\n<\/li>\n<\/ul>\n\n\n\n<p><\/p>\n","protected":false},"excerpt":{"rendered":"","protected":false},"author":696,"featured_media":304,"parent":0,"menu_order":0,"comment_status":"closed","ping_status":"closed","template":"","meta":{"footnotes":""},"categories":[34,40,36,38],"tags":[],"class_list":["post-323","page","type-page","status-publish","has-post-thumbnail","hentry","category-arquitectura-es","category-ingenieria-es","category-paisaje-es","category-proyecto-ambiental-es"],"_links":{"self":[{"href":"https:\/\/blogs.ugr.es\/aelep\/wp-json\/wp\/v2\/pages\/323","targetHints":{"allow":["GET"]}}],"collection":[{"href":"https:\/\/blogs.ugr.es\/aelep\/wp-json\/wp\/v2\/pages"}],"about":[{"href":"https:\/\/blogs.ugr.es\/aelep\/wp-json\/wp\/v2\/types\/page"}],"author":[{"embeddable":true,"href":"https:\/\/blogs.ugr.es\/aelep\/wp-json\/wp\/v2\/users\/696"}],"replies":[{"embeddable":true,"href":"https:\/\/blogs.ugr.es\/aelep\/wp-json\/wp\/v2\/comments?post=323"}],"version-history":[{"count":2,"href":"https:\/\/blogs.ugr.es\/aelep\/wp-json\/wp\/v2\/pages\/323\/revisions"}],"predecessor-version":[{"id":325,"href":"https:\/\/blogs.ugr.es\/aelep\/wp-json\/wp\/v2\/pages\/323\/revisions\/325"}],"wp:featuredmedia":[{"embeddable":true,"href":"https:\/\/blogs.ugr.es\/aelep\/wp-json\/wp\/v2\/media\/304"}],"wp:attachment":[{"href":"https:\/\/blogs.ugr.es\/aelep\/wp-json\/wp\/v2\/media?parent=323"}],"wp:term":[{"taxonomy":"category","embeddable":true,"href":"https:\/\/blogs.ugr.es\/aelep\/wp-json\/wp\/v2\/categories?post=323"},{"taxonomy":"post_tag","embeddable":true,"href":"https:\/\/blogs.ugr.es\/aelep\/wp-json\/wp\/v2\/tags?post=323"}],"curies":[{"name":"wp","href":"https:\/\/api.w.org\/{rel}","templated":true}]}}