{"id":197,"date":"2020-08-10T18:20:20","date_gmt":"2020-08-10T16:20:20","guid":{"rendered":"https:\/\/blogs.ugr.es\/antoniferjim\/?page_id=197"},"modified":"2024-11-03T21:21:18","modified_gmt":"2024-11-03T20:21:18","slug":"sobre-mi","status":"publish","type":"page","link":"https:\/\/blogs.ugr.es\/antoniferjim\/sobre-mi\/","title":{"rendered":"Sobre m\u00ed"},"content":{"rendered":"<h1><strong>Docente, investigador y m\u00fasico<\/strong><\/h1>\n<h3><em>Comenc\u00e9 como m\u00fasico, lo que me llev\u00f3 a ser maestro de m\u00fasica. Esto ha permitido que me dedique a la docencia y a la investigaci\u00f3n.<br \/>\n<\/em><\/h3>\n<p>&nbsp;<\/p>\n<p style=\"text-align: justify\"><img loading=\"lazy\" decoding=\"async\" class=\"size-full wp-image-199 alignright\" src=\"https:\/\/blogs.ugr.es\/antoniferjim\/wp-content\/uploads\/sites\/86\/2020\/08\/yo-fondo-rojo_menos-megas-1.jpg\" alt=\"\" width=\"395\" height=\"450\" srcset=\"https:\/\/blogs.ugr.es\/antoniferjim\/wp-content\/uploads\/sites\/86\/2020\/08\/yo-fondo-rojo_menos-megas-1.jpg 395w, https:\/\/blogs.ugr.es\/antoniferjim\/wp-content\/uploads\/sites\/86\/2020\/08\/yo-fondo-rojo_menos-megas-1-263x300.jpg 263w\" sizes=\"auto, (max-width: 395px) 100vw, 395px\" \/>Mi nombre es Antonio Fern\u00e1ndez Jim\u00e9nez aunque tambi\u00e9n puedes encontrarme\u00a0 bajo el pesud\u00f3nimo de <em>@antonimusical<\/em> en algunas redes sociales.<\/p>\n<p style=\"text-align: justify\">Soy Doctor por la Universidad de Granada. De finales de 2015 llevo trabajando como profesor e investigador en el Departamento de Did\u00e1ctica de la Expresi\u00f3n Musical, Pl\u00e1stica y Corporal de esa misma universidad.<\/p>\n<p style=\"text-align: justify\">Algunos de los temas de investigaci\u00f3n que m\u00e1s me interesan para tratarlos desde la docencia son: los estudios LGTBI en la educaci\u00f3n musical, educaci\u00f3n musical cr\u00edtica para la justicia social, y la creatividad musical mediante la tecnolog\u00eda educativa en la formaci\u00f3n del profesorado de m\u00fasica en Educaci\u00f3n Primaria y Secundaria.<\/p>\n<p>Si quieres conocer un poco m\u00e1s de mi actividad acad\u00e9mica, puedes echar un vistazo a mi p\u00e1gina web: <a href=\"https:\/\/sites.google.com\/view\/antoniferjim\/inicio\" target=\"_blank\" rel=\"noopener\">https:\/\/sites.google.com\/view\/antoniferjim\/inicio<\/a><\/p>\n<p>Puedes contactar conmigo escribi\u00e9ndome un correo electr\u00f3nico a: <strong>&#x61;&#110;&#x74;&#x6f;&#110;&#x69;&#102;e&#x72;&#106;i&#x6d;&#64;g&#x6f;&#46;u&#x67;&#114;&#x2e;&#x65;&#115;<\/strong><strong><br \/>\n<\/strong><\/p>\n","protected":false},"excerpt":{"rendered":"<p>Docente, investigador y m\u00fasico Comenc\u00e9 como m\u00fasico, lo que me llev\u00f3 a ser maestro de m\u00fasica. Esto ha permitido que me dedique a la docencia y a la investigaci\u00f3n. &nbsp; Mi nombre es Antonio Fern\u00e1ndez Jim\u00e9nez aunque tambi\u00e9n puedes encontrarme\u00a0 bajo el pesud\u00f3nimo de @antonimusical en algunas redes sociales. Soy Doctor por la Universidad de&hellip; <a href=\"https:\/\/blogs.ugr.es\/antoniferjim\/sobre-mi\/\" class=\"more-link\">Leer m\u00e1s <span class=\"screen-reader-text\">acerca de Sobre m\u00ed<\/span><\/a><\/p>\n","protected":false},"author":562,"featured_media":0,"parent":0,"menu_order":0,"comment_status":"closed","ping_status":"closed","template":"","meta":{"_genesis_hide_title":false,"_genesis_hide_breadcrumbs":false,"_genesis_hide_singular_image":false,"_genesis_hide_footer_widgets":false,"_genesis_custom_body_class":"","_genesis_custom_post_class":"","_genesis_layout":"","footnotes":""},"categories":[],"tags":[19],"class_list":{"0":"post-197","1":"page","2":"type-page","3":"status-publish","5":"tag-informacion-personal","6":"entry","7":"has-post-thumbnail"},"_links":{"self":[{"href":"https:\/\/blogs.ugr.es\/antoniferjim\/wp-json\/wp\/v2\/pages\/197","targetHints":{"allow":["GET"]}}],"collection":[{"href":"https:\/\/blogs.ugr.es\/antoniferjim\/wp-json\/wp\/v2\/pages"}],"about":[{"href":"https:\/\/blogs.ugr.es\/antoniferjim\/wp-json\/wp\/v2\/types\/page"}],"author":[{"embeddable":true,"href":"https:\/\/blogs.ugr.es\/antoniferjim\/wp-json\/wp\/v2\/users\/562"}],"replies":[{"embeddable":true,"href":"https:\/\/blogs.ugr.es\/antoniferjim\/wp-json\/wp\/v2\/comments?post=197"}],"version-history":[{"count":4,"href":"https:\/\/blogs.ugr.es\/antoniferjim\/wp-json\/wp\/v2\/pages\/197\/revisions"}],"predecessor-version":[{"id":596,"href":"https:\/\/blogs.ugr.es\/antoniferjim\/wp-json\/wp\/v2\/pages\/197\/revisions\/596"}],"wp:attachment":[{"href":"https:\/\/blogs.ugr.es\/antoniferjim\/wp-json\/wp\/v2\/media?parent=197"}],"wp:term":[{"taxonomy":"category","embeddable":true,"href":"https:\/\/blogs.ugr.es\/antoniferjim\/wp-json\/wp\/v2\/categories?post=197"},{"taxonomy":"post_tag","embeddable":true,"href":"https:\/\/blogs.ugr.es\/antoniferjim\/wp-json\/wp\/v2\/tags?post=197"}],"curies":[{"name":"wp","href":"https:\/\/api.w.org\/{rel}","templated":true}]}}