{"id":215,"date":"2020-08-11T23:49:50","date_gmt":"2020-08-11T21:49:50","guid":{"rendered":"https:\/\/blogs.ugr.es\/antoniferjim\/?page_id=215"},"modified":"2024-03-29T11:40:09","modified_gmt":"2024-03-29T10:40:09","slug":"sobre-el-blog","status":"publish","type":"page","link":"https:\/\/blogs.ugr.es\/antoniferjim\/sobre-el-blog\/","title":{"rendered":"Sobre el blog"},"content":{"rendered":"<p style=\"text-align: justify\">Este blog nace con el objetivo de ser un espacio para compartir experiencias docentes y propuestas educativas que desarrollo en las aulas universitarias desde el \u00e1mbito de la educaci\u00f3n musical. Este espacio <img loading=\"lazy\" decoding=\"async\" class=\"wp-image-218 alignright\" src=\"https:\/\/blogs.ugr.es\/antoniferjim\/wp-content\/uploads\/sites\/86\/2020\/08\/notas-musicales-letrero-neon-colores-lgb-e1597182531573-300x198.jpg\" alt=\"\" width=\"397\" height=\"262\" srcset=\"https:\/\/blogs.ugr.es\/antoniferjim\/wp-content\/uploads\/sites\/86\/2020\/08\/notas-musicales-letrero-neon-colores-lgb-e1597182531573-300x198.jpg 300w, https:\/\/blogs.ugr.es\/antoniferjim\/wp-content\/uploads\/sites\/86\/2020\/08\/notas-musicales-letrero-neon-colores-lgb-e1597182531573.jpg 560w\" sizes=\"auto, (max-width: 397px) 100vw, 397px\" \/>est\u00e1 destinado a compartir todas esas experiencias y recursos que se desarrollan en los grupos de estudiantes universitarios donde la educaci\u00f3n musical tiene cabida, especialmente para la formaci\u00f3n inicial de las personas que se dedicar\u00e1n a la apasionante actividad profesional y personal como es la docencia.<\/p>\n<p style=\"text-align: justify\">Este blog educativo musical no pretende ser un recetario de buenas pr\u00e1cticas ni un repositorio de materiales, sino un espacio para compartir y reflexionar acerca de las propuestas docentes que desarrollamos en las aulas universitarias, as\u00ed como proponer temas inspiradores que abran la mirada de la educaci\u00f3n musical hacia un enfoque m\u00e1s cr\u00edtico y comprometido con la justicia social.<\/p>\n<p>&nbsp;<\/p>\n","protected":false},"excerpt":{"rendered":"<p>Este blog nace con el objetivo de ser un espacio para compartir experiencias docentes y propuestas educativas que desarrollo en las aulas universitarias desde el \u00e1mbito de la educaci\u00f3n musical. Este espacio est\u00e1 destinado a compartir todas esas experiencias y recursos que se desarrollan en los grupos de estudiantes universitarios donde la educaci\u00f3n musical tiene&hellip; <a href=\"https:\/\/blogs.ugr.es\/antoniferjim\/sobre-el-blog\/\" class=\"more-link\">Leer m\u00e1s <span class=\"screen-reader-text\">acerca de Sobre el blog<\/span><\/a><\/p>\n","protected":false},"author":562,"featured_media":0,"parent":0,"menu_order":0,"comment_status":"closed","ping_status":"closed","template":"","meta":{"_genesis_hide_title":false,"_genesis_hide_breadcrumbs":false,"_genesis_hide_singular_image":false,"_genesis_hide_footer_widgets":false,"_genesis_custom_body_class":"","_genesis_custom_post_class":"","_genesis_layout":"","footnotes":""},"categories":[],"tags":[],"class_list":{"0":"post-215","1":"page","2":"type-page","3":"status-publish","5":"entry","6":"has-post-thumbnail"},"_links":{"self":[{"href":"https:\/\/blogs.ugr.es\/antoniferjim\/wp-json\/wp\/v2\/pages\/215","targetHints":{"allow":["GET"]}}],"collection":[{"href":"https:\/\/blogs.ugr.es\/antoniferjim\/wp-json\/wp\/v2\/pages"}],"about":[{"href":"https:\/\/blogs.ugr.es\/antoniferjim\/wp-json\/wp\/v2\/types\/page"}],"author":[{"embeddable":true,"href":"https:\/\/blogs.ugr.es\/antoniferjim\/wp-json\/wp\/v2\/users\/562"}],"replies":[{"embeddable":true,"href":"https:\/\/blogs.ugr.es\/antoniferjim\/wp-json\/wp\/v2\/comments?post=215"}],"version-history":[{"count":4,"href":"https:\/\/blogs.ugr.es\/antoniferjim\/wp-json\/wp\/v2\/pages\/215\/revisions"}],"predecessor-version":[{"id":544,"href":"https:\/\/blogs.ugr.es\/antoniferjim\/wp-json\/wp\/v2\/pages\/215\/revisions\/544"}],"wp:attachment":[{"href":"https:\/\/blogs.ugr.es\/antoniferjim\/wp-json\/wp\/v2\/media?parent=215"}],"wp:term":[{"taxonomy":"category","embeddable":true,"href":"https:\/\/blogs.ugr.es\/antoniferjim\/wp-json\/wp\/v2\/categories?post=215"},{"taxonomy":"post_tag","embeddable":true,"href":"https:\/\/blogs.ugr.es\/antoniferjim\/wp-json\/wp\/v2\/tags?post=215"}],"curies":[{"name":"wp","href":"https:\/\/api.w.org\/{rel}","templated":true}]}}