{"id":1041,"date":"2026-02-02T10:51:14","date_gmt":"2026-02-02T09:51:14","guid":{"rendered":"https:\/\/blogs.ugr.es\/antropopuentes\/?page_id=1041"},"modified":"2026-03-02T13:03:40","modified_gmt":"2026-03-02T12:03:40","slug":"presentacion","status":"publish","type":"page","link":"https:\/\/blogs.ugr.es\/antropopuentes\/","title":{"rendered":"Presentaci\u00f3n"},"content":{"rendered":"\n<p>Este blog re\u00fane diferentes proyectos de innovaci\u00f3n docente desarrollados, a lo largo de los a\u00f1os, por un equipo de docentes, investigadoras y estudiantes vinculadas, de distintas formas, al Departamento de Antropolog\u00eda Social de la Universidad de Granada.<\/p>\n\n\n\n<p>Desde sus inicios en el curso 2016\/2017 con el proyecto <strong>Tendiendo puentes entre el aula y la calle<\/strong>, pasando por <strong>Tejiendo redes entre el aula y la calle<\/strong> (2022-2023), <strong>Antropopuentes: por una antropolog\u00eda implicada y transformadora<\/strong> (2024-2025), hasta el m\u00e1s reciente <strong>Comunant<\/strong> (curso 2025-2026, actualmente en desarrollo), en esta p\u00e1gina podr\u00e1s encontrar los resultados de estas iniciativas docentes.<\/p>\n\n\n\n<p>Los proyectos se han centrado en distintos aspectos vinculados a la profesionalizaci\u00f3n de la Antropolog\u00eda Social y Cultural, su aportaci\u00f3n a la sociedad y a otras disciplinas de las ciencias sociales, la exploraci\u00f3n de formatos innovadores para la docencia y la evaluaci\u00f3n, la reflexi\u00f3n sobre las metodolog\u00edas docentes y el an\u00e1lisis de las experiencias compartidas en el aula, entre otros temas.<\/p>\n\n\n\n<p>Al navegar por estas p\u00e1ginas podr\u00e1s encontrar, especialmente:<\/p>\n\n\n\n<ul class=\"wp-block-list\">\n<li>la composici\u00f3n, a lo largo del tiempo, de los distintos equipos de innovaci\u00f3n y las personas que los han integrado o integran actualmente;<\/li>\n<\/ul>\n\n\n\n<ul class=\"wp-block-list\">\n<li>las caracter\u00edsticas espec\u00edficas de cada uno de los proyectos presentados;<\/li>\n<\/ul>\n\n\n\n<ul class=\"wp-block-list\">\n<li>los materiales docentes generados como resultado de los proyectos (publicaciones, entrevistas, collages, exposiciones, p\u00f3dcast, etc.).<\/li>\n<\/ul>\n\n\n\n<p>Esperamos que lo disfrutes.<\/p>\n\n\n\n<p><\/p>\n\n\n\n<p><\/p>\n\n\n\n<p><\/p>\n\n\n\n<p><\/p>\n\n\n<div class=\"wp-block-image\">\n<figure class=\"aligncenter size-large\"><img loading=\"lazy\" decoding=\"async\" width=\"700\" height=\"466\" src=\"https:\/\/blogs.ugr.es\/antropopuentes\/wp-content\/uploads\/sites\/130\/2026\/03\/foto2-700x466.jpg\" alt=\"\" class=\"wp-image-1141\" srcset=\"https:\/\/blogs.ugr.es\/antropopuentes\/wp-content\/uploads\/sites\/130\/2026\/03\/foto2-700x466.jpg 700w, https:\/\/blogs.ugr.es\/antropopuentes\/wp-content\/uploads\/sites\/130\/2026\/03\/foto2-300x200.jpg 300w, https:\/\/blogs.ugr.es\/antropopuentes\/wp-content\/uploads\/sites\/130\/2026\/03\/foto2.jpg 800w\" sizes=\"auto, (max-width: 700px) 100vw, 700px\" \/><\/figure>\n<\/div>\n\n\n<p><\/p>\n\n\n\n<p><\/p>\n\n\n\n<p><\/p>\n\n\n\n<p><\/p>\n\n\n\n<p><\/p>\n","protected":false},"excerpt":{"rendered":"<p>Este blog re\u00fane diferentes proyectos de innovaci\u00f3n docente desarrollados, a lo largo de los a\u00f1os, por un equipo de docentes, investigadoras y estudiantes vinculadas, de distintas formas, al Departamento de Antropolog\u00eda Social de la Universidad de Granada. Desde sus inicios en el curso 2016\/2017 con el proyecto Tendiendo puentes entre el aula y la calle,&hellip; <a href=\"https:\/\/blogs.ugr.es\/antropopuentes\/\" class=\"more-link\">Leer m\u00e1s <span class=\"screen-reader-text\">acerca de Presentaci\u00f3n<\/span><\/a><\/p>\n","protected":false},"author":614,"featured_media":0,"parent":0,"menu_order":0,"comment_status":"closed","ping_status":"closed","template":"","meta":{"_genesis_hide_title":false,"_genesis_hide_breadcrumbs":false,"_genesis_hide_singular_image":false,"_genesis_hide_footer_widgets":false,"_genesis_custom_body_class":"","_genesis_custom_post_class":"","_genesis_layout":"","footnotes":""},"categories":[],"tags":[],"class_list":{"0":"post-1041","1":"page","2":"type-page","3":"status-publish","5":"entry","6":"has-post-thumbnail"},"_links":{"self":[{"href":"https:\/\/blogs.ugr.es\/antropopuentes\/wp-json\/wp\/v2\/pages\/1041","targetHints":{"allow":["GET"]}}],"collection":[{"href":"https:\/\/blogs.ugr.es\/antropopuentes\/wp-json\/wp\/v2\/pages"}],"about":[{"href":"https:\/\/blogs.ugr.es\/antropopuentes\/wp-json\/wp\/v2\/types\/page"}],"author":[{"embeddable":true,"href":"https:\/\/blogs.ugr.es\/antropopuentes\/wp-json\/wp\/v2\/users\/614"}],"replies":[{"embeddable":true,"href":"https:\/\/blogs.ugr.es\/antropopuentes\/wp-json\/wp\/v2\/comments?post=1041"}],"version-history":[{"count":3,"href":"https:\/\/blogs.ugr.es\/antropopuentes\/wp-json\/wp\/v2\/pages\/1041\/revisions"}],"predecessor-version":[{"id":1146,"href":"https:\/\/blogs.ugr.es\/antropopuentes\/wp-json\/wp\/v2\/pages\/1041\/revisions\/1146"}],"wp:attachment":[{"href":"https:\/\/blogs.ugr.es\/antropopuentes\/wp-json\/wp\/v2\/media?parent=1041"}],"wp:term":[{"taxonomy":"category","embeddable":true,"href":"https:\/\/blogs.ugr.es\/antropopuentes\/wp-json\/wp\/v2\/categories?post=1041"},{"taxonomy":"post_tag","embeddable":true,"href":"https:\/\/blogs.ugr.es\/antropopuentes\/wp-json\/wp\/v2\/tags?post=1041"}],"curies":[{"name":"wp","href":"https:\/\/api.w.org\/{rel}","templated":true}]}}