{"id":1158,"date":"2026-03-02T13:29:20","date_gmt":"2026-03-02T12:29:20","guid":{"rendered":"https:\/\/blogs.ugr.es\/antropopuentes\/?page_id=1158"},"modified":"2026-03-02T18:14:37","modified_gmt":"2026-03-02T17:14:37","slug":"exponer-es-aprender","status":"publish","type":"page","link":"https:\/\/blogs.ugr.es\/antropopuentes\/exponer-es-aprender\/","title":{"rendered":"Exponer es aprender. Ideas para sacar del aula los trabajos del estudiantado de antropolog\u00eda sociocultural"},"content":{"rendered":"\n<p><a href=\"https:\/\/digibug.ugr.es\/handle\/10481\/111737\" data-type=\"link\" data-id=\"https:\/\/digibug.ugr.es\/handle\/10481\/111737\">Este libro<\/a> inaugura una serie de materiales docentes pensados para renovar la ense\u00f1anza de la antropolog\u00eda sociocultural desde una perspectiva cr\u00edtica y comprometida. Fruto del proyecto de innovaci\u00f3n docente <em>Antropopuentes: por una antropolog\u00eda implicada y transformadora<\/em> (Universidad de Granada, 2024-2025), los materiales docentes aqu\u00ed reunidos exploran el potencial de la exposici\u00f3n de materiales realizados por el estudiantado como herramienta pedag\u00f3gica y espacio de encuentro, dentro y fuera del aula.<\/p>\n\n\n\n<p>Lejos de concebir la exposici\u00f3n como un instrumento al servicio de la representaci\u00f3n etnogr\u00e1fica, aqu\u00ed se replantea como un dispositivo vivo, capaz de generar di\u00e1logo, colaboraci\u00f3n y reflexi\u00f3n compartida, un \u201cterreno de juego\u201d com\u00fan donde estudiantes, docentes y participantes externos co-producen conocimiento y lo difunden m\u00e1s all\u00e1 de las aulas.<\/p>\n\n\n\n<p>Cliquea <a href=\"https:\/\/digibug.ugr.es\/handle\/10481\/111737\" data-type=\"link\" data-id=\"https:\/\/digibug.ugr.es\/handle\/10481\/111737\">aqu\u00ed<\/a> para acceder a los contenidos del libro en el repositorio DIGIBUG de la Universidad de Granada.<\/p>\n\n\n\n<p><\/p>\n\n\n<div class=\"wp-block-image\">\n<figure class=\"aligncenter size-large\"><img loading=\"lazy\" decoding=\"async\" width=\"546\" height=\"700\" src=\"https:\/\/blogs.ugr.es\/antropopuentes\/wp-content\/uploads\/sites\/130\/2026\/03\/exponer-es-aprender-1-546x700.jpg\" alt=\"\" class=\"wp-image-1162\" srcset=\"https:\/\/blogs.ugr.es\/antropopuentes\/wp-content\/uploads\/sites\/130\/2026\/03\/exponer-es-aprender-1-546x700.jpg 546w, https:\/\/blogs.ugr.es\/antropopuentes\/wp-content\/uploads\/sites\/130\/2026\/03\/exponer-es-aprender-1-234x300.jpg 234w, https:\/\/blogs.ugr.es\/antropopuentes\/wp-content\/uploads\/sites\/130\/2026\/03\/exponer-es-aprender-1.jpg 597w\" sizes=\"auto, (max-width: 546px) 100vw, 546px\" \/><\/figure>\n<\/div>","protected":false},"excerpt":{"rendered":"<p>Este libro inaugura una serie de materiales docentes pensados para renovar la ense\u00f1anza de la antropolog\u00eda sociocultural desde una perspectiva cr\u00edtica y comprometida. Fruto del proyecto de innovaci\u00f3n docente Antropopuentes: por una antropolog\u00eda implicada y transformadora (Universidad de Granada, 2024-2025), los materiales docentes aqu\u00ed reunidos exploran el potencial de la exposici\u00f3n de materiales realizados por&hellip; <a href=\"https:\/\/blogs.ugr.es\/antropopuentes\/exponer-es-aprender\/\" class=\"more-link\">Leer m\u00e1s <span class=\"screen-reader-text\">acerca de Exponer es aprender. Ideas para sacar del aula los trabajos del estudiantado de antropolog\u00eda sociocultural<\/span><\/a><\/p>\n","protected":false},"author":614,"featured_media":0,"parent":0,"menu_order":0,"comment_status":"closed","ping_status":"closed","template":"","meta":{"_genesis_hide_title":false,"_genesis_hide_breadcrumbs":false,"_genesis_hide_singular_image":false,"_genesis_hide_footer_widgets":false,"_genesis_custom_body_class":"","_genesis_custom_post_class":"","_genesis_layout":"","footnotes":""},"categories":[],"tags":[],"class_list":{"0":"post-1158","1":"page","2":"type-page","3":"status-publish","5":"entry","6":"has-post-thumbnail"},"_links":{"self":[{"href":"https:\/\/blogs.ugr.es\/antropopuentes\/wp-json\/wp\/v2\/pages\/1158","targetHints":{"allow":["GET"]}}],"collection":[{"href":"https:\/\/blogs.ugr.es\/antropopuentes\/wp-json\/wp\/v2\/pages"}],"about":[{"href":"https:\/\/blogs.ugr.es\/antropopuentes\/wp-json\/wp\/v2\/types\/page"}],"author":[{"embeddable":true,"href":"https:\/\/blogs.ugr.es\/antropopuentes\/wp-json\/wp\/v2\/users\/614"}],"replies":[{"embeddable":true,"href":"https:\/\/blogs.ugr.es\/antropopuentes\/wp-json\/wp\/v2\/comments?post=1158"}],"version-history":[{"count":3,"href":"https:\/\/blogs.ugr.es\/antropopuentes\/wp-json\/wp\/v2\/pages\/1158\/revisions"}],"predecessor-version":[{"id":1173,"href":"https:\/\/blogs.ugr.es\/antropopuentes\/wp-json\/wp\/v2\/pages\/1158\/revisions\/1173"}],"wp:attachment":[{"href":"https:\/\/blogs.ugr.es\/antropopuentes\/wp-json\/wp\/v2\/media?parent=1158"}],"wp:term":[{"taxonomy":"category","embeddable":true,"href":"https:\/\/blogs.ugr.es\/antropopuentes\/wp-json\/wp\/v2\/categories?post=1158"},{"taxonomy":"post_tag","embeddable":true,"href":"https:\/\/blogs.ugr.es\/antropopuentes\/wp-json\/wp\/v2\/tags?post=1158"}],"curies":[{"name":"wp","href":"https:\/\/api.w.org\/{rel}","templated":true}]}}