{"id":997,"date":"2025-07-11T09:22:30","date_gmt":"2025-07-11T07:22:30","guid":{"rendered":"https:\/\/blogs.ugr.es\/antropopuentes\/?page_id=997"},"modified":"2025-07-11T09:22:34","modified_gmt":"2025-07-11T07:22:34","slug":"book-trailers","status":"publish","type":"page","link":"https:\/\/blogs.ugr.es\/antropopuentes\/book-trailers\/","title":{"rendered":"Book Tr\u00e1ilers"},"content":{"rendered":"\n<p class=\"has-text-align-left\">Durante el curso 2024\/25, el estudiantado de 1\u00ba del Grado en Antropolog\u00eda Social y Cultural de la Universidad de Granada han cursado la materia Teor\u00eda e Historia Antropol\u00f3gica. <\/p>\n\n\n\n<p class=\"has-text-align-left\">La propuesta did\u00e1ctica iba m\u00e1s all\u00e1 de la lectura y resumen de monograf\u00edas cl\u00e1sicas, etnograf\u00edas de referencia absoluta en nuestro campo de estudio. Este a\u00f1o nos hemos lanzado a la creaci\u00f3n audiovisual con tintes cinematogr\u00e1ficos. As\u00ed han creado Book Tr\u00e1iler para animar a la lectura de los textos que han trabajado en clase. <\/p>\n\n\n\n<p>Adem\u00e1s de presentarlos en clase, desde el proyecto de innovaci\u00f3n docente se ha generado una red de colaboraci\u00f3n con la Biblioteca de la Facultad de Filosof\u00eda y Letras, espacio en el que se ha realizado una exposici\u00f3n accesible a todo el centro con los QR para ver los videos creados por las\/os estudiantes.<\/p>\n\n\n\n<figure class=\"wp-block-image size-large\"><img decoding=\"async\" src=\"https:\/\/grados.ugr.es\/antropologia\/sites\/grados\/antropologia\/public\/styles\/noticia_interna_2dpr_896_\/public\/imagenes\/noticias\/portada\/2025-05\/Cartel%20%20Vertical%20Peri%C3%B3dico%20Paseo%20Tur%C3%ADstico%20Vintage%20Marr%C3%B3n%20Morado.webp?itok=E7AE4s0-\" \/><\/figure>\n\n\n<h2 class=\"wp-block-post-title\">Book Tr\u00e1ilers<\/h2>\n\n\n<figure class=\"wp-block-embed is-type-video is-provider-youtube wp-block-embed-youtube wp-embed-aspect-16-9 wp-has-aspect-ratio\"><div class=\"wp-block-embed__wrapper\">\n<iframe loading=\"lazy\" title=\"Los argonautas del pac\u00edfico occidental-Bronislaw Malinowski (Book Tr\u00e1iler)\" width=\"500\" height=\"281\" src=\"https:\/\/www.youtube.com\/embed\/ddgXOyFudo4?feature=oembed\" frameborder=\"0\" allow=\"accelerometer; autoplay; clipboard-write; encrypted-media; gyroscope; picture-in-picture; web-share\" referrerpolicy=\"strict-origin-when-cross-origin\" allowfullscreen><\/iframe>\n<\/div><\/figure>\n\n\n\n<figure class=\"wp-block-embed is-type-video is-provider-youtube wp-block-embed-youtube wp-embed-aspect-16-9 wp-has-aspect-ratio\"><div class=\"wp-block-embed__wrapper\">\n<iframe loading=\"lazy\" title=\"Tristes Tr\u00f3picos- Claude Levi Strauss (Book Trailer)\" width=\"500\" height=\"281\" src=\"https:\/\/www.youtube.com\/embed\/NIQJe_QoVn4?start=2&#038;feature=oembed\" frameborder=\"0\" allow=\"accelerometer; autoplay; clipboard-write; encrypted-media; gyroscope; picture-in-picture; web-share\" referrerpolicy=\"strict-origin-when-cross-origin\" allowfullscreen><\/iframe>\n<\/div><\/figure>\n\n\n\n<figure class=\"wp-block-embed is-type-video is-provider-youtube wp-block-embed-youtube wp-embed-aspect-16-9 wp-has-aspect-ratio\"><div class=\"wp-block-embed__wrapper\">\n<iframe loading=\"lazy\" title=\"La Tierra de Remordimiento-Ernesto Di Martino (BookTrailer)\" width=\"500\" height=\"281\" src=\"https:\/\/www.youtube.com\/embed\/qIkjQl1erOk?feature=oembed\" frameborder=\"0\" allow=\"accelerometer; autoplay; clipboard-write; encrypted-media; gyroscope; picture-in-picture; web-share\" referrerpolicy=\"strict-origin-when-cross-origin\" allowfullscreen><\/iframe>\n<\/div><\/figure>\n\n\n\n<figure class=\"wp-block-embed is-type-video is-provider-youtube wp-block-embed-youtube wp-embed-aspect-16-9 wp-has-aspect-ratio\"><div class=\"wp-block-embed__wrapper\">\n<iframe loading=\"lazy\" title=\"Un pueblo de la Sierra- Pitt Rivers (Book Tr\u00e1iler)\" width=\"500\" height=\"281\" src=\"https:\/\/www.youtube.com\/embed\/pcQcEyjwLwA?feature=oembed\" frameborder=\"0\" allow=\"accelerometer; autoplay; clipboard-write; encrypted-media; gyroscope; picture-in-picture; web-share\" referrerpolicy=\"strict-origin-when-cross-origin\" allowfullscreen><\/iframe>\n<\/div><\/figure>\n\n\n\n<figure class=\"wp-block-embed is-type-video is-provider-youtube wp-block-embed-youtube wp-embed-aspect-16-9 wp-has-aspect-ratio\"><div class=\"wp-block-embed__wrapper\">\n<iframe loading=\"lazy\" title=\"Brujer\u00eda, estructura social y simbolismo en Galicia-Carmelo Lis\u00f3n Tolosana (Booktrailer)\" width=\"500\" height=\"281\" src=\"https:\/\/www.youtube.com\/embed\/K_H62OcxVYc?feature=oembed\" frameborder=\"0\" allow=\"accelerometer; autoplay; clipboard-write; encrypted-media; gyroscope; picture-in-picture; web-share\" referrerpolicy=\"strict-origin-when-cross-origin\" allowfullscreen><\/iframe>\n<\/div><\/figure>\n\n\n\n<figure class=\"wp-block-embed is-type-video is-provider-youtube wp-block-embed-youtube wp-embed-aspect-16-9 wp-has-aspect-ratio\"><div class=\"wp-block-embed__wrapper\">\n<iframe loading=\"lazy\" title=\"The Dakota Way of Life- Ella Calla Deloria- (BookTrailer)\" width=\"500\" height=\"281\" src=\"https:\/\/www.youtube.com\/embed\/f8nT58Aa3OU?start=5&#038;feature=oembed\" frameborder=\"0\" allow=\"accelerometer; autoplay; clipboard-write; encrypted-media; gyroscope; picture-in-picture; web-share\" referrerpolicy=\"strict-origin-when-cross-origin\" allowfullscreen><\/iframe>\n<\/div><\/figure>\n\n\n\n<figure class=\"wp-block-embed is-type-video is-provider-youtube wp-block-embed-youtube wp-embed-aspect-16-9 wp-has-aspect-ratio\"><div class=\"wp-block-embed__wrapper\">\n<iframe loading=\"lazy\" title=\"Vecinos Gitanos-Teresa San Rom\u00e1n (Book Tr\u00e1iler)\" width=\"500\" height=\"281\" src=\"https:\/\/www.youtube.com\/embed\/orOlsYZo6jY?feature=oembed\" frameborder=\"0\" allow=\"accelerometer; autoplay; clipboard-write; encrypted-media; gyroscope; picture-in-picture; web-share\" referrerpolicy=\"strict-origin-when-cross-origin\" allowfullscreen><\/iframe>\n<\/div><\/figure>\n\n\n\n<figure class=\"wp-block-embed is-type-video is-provider-youtube wp-block-embed-youtube wp-embed-aspect-4-3 wp-has-aspect-ratio\"><div class=\"wp-block-embed__wrapper\">\n<iframe loading=\"lazy\" title=\"Adolescencia, sexo y cultura en Samoa-Margaret Mead (Book Tr\u00e1iler)\" width=\"500\" height=\"375\" src=\"https:\/\/www.youtube.com\/embed\/0V7mUj3FM-I?feature=oembed\" frameborder=\"0\" allow=\"accelerometer; autoplay; clipboard-write; encrypted-media; gyroscope; picture-in-picture; web-share\" referrerpolicy=\"strict-origin-when-cross-origin\" allowfullscreen><\/iframe>\n<\/div><\/figure>\n","protected":false},"excerpt":{"rendered":"<p>Durante el curso 2024\/25, el estudiantado de 1\u00ba del Grado en Antropolog\u00eda Social y Cultural de la Universidad de Granada han cursado la materia Teor\u00eda e Historia Antropol\u00f3gica. La propuesta did\u00e1ctica iba m\u00e1s all\u00e1 de la lectura y resumen de monograf\u00edas cl\u00e1sicas, etnograf\u00edas de referencia absoluta en nuestro campo de estudio. Este a\u00f1o nos hemos&hellip; <a href=\"https:\/\/blogs.ugr.es\/antropopuentes\/book-trailers\/\" class=\"more-link\">Leer m\u00e1s <span class=\"screen-reader-text\">acerca de Book Tr\u00e1ilers<\/span><\/a><\/p>\n","protected":false},"author":614,"featured_media":0,"parent":0,"menu_order":0,"comment_status":"closed","ping_status":"closed","template":"","meta":{"_genesis_hide_title":false,"_genesis_hide_breadcrumbs":false,"_genesis_hide_singular_image":false,"_genesis_hide_footer_widgets":false,"_genesis_custom_body_class":"","_genesis_custom_post_class":"","_genesis_layout":"","footnotes":""},"categories":[],"tags":[],"class_list":{"0":"post-997","1":"page","2":"type-page","3":"status-publish","5":"entry"},"_links":{"self":[{"href":"https:\/\/blogs.ugr.es\/antropopuentes\/wp-json\/wp\/v2\/pages\/997","targetHints":{"allow":["GET"]}}],"collection":[{"href":"https:\/\/blogs.ugr.es\/antropopuentes\/wp-json\/wp\/v2\/pages"}],"about":[{"href":"https:\/\/blogs.ugr.es\/antropopuentes\/wp-json\/wp\/v2\/types\/page"}],"author":[{"embeddable":true,"href":"https:\/\/blogs.ugr.es\/antropopuentes\/wp-json\/wp\/v2\/users\/614"}],"replies":[{"embeddable":true,"href":"https:\/\/blogs.ugr.es\/antropopuentes\/wp-json\/wp\/v2\/comments?post=997"}],"version-history":[{"count":1,"href":"https:\/\/blogs.ugr.es\/antropopuentes\/wp-json\/wp\/v2\/pages\/997\/revisions"}],"predecessor-version":[{"id":998,"href":"https:\/\/blogs.ugr.es\/antropopuentes\/wp-json\/wp\/v2\/pages\/997\/revisions\/998"}],"wp:attachment":[{"href":"https:\/\/blogs.ugr.es\/antropopuentes\/wp-json\/wp\/v2\/media?parent=997"}],"wp:term":[{"taxonomy":"category","embeddable":true,"href":"https:\/\/blogs.ugr.es\/antropopuentes\/wp-json\/wp\/v2\/categories?post=997"},{"taxonomy":"post_tag","embeddable":true,"href":"https:\/\/blogs.ugr.es\/antropopuentes\/wp-json\/wp\/v2\/tags?post=997"}],"curies":[{"name":"wp","href":"https:\/\/api.w.org\/{rel}","templated":true}]}}