{"id":204,"date":"2021-04-26T14:08:08","date_gmt":"2021-04-26T12:08:08","guid":{"rendered":"https:\/\/blogs.ugr.es\/aquaticslab\/?page_id=204"},"modified":"2021-05-12T18:49:14","modified_gmt":"2021-05-12T16:49:14","slug":"equipo-de-investigacion","status":"publish","type":"page","link":"https:\/\/blogs.ugr.es\/aquaticslab\/equipo-de-investigacion\/","title":{"rendered":"Equipo de Investigaci\u00f3n"},"content":{"rendered":"<table>\n<tbody>\n<tr>\n<td><img loading=\"lazy\" decoding=\"async\" class=\"alignnone size-full wp-image-279\" src=\"https:\/\/blogs.ugr.es\/aquaticslab\/wp-content\/uploads\/sites\/18\/2021\/05\/Raul-arellano.png\" alt=\"\" width=\"200\" height=\"300\" \/><\/td>\n<td><img loading=\"lazy\" decoding=\"async\" class=\"alignnone size-medium wp-image-267\" src=\"https:\/\/blogs.ugr.es\/aquaticslab\/wp-content\/uploads\/sites\/18\/2021\/05\/Gracia-Lopez-Contreras-225x300.jpg\" alt=\"\" width=\"200\" height=\"300\" \/><\/td>\n<td><img loading=\"lazy\" decoding=\"async\" class=\"alignnone size-medium wp-image-265\" src=\"https:\/\/blogs.ugr.es\/aquaticslab\/wp-content\/uploads\/sites\/18\/2021\/05\/Esther-Morales-Ortiz--268x300.jpg\" alt=\"\" width=\"200\" height=\"300\" \/><\/td>\n<\/tr>\n<tr>\n<td><strong>RA\u00daL ARELLANO COLOMINA<\/strong><\/td>\n<td><b>GRACIA L\u00d3PEZ-CONTRERAS<\/b><\/td>\n<td><b>ESTHER MORALES ORT\u00cdZ<\/b><\/td>\n<\/tr>\n<tr>\n<td>Catedr\u00e1tico de Universidad e investigador en Ciencias del Deporte<br \/>\nBiomec\u00e1nico y Analista de Competici\u00f3n del Equipo Nacional de Nataci\u00f3n<br \/>\nAlto Rendimiento Deportivo<br \/>\nTwitter: <a href=\"http:\/\/twitter.com\/R_Arellano_C\">@R_Arellano_C<\/a><br \/>\nEmail: r.arellano(@)ugr.es<br \/>\n<a href=\"https:\/\/scholar.google.es\/citations?user=WXhzE5MAAAAJ&amp;hl=es\">Google Scholar<\/a><\/td>\n<td>Profesora Titular de Universidad e investigadora en Ciencias del Deporte<br \/>\nDoctora en Educaci\u00f3n F\u00edsica<br \/>\nDiplomada en Fisioterapia<br \/>\nEspecialista en Actividades Acu\u00e1ticas<br \/>\nEmail: gracia(@)ugr.es<br \/>\n<a href=\"https:\/\/scholar.google.es\/citations?user=RzgW72YAAAAJ&amp;hl=es\">Google Scholar<\/a><\/td>\n<td>Profesora Titular de Universidad e investigadora en Ciencias del Deporte<br \/>\nDoctora en Educaci\u00f3n F\u00edsica y Diplomada en Magisterio de Educaci\u00f3n F\u00edsica<br \/>\nEspecialista en Actividades Acu\u00e1ticas<br \/>\nTwitter: <a href=\"http:\/\/twitter.com\/esthermo_\">@esthermo_<\/a><br \/>\nEmail: esthermo(@)ugr.es<br \/>\n<a href=\"https:\/\/scholar.google.es\/citations?user=5MuuTU0AAAAJ&amp;hl=es\">Google Scholar<\/a><\/td>\n<\/tr>\n<tr>\n<td><img loading=\"lazy\" decoding=\"async\" class=\"alignnone size-medium wp-image-266\" src=\"https:\/\/blogs.ugr.es\/aquaticslab\/wp-content\/uploads\/sites\/18\/2021\/05\/Francisco-Cuenca-Fernandez--297x300.jpg\" alt=\"\" width=\"297\" height=\"300\" srcset=\"https:\/\/blogs.ugr.es\/aquaticslab\/wp-content\/uploads\/sites\/18\/2021\/05\/Francisco-Cuenca-Fernandez--297x300.jpg 297w, https:\/\/blogs.ugr.es\/aquaticslab\/wp-content\/uploads\/sites\/18\/2021\/05\/Francisco-Cuenca-Fernandez-.jpg 554w\" sizes=\"auto, (max-width: 297px) 100vw, 297px\" \/><\/td>\n<td><img loading=\"lazy\" decoding=\"async\" class=\"alignnone size-medium wp-image-263\" src=\"https:\/\/blogs.ugr.es\/aquaticslab\/wp-content\/uploads\/sites\/18\/2021\/05\/Ana-Gay-Parraga-225x300.jpeg\" alt=\"\" width=\"225\" height=\"300\" srcset=\"https:\/\/blogs.ugr.es\/aquaticslab\/wp-content\/uploads\/sites\/18\/2021\/05\/Ana-Gay-Parraga-225x300.jpeg 225w, https:\/\/blogs.ugr.es\/aquaticslab\/wp-content\/uploads\/sites\/18\/2021\/05\/Ana-Gay-Parraga.jpeg 600w\" sizes=\"auto, (max-width: 225px) 100vw, 225px\" \/><\/td>\n<td><img loading=\"lazy\" decoding=\"async\" class=\"alignnone size-medium wp-image-268\" src=\"https:\/\/blogs.ugr.es\/aquaticslab\/wp-content\/uploads\/sites\/18\/2021\/05\/Jesus-Juan-Ruiz-Navarro-212x300.jpg\" alt=\"\" width=\"212\" height=\"300\" srcset=\"https:\/\/blogs.ugr.es\/aquaticslab\/wp-content\/uploads\/sites\/18\/2021\/05\/Jesus-Juan-Ruiz-Navarro-212x300.jpg 212w, https:\/\/blogs.ugr.es\/aquaticslab\/wp-content\/uploads\/sites\/18\/2021\/05\/Jesus-Juan-Ruiz-Navarro.jpg 508w\" sizes=\"auto, (max-width: 212px) 100vw, 212px\" \/><\/td>\n<\/tr>\n<tr>\n<td><b>FRANCISCO CUENCA-FERN\u00c1NDEZ<\/b><\/td>\n<td><b>ANA GAY P\u00c1RRAGA<\/b><\/td>\n<td><b>JES\u00daS JUAN RUIZ-NAVARRO<\/b><\/td>\n<\/tr>\n<tr>\n<td>Doctor en Ciencias del Deporte<br \/>\nM\u00e1ster en Investigaci\u00f3n en Ciencias de la Actividad F\u00edsica y Deporte<br \/>\nAnalista de rendimiento deportivo<br \/>\nEntrenador de fuerza y acondicionamiento f\u00edsico de nataci\u00f3n.<br \/>\nTwitter: <a href=\"http:\/\/twitter.com\/Cuenca_Fernandz\">@Cuenca_Fernandz<\/a><br \/>\nEmail: cuenca(@)ugr.es<br \/>\n<a href=\"https:\/\/scholar.google.es\/citations?user=MzxmGyoAAAAJ&amp;hl=es&amp;oi=ao\">Google Scholar<\/a><\/td>\n<td>Estudiante de Doctorado en Ciencias del Deporte<br \/>\nM\u00e1ster en Investigaci\u00f3n en Ciencias de la Actividad F\u00edsica y Deporte<br \/>\nAnalista de rendimiento deportivo<br \/>\nEntrenadora de Nataci\u00f3n y Triatl\u00f3n<br \/>\nTwitter: <a href=\"http:\/\/twitter.com\/AnaGayP\">@AnaGayP<\/a><br \/>\nEmail: anagay(@)ugr.es<br \/>\nInstagram: <a href=\"http:\/\/instagram.com\/ana_gayp\">@ana_gayp<\/a><br \/>\n<a href=\"https:\/\/scholar.google.es\/citations?user=7Us6XEkAAAAJ&amp;hl=es\">Google Scholar<\/a><\/td>\n<td>Estudiante de Doctorado en Ciencias del Deporte<br \/>\nM\u00e1ster en investigaci\u00f3n en Actividad F\u00edsica y el Deporte<br \/>\nEntrenador Superior de Nataci\u00f3n<br \/>\nTwitter: <a href=\"http:\/\/twitter.com\/Ruiz_NavarroPhD\">@Ruiz_NavarroPhD<\/a><br \/>\nEmail: jesusruiz(@)ugr.es<br \/>\n<a href=\"https:\/\/scholar.google.es\/citations?user=G6OCAx4AAAAJ&amp;hl=es\">Google Scholar<\/a><\/td>\n<\/tr>\n<tr>\n<td><img loading=\"lazy\" decoding=\"async\" class=\"alignnone size-medium wp-image-269\" src=\"https:\/\/blogs.ugr.es\/aquaticslab\/wp-content\/uploads\/sites\/18\/2021\/05\/Oscar-Lopez-Belmonte--224x300.jpg\" alt=\"\" width=\"224\" height=\"300\" srcset=\"https:\/\/blogs.ugr.es\/aquaticslab\/wp-content\/uploads\/sites\/18\/2021\/05\/Oscar-Lopez-Belmonte--224x300.jpg 224w, https:\/\/blogs.ugr.es\/aquaticslab\/wp-content\/uploads\/sites\/18\/2021\/05\/Oscar-Lopez-Belmonte-.jpg 596w\" sizes=\"auto, (max-width: 224px) 100vw, 224px\" \/><\/td>\n<td><img loading=\"lazy\" decoding=\"async\" class=\"alignnone size-medium wp-image-264\" src=\"https:\/\/blogs.ugr.es\/aquaticslab\/wp-content\/uploads\/sites\/18\/2021\/05\/Angela-Gonzalez-Ponce--291x300.jpg\" alt=\"\" width=\"291\" height=\"300\" srcset=\"https:\/\/blogs.ugr.es\/aquaticslab\/wp-content\/uploads\/sites\/18\/2021\/05\/Angela-Gonzalez-Ponce--291x300.jpg 291w, https:\/\/blogs.ugr.es\/aquaticslab\/wp-content\/uploads\/sites\/18\/2021\/05\/Angela-Gonzalez-Ponce--768x791.jpg 768w, https:\/\/blogs.ugr.es\/aquaticslab\/wp-content\/uploads\/sites\/18\/2021\/05\/Angela-Gonzalez-Ponce-.jpg 777w\" sizes=\"auto, (max-width: 291px) 100vw, 291px\" \/><\/td>\n<td><img loading=\"lazy\" decoding=\"async\" class=\"alignnone size-medium wp-image-330\" src=\"https:\/\/blogs.ugr.es\/aquaticslab\/wp-content\/uploads\/sites\/18\/2021\/05\/Captura-de-pantalla-2021-03-10-a-las-12.20.03-min-300x249.jpg\" alt=\"\" width=\"300\" height=\"249\" \/><\/td>\n<\/tr>\n<tr>\n<td><b>\u00d3SCAR L\u00d3PEZ BELMONTE<\/b><\/td>\n<td><b>\u00c1NGELA GONZ\u00c1LEZ PONCE<\/b><\/td>\n<td>N\u00c9STOR ARELLANO PARDILLO<\/td>\n<\/tr>\n<tr>\n<td>Estudiante de Doctorado en Ciencias del Deporte<br \/>\nM\u00e1ster en Investigaci\u00f3n en Actividad F\u00edsica y Deporte<br \/>\nEntrenador Nacional de Triatl\u00f3n<br \/>\nTwitter: <a href=\"http:\/\/twitter.com\/Oscarlobel95\">@Oscarlobel95<\/a><br \/>\nEmail: oscarlobel(@)ugr.es<br \/>\n<a href=\"https:\/\/scholar.google.es\/citations?user=EuYZUTIAAAAJ&amp;hl=es&amp;oi=ao\">Google Scholar<\/a><\/td>\n<td>M\u00e1ster en Ingenier\u00eda de Telecomunicaci\u00f3n<br \/>\nEspecialista en Ciencia de Datos aplicada a las Ciencias del Deporte<br \/>\nEmail: angelaglezp(@)ugr.es<br \/>\n<a href=\"https:\/\/github.com\/angelagonzalezp\">Github<\/a><\/td>\n<td>Grado en Iluminaci\u00f3n, Captaci\u00f3n y Tratamiento de la Imagen<br \/>\nEspecialista en grabaci\u00f3n y edici\u00f3n de v\u00eddeo aplicado a las Ciencias del Deporte<br \/>\nAdministrador del blog de Aquatics Lab<br \/>\nnestorarepar(@)ugr.es<\/td>\n<\/tr>\n<\/tbody>\n<\/table>\n","protected":false},"excerpt":{"rendered":"<p>RA\u00daL ARELLANO COLOMINA GRACIA L\u00d3PEZ-CONTRERAS ESTHER MORALES ORT\u00cdZ Catedr\u00e1tico de Universidad e investigador en Ciencias del Deporte Biomec\u00e1nico y Analista de Competici\u00f3n del Equipo Nacional de Nataci\u00f3n Alto Rendimiento Deportivo Twitter: @R_Arellano_C Email: r.arellano(@)ugr.es Google Scholar Profesora Titular de Universidad e investigadora en Ciencias del Deporte Doctora en Educaci\u00f3n F\u00edsica Diplomada en Fisioterapia Especialista en&hellip; <a href=\"https:\/\/blogs.ugr.es\/aquaticslab\/equipo-de-investigacion\/\" class=\"more-link\">Leer m\u00e1s <span class=\"screen-reader-text\">acerca de Equipo de Investigaci\u00f3n<\/span><\/a><\/p>\n","protected":false},"author":22,"featured_media":0,"parent":0,"menu_order":0,"comment_status":"closed","ping_status":"closed","template":"","meta":{"_genesis_hide_title":false,"_genesis_hide_breadcrumbs":false,"_genesis_hide_singular_image":false,"_genesis_hide_footer_widgets":false,"_genesis_custom_body_class":"","_genesis_custom_post_class":"","_genesis_layout":"full-width-content","footnotes":""},"categories":[10],"tags":[],"class_list":{"0":"post-204","1":"page","2":"type-page","3":"status-publish","5":"category-ciencias-del-deporte","6":"entry","7":"has-post-thumbnail"},"_links":{"self":[{"href":"https:\/\/blogs.ugr.es\/aquaticslab\/wp-json\/wp\/v2\/pages\/204","targetHints":{"allow":["GET"]}}],"collection":[{"href":"https:\/\/blogs.ugr.es\/aquaticslab\/wp-json\/wp\/v2\/pages"}],"about":[{"href":"https:\/\/blogs.ugr.es\/aquaticslab\/wp-json\/wp\/v2\/types\/page"}],"author":[{"embeddable":true,"href":"https:\/\/blogs.ugr.es\/aquaticslab\/wp-json\/wp\/v2\/users\/22"}],"replies":[{"embeddable":true,"href":"https:\/\/blogs.ugr.es\/aquaticslab\/wp-json\/wp\/v2\/comments?post=204"}],"version-history":[{"count":3,"href":"https:\/\/blogs.ugr.es\/aquaticslab\/wp-json\/wp\/v2\/pages\/204\/revisions"}],"predecessor-version":[{"id":332,"href":"https:\/\/blogs.ugr.es\/aquaticslab\/wp-json\/wp\/v2\/pages\/204\/revisions\/332"}],"wp:attachment":[{"href":"https:\/\/blogs.ugr.es\/aquaticslab\/wp-json\/wp\/v2\/media?parent=204"}],"wp:term":[{"taxonomy":"category","embeddable":true,"href":"https:\/\/blogs.ugr.es\/aquaticslab\/wp-json\/wp\/v2\/categories?post=204"},{"taxonomy":"post_tag","embeddable":true,"href":"https:\/\/blogs.ugr.es\/aquaticslab\/wp-json\/wp\/v2\/tags?post=204"}],"curies":[{"name":"wp","href":"https:\/\/api.w.org\/{rel}","templated":true}]}}