{"id":360,"date":"2019-06-14T22:04:12","date_gmt":"2019-06-14T22:04:12","guid":{"rendered":"https:\/\/auvispsico.wordpress.com\/?page_id=360"},"modified":"2022-03-04T21:20:20","modified_gmt":"2022-03-04T20:20:20","slug":"enlaces-ugr","status":"publish","type":"page","link":"https:\/\/blogs.ugr.es\/auvispsico\/enlaces-ugr\/","title":{"rendered":"Enlaces UGR"},"content":{"rendered":"\r\n<ul class=\"wp-block-list\">\r\n<li><a href=\"http:\/\/www.ugr.es\" target=\"_blank\" rel=\"noreferrer noopener\">P\u00e1gina Principal UGR<\/a><\/li>\r\n<li><a href=\"https:\/\/cic.ugr.es\/\" target=\"_blank\" rel=\"noopener\">Centro de Instrumentaci\u00f3n Cient\u00edfica<\/a><\/li>\r\n<li><a href=\"https:\/\/webmail.ugr.es\/\" target=\"_blank\" rel=\"noreferrer noopener\" aria-label=\"Webmail UGR (abre en una nueva pesta\u00f1a)\">Webmail UGR<\/a><\/li>\r\n<li><a href=\"http:\/\/directorio.ugr.es\" target=\"_blank\" rel=\"noreferrer noopener\">Directorio UGR<\/a><\/li>\r\n<li><a href=\"https:\/\/blogs.ugr.es\/juandiego\/\" target=\"_blank\" rel=\"noopener\">Blog Personal Juan Diego<\/a><\/li>\r\n<\/ul>\r\n<p>&nbsp;<\/p>\r\n<p>&nbsp;<\/p>\r\n\r\n\r\n","protected":false},"excerpt":{"rendered":"<p>P\u00e1gina Principal UGR Centro de Instrumentaci\u00f3n Cient\u00edfica Webmail UGR Directorio UGR Blog Personal Juan Diego &nbsp; &nbsp;<\/p>\n","protected":false},"author":552,"featured_media":0,"parent":0,"menu_order":0,"comment_status":"closed","ping_status":"closed","template":"","meta":{"_genesis_hide_title":false,"_genesis_hide_breadcrumbs":false,"_genesis_hide_singular_image":false,"_genesis_hide_footer_widgets":false,"_genesis_custom_body_class":"","_genesis_custom_post_class":"","_genesis_layout":"","footnotes":""},"categories":[],"tags":[],"class_list":{"0":"post-360","1":"page","2":"type-page","3":"status-publish","5":"entry"},"_links":{"self":[{"href":"https:\/\/blogs.ugr.es\/auvispsico\/wp-json\/wp\/v2\/pages\/360","targetHints":{"allow":["GET"]}}],"collection":[{"href":"https:\/\/blogs.ugr.es\/auvispsico\/wp-json\/wp\/v2\/pages"}],"about":[{"href":"https:\/\/blogs.ugr.es\/auvispsico\/wp-json\/wp\/v2\/types\/page"}],"author":[{"embeddable":true,"href":"https:\/\/blogs.ugr.es\/auvispsico\/wp-json\/wp\/v2\/users\/552"}],"replies":[{"embeddable":true,"href":"https:\/\/blogs.ugr.es\/auvispsico\/wp-json\/wp\/v2\/comments?post=360"}],"version-history":[{"count":3,"href":"https:\/\/blogs.ugr.es\/auvispsico\/wp-json\/wp\/v2\/pages\/360\/revisions"}],"predecessor-version":[{"id":1089,"href":"https:\/\/blogs.ugr.es\/auvispsico\/wp-json\/wp\/v2\/pages\/360\/revisions\/1089"}],"wp:attachment":[{"href":"https:\/\/blogs.ugr.es\/auvispsico\/wp-json\/wp\/v2\/media?parent=360"}],"wp:term":[{"taxonomy":"category","embeddable":true,"href":"https:\/\/blogs.ugr.es\/auvispsico\/wp-json\/wp\/v2\/categories?post=360"},{"taxonomy":"post_tag","embeddable":true,"href":"https:\/\/blogs.ugr.es\/auvispsico\/wp-json\/wp\/v2\/tags?post=360"}],"curies":[{"name":"wp","href":"https:\/\/api.w.org\/{rel}","templated":true}]}}