{"id":230,"date":"2025-05-09T19:45:17","date_gmt":"2025-05-09T17:45:17","guid":{"rendered":"https:\/\/blogs.ugr.es\/cbgarcia\/?page_id=230"},"modified":"2025-06-04T12:37:25","modified_gmt":"2025-06-04T10:37:25","slug":"docencia","status":"publish","type":"page","link":"https:\/\/blogs.ugr.es\/cbgarcia\/docencia\/","title":{"rendered":"Teaching"},"content":{"rendered":"<p><strong>Curso 2024\/2025<\/strong><\/p>\n<p><a href=\"https:\/\/www.ugr.es\/estudiantes\/grados\/grado-administracion-direccion-empresas-derecho\/econometria\">Econometr\u00eda ADE-DERECHO<\/a>. Facultad de Ciencias Econ\u00f3micas y Empresariales. Universidad de Granada.<\/p>\n<p><a href=\"https:\/\/grados.ugr.es\/informatica-ade\/docencia\/plan-estudios\/econometria\">Econometr\u00eda ADE-INGENIERIA.<\/a> Facultad de Ciencias Econ\u00f3micas y Empresariales. Universidad de Granada.<\/p>\n<p><a href=\"https:\/\/masteres.ugr.es\/tecnicas-cuantitativas-empresas\/docencia\/plan-estudios\/guia-docente\/MA4\/56\/2\/3\">T\u00e9cnicas Econom\u00e9tricas. M\u00e1ster de T\u00e9cnicas Cuantitativas para la Econom\u00eda y la Empresa.<\/a> Facultad de Ciencias Econ\u00f3micas y Empresariales. Universidad de Granada.<\/p>\n<p><a href=\"https:\/\/fccee.ugr.es\/docencia\/posgrados\/master-universitario-auditoria-0\/guia-docente\/M99\/56\/5\/14\">Materias Econ\u00f3micas (Estad\u00edstica). M\u00e1ster de Auditoria de Cuentas.<\/a> Facultad de Ciencias Econ\u00f3micas y Empresariales. Universidad de Granada.<\/p>\n<p><a href=\"https:\/\/masteres.ugr.es\/sites\/master\/default\/public\/guias-firmadas\/2024\/M37-56-1-17.pdf\">Matem\u00e1ticas Aplicadas a Ciencia y Empresa (MACE). M\u00e1ster Universitario en Matem\u00e1ticas. <\/a>Escuela Internacional de Posgrado<\/p>\n","protected":false},"excerpt":{"rendered":"<p>Curso 2024\/2025 Econometr\u00eda ADE-DERECHO. Facultad de Ciencias Econ\u00f3micas y Empresariales. Universidad de Granada. Econometr\u00eda ADE-INGENIERIA. Facultad de Ciencias Econ\u00f3micas y Empresariales. Universidad de Granada. T\u00e9cnicas Econom\u00e9tricas. M\u00e1ster de T\u00e9cnicas Cuantitativas para la Econom\u00eda y la Empresa. Facultad de Ciencias Econ\u00f3micas y Empresariales. Universidad de Granada. Materias Econ\u00f3micas (Estad\u00edstica). M\u00e1ster de Auditoria de Cuentas. Facultad de [&hellip;]<\/p>\n","protected":false},"author":680,"featured_media":0,"parent":0,"menu_order":0,"comment_status":"closed","ping_status":"closed","template":"","meta":{"_genesis_hide_title":false,"_genesis_hide_breadcrumbs":false,"_genesis_hide_singular_image":false,"_genesis_hide_footer_widgets":false,"_genesis_custom_body_class":"","_genesis_custom_post_class":"","_genesis_layout":"","footnotes":""},"categories":[],"tags":[],"class_list":{"0":"post-230","1":"page","2":"type-page","3":"status-publish","5":"entry"},"_links":{"self":[{"href":"https:\/\/blogs.ugr.es\/cbgarcia\/wp-json\/wp\/v2\/pages\/230","targetHints":{"allow":["GET"]}}],"collection":[{"href":"https:\/\/blogs.ugr.es\/cbgarcia\/wp-json\/wp\/v2\/pages"}],"about":[{"href":"https:\/\/blogs.ugr.es\/cbgarcia\/wp-json\/wp\/v2\/types\/page"}],"author":[{"embeddable":true,"href":"https:\/\/blogs.ugr.es\/cbgarcia\/wp-json\/wp\/v2\/users\/680"}],"replies":[{"embeddable":true,"href":"https:\/\/blogs.ugr.es\/cbgarcia\/wp-json\/wp\/v2\/comments?post=230"}],"version-history":[{"count":4,"href":"https:\/\/blogs.ugr.es\/cbgarcia\/wp-json\/wp\/v2\/pages\/230\/revisions"}],"predecessor-version":[{"id":268,"href":"https:\/\/blogs.ugr.es\/cbgarcia\/wp-json\/wp\/v2\/pages\/230\/revisions\/268"}],"wp:attachment":[{"href":"https:\/\/blogs.ugr.es\/cbgarcia\/wp-json\/wp\/v2\/media?parent=230"}],"wp:term":[{"taxonomy":"category","embeddable":true,"href":"https:\/\/blogs.ugr.es\/cbgarcia\/wp-json\/wp\/v2\/categories?post=230"},{"taxonomy":"post_tag","embeddable":true,"href":"https:\/\/blogs.ugr.es\/cbgarcia\/wp-json\/wp\/v2\/tags?post=230"}],"curies":[{"name":"wp","href":"https:\/\/api.w.org\/{rel}","templated":true}]}}