{"id":119,"date":"2018-01-22T09:22:43","date_gmt":"2018-01-22T08:22:43","guid":{"rendered":"https:\/\/blogs.ugr.es\/cicode-experiencias\/?page_id=119"},"modified":"2025-10-29T11:47:32","modified_gmt":"2025-10-29T10:47:32","slug":"inicio","status":"publish","type":"page","link":"https:\/\/blogs.ugr.es\/cicode-experiencias\/","title":{"rendered":"Inicio"},"content":{"rendered":"\n<p>&nbsp;<\/p>\n\n\n\n<p class=\"font_8 wixui-rich-text__text wp-elements-200e9b36403351bcb1095337e120e43c\"><span><span class=\"\">El Centro de Iniciativas de Cooperaci\u00f3n al Desarrollo (CICODE) es un organismo dependiente de la Universidad de Granada que nace en 2001 con la finalidad de dise\u00f1ar, coordinar e implementar acciones de sensibilizaci\u00f3n, formaci\u00f3n, investigaci\u00f3n y de movilizaci\u00f3n e incidencia desde, con y para la comunidad universitaria que contribuyan a la generaci\u00f3n de una ciudadan\u00eda cr\u00edtica y solidaria, comprometida con la reducci\u00f3n de las desigualdades, con la defensa de los Derechos Humanos y con la creaci\u00f3n de un mundo equitativo y justo, que sea capaz de dar respuestas eficientes a los desaf\u00edos y retos globales.&nbsp;<\/span><\/span><\/p>\n\n\n\n<p class=\"font_8 wixui-rich-text__text\"><span><span class=\"wixui-rich-text__text\">\u200bEntre los diferentes programas que desde el CICODE se organizan est\u00e1: el Programa de ayudas de voluntariado internacional, el Programa de Aprendizaje-Servicio en Cooperaci\u00f3n Internacional, el Programa de ayudas para el desplazamiento para la realizaci\u00f3n de actividades conducentes a la elaboraci\u00f3n del pr\u00e1cticum, del Trabajo Fin de Grado (TFG) o del Trabajo Fin de M\u00e1ster (TFM) en el \u00e1mbito de la cooperaci\u00f3n internacional para el desarrollo y el Programa de estancias formativas en terreno para estudiantes del M\u00e1ster en Cooperaci\u00f3n, Gesti\u00f3n P\u00fablica y de las ONGDs de la UGR. A trav\u00e9s de estos programas, la comunidad universitaria tiene la oportunidad de participar en proyectos de cooperaci\u00f3n internacional al desarrollo que se est\u00e1n desarrollando en pa\u00edses del Sur, principalmente de Latinoam\u00e9rica y \u00c1frica. \u200b<\/span><\/span><\/p>\n\n\n\n<p class=\"font_8 wixui-rich-text__text\"><span><span class=\"wixui-rich-text__text\">&nbsp;Los objetivos que comparten estos programas, cuya duraci\u00f3n oscila entre 1 y 3 meses, es que las personas que participan en los proyectos tengan la oportunidad:<\/span><\/span><\/p>\n\n\n\n<ul class=\"wp-block-list font_8 wixui-rich-text__text\">\n<li><p class=\"font_8 wixui-rich-text__text\"><span><span class=\"wixui-rich-text__text\">de conocer otras realidades;<\/span><\/span><\/p><\/li>\n\n\n\n<li><p class=\"font_8 wixui-rich-text__text\"><span><span class=\"wixui-rich-text__text\">de entender las interrelaciones sociales, pol\u00edticas, econ\u00f3micas y medioambientales a nivel global y local;<\/span><\/span><\/p><\/li>\n\n\n\n<li><p class=\"font_8 wixui-rich-text__text\"><span><span class=\"wixui-rich-text__text\">de conocer las causas y consecuencias de las desigualdades existentes;<\/span><\/span><\/p><\/li>\n\n\n\n<li><p class=\"font_8 wixui-rich-text__text\"><span><span class=\"wixui-rich-text__text\">de realizar un intercambio cultural que permita el reconocimiento y entendimiento m\u00fatuo y<\/span><\/span><\/p><\/li>\n\n\n\n<li><p class=\"font_8 wixui-rich-text__text\"><span><span class=\"wixui-rich-text__text\">de convertirse en agentes de transformaci\u00f3n social, tanto en el lugar donde se hace el voluntariado como en el lugar de origen.<\/span><\/span><\/p><\/li>\n<\/ul>\n\n\n\n<p class=\"font_8 wixui-rich-text__text\"><span style=\"color: #0000ff\"><span class=\"wixui-rich-text__text\">\u200b<\/span><\/span><\/p>\n\n\n\n<p class=\"font_8 wixui-rich-text__text\"><span><span class=\"wixui-rich-text__text\"><strong>Este blog est\u00e1 orientado a que las personas que participan estos programas cuenten en primera persona sus experiencias al participar en los proyectos de cooperaci\u00f3n internacional al desarrollo.<\/strong><br><br><\/span><\/span><strong><span><span class=\"wixui-rich-text__text\">La Universidad de Granada no se hace responsable de los contenidos, juicios y opiniones, recayendo la responsabilidad que de los mismos se pudiera derivar sobre sus autoras\/es.<\/span><\/span><\/strong><\/p>\n","protected":false},"excerpt":{"rendered":"<p>&nbsp; El Centro de Iniciativas de Cooperaci\u00f3n al Desarrollo (CICODE) es un organismo dependiente de la Universidad de Granada que nace en 2001 con la finalidad de dise\u00f1ar, coordinar e implementar acciones de sensibilizaci\u00f3n, formaci\u00f3n, investigaci\u00f3n y de movilizaci\u00f3n e incidencia desde, con y para la comunidad universitaria que contribuyan a la generaci\u00f3n de una [&hellip;]<\/p>\n","protected":false},"author":2,"featured_media":0,"parent":0,"menu_order":0,"comment_status":"closed","ping_status":"closed","template":"","meta":{"_genesis_hide_title":false,"_genesis_hide_breadcrumbs":false,"_genesis_hide_singular_image":false,"_genesis_hide_footer_widgets":false,"_genesis_custom_body_class":"","_genesis_custom_post_class":"","_genesis_layout":"","footnotes":""},"categories":[],"tags":[],"class_list":{"0":"post-119","1":"page","2":"type-page","3":"status-publish","5":"entry"},"_links":{"self":[{"href":"https:\/\/blogs.ugr.es\/cicode-experiencias\/wp-json\/wp\/v2\/pages\/119","targetHints":{"allow":["GET"]}}],"collection":[{"href":"https:\/\/blogs.ugr.es\/cicode-experiencias\/wp-json\/wp\/v2\/pages"}],"about":[{"href":"https:\/\/blogs.ugr.es\/cicode-experiencias\/wp-json\/wp\/v2\/types\/page"}],"author":[{"embeddable":true,"href":"https:\/\/blogs.ugr.es\/cicode-experiencias\/wp-json\/wp\/v2\/users\/2"}],"replies":[{"embeddable":true,"href":"https:\/\/blogs.ugr.es\/cicode-experiencias\/wp-json\/wp\/v2\/comments?post=119"}],"version-history":[{"count":3,"href":"https:\/\/blogs.ugr.es\/cicode-experiencias\/wp-json\/wp\/v2\/pages\/119\/revisions"}],"predecessor-version":[{"id":397,"href":"https:\/\/blogs.ugr.es\/cicode-experiencias\/wp-json\/wp\/v2\/pages\/119\/revisions\/397"}],"wp:attachment":[{"href":"https:\/\/blogs.ugr.es\/cicode-experiencias\/wp-json\/wp\/v2\/media?parent=119"}],"wp:term":[{"taxonomy":"category","embeddable":true,"href":"https:\/\/blogs.ugr.es\/cicode-experiencias\/wp-json\/wp\/v2\/categories?post=119"},{"taxonomy":"post_tag","embeddable":true,"href":"https:\/\/blogs.ugr.es\/cicode-experiencias\/wp-json\/wp\/v2\/tags?post=119"}],"curies":[{"name":"wp","href":"https:\/\/api.w.org\/{rel}","templated":true}]}}