{"id":119,"date":"2018-01-22T09:22:43","date_gmt":"2018-01-22T08:22:43","guid":{"rendered":"https:\/\/blogs.ugr.es\/claro-group\/?page_id=119"},"modified":"2021-11-16T12:16:50","modified_gmt":"2021-11-16T11:16:50","slug":"inicio","status":"publish","type":"page","link":"https:\/\/blogs.ugr.es\/claro-group\/","title":{"rendered":"Home"},"content":{"rendered":"<div id=\"attachment_133\" style=\"width: 467px\" class=\"wp-caption aligncenter\"><img loading=\"lazy\" decoding=\"async\" aria-describedby=\"caption-attachment-133\" class=\" wp-image-133\" src=\"https:\/\/blogs.ugr.es\/claro-group\/wp-content\/uploads\/sites\/93\/2020\/12\/5fb6b9e3-df91-4560-82a0-4edb22eae2fb.jpg\" alt=\"\" width=\"457\" height=\"342\" srcset=\"https:\/\/blogs.ugr.es\/claro-group\/wp-content\/uploads\/sites\/93\/2020\/12\/5fb6b9e3-df91-4560-82a0-4edb22eae2fb.jpg 600w, https:\/\/blogs.ugr.es\/claro-group\/wp-content\/uploads\/sites\/93\/2020\/12\/5fb6b9e3-df91-4560-82a0-4edb22eae2fb-300x225.jpg 300w\" sizes=\"auto, (max-width: 457px) 100vw, 457px\" \/><p id=\"caption-attachment-133\" class=\"wp-caption-text\">RESEARCH TEAM<\/p><\/div>\n<p>We are an active group of optometrists located at the University of Granada (Spain), who seek to investigate the visual functioning in different clinical populations and daily activities. The CLARO-group was established in 2016 and is formed by <a href=\"https:\/\/blogs.ugr.es\/claro-group\/raimundo-jimenez-rodriguez\/\">Raimundo Jim\u00e9nez<\/a>, <a href=\"https:\/\/blogs.ugr.es\/claro-group\/jesus-vera-vilchez\/\">Jes\u00fas Vera<\/a>, <a href=\"https:\/\/blogs.ugr.es\/claro-group\/dr-beatriz-redondo-cabrera\/\">Beatriz Redondo<\/a>, and <a href=\"https:\/\/blogs.ugr.es\/claro-group\/ruben-molina-romero\/\">Rub\u00e9n Molina<\/a>. Currently, our two main lines of research focus on the dynamics of the accommodative function in populations with different neurological disorders and progressing myopes, and the short- and long-term effects of physical exercise on the visual function and eye health.<\/p>\n<p>To achieve our goals, we follow a multidisciplinary approximation to all research questions and collaborate with experts from a wide variety of disciplines, including neuropediatric, sport science, psychology, ophthalmology, and computer engineering. Most of our investigations are conducted in collaboration with researchers located worldwide, such as Durham University (prof. George A. Koulieris), University of Szczecin (prof. Teresa Zwierko), Aston University (prof. Leon Davies), Bradford University (prof. Brendan Barrett), Columbia University (prof. Carlos G. De Moraes), and the University of Waterloo (prof. Kristine Dalton). Also, we actively work with specialists in sport sciences (prof. Amador Garc\u00eda-Ramos and David C\u00e1rdenas) and neuropediatric (prof. Antonio Mu\u00f1oz-Hoyos and Antonio Molina-Carballo) of the University of Granada.<\/p>\n<p><em><strong>email:<\/strong><\/em> <a href=\"&#x6d;a&#x69;&#108;t&#x6f;&#58;&#x63;&#x6c;a&#x72;&#111;&#64;&#x75;&#103;&#x72;&#46;e&#x73;\" rel=\"noreferrer\">&#99;&#x6c;&#x61;&#114;&#x6f;&#x40;&#117;&#x67;&#x72;&#46;&#x65;&#x73;<\/a><\/p>\n","protected":false},"excerpt":{"rendered":"<p>We are an active group of optometrists located at the University of Granada (Spain), who seek to investigate the visual functioning in different clinical populations and daily activities. The CLARO-group was established in 2016 and is formed by Raimundo Jim\u00e9nez, Jes\u00fas Vera, Beatriz Redondo, and Rub\u00e9n Molina. Currently, our two main lines of research focus [&hellip;]<\/p>\n","protected":false},"author":2,"featured_media":0,"parent":0,"menu_order":0,"comment_status":"closed","ping_status":"closed","template":"","meta":{"footnotes":""},"categories":[],"tags":[],"class_list":["post-119","page","type-page","status-publish","hentry"],"_links":{"self":[{"href":"https:\/\/blogs.ugr.es\/claro-group\/wp-json\/wp\/v2\/pages\/119","targetHints":{"allow":["GET"]}}],"collection":[{"href":"https:\/\/blogs.ugr.es\/claro-group\/wp-json\/wp\/v2\/pages"}],"about":[{"href":"https:\/\/blogs.ugr.es\/claro-group\/wp-json\/wp\/v2\/types\/page"}],"author":[{"embeddable":true,"href":"https:\/\/blogs.ugr.es\/claro-group\/wp-json\/wp\/v2\/users\/2"}],"replies":[{"embeddable":true,"href":"https:\/\/blogs.ugr.es\/claro-group\/wp-json\/wp\/v2\/comments?post=119"}],"version-history":[{"count":4,"href":"https:\/\/blogs.ugr.es\/claro-group\/wp-json\/wp\/v2\/pages\/119\/revisions"}],"predecessor-version":[{"id":1071,"href":"https:\/\/blogs.ugr.es\/claro-group\/wp-json\/wp\/v2\/pages\/119\/revisions\/1071"}],"wp:attachment":[{"href":"https:\/\/blogs.ugr.es\/claro-group\/wp-json\/wp\/v2\/media?parent=119"}],"wp:term":[{"taxonomy":"category","embeddable":true,"href":"https:\/\/blogs.ugr.es\/claro-group\/wp-json\/wp\/v2\/categories?post=119"},{"taxonomy":"post_tag","embeddable":true,"href":"https:\/\/blogs.ugr.es\/claro-group\/wp-json\/wp\/v2\/tags?post=119"}],"curies":[{"name":"wp","href":"https:\/\/api.w.org\/{rel}","templated":true}]}}