{"id":236,"date":"2020-12-21T12:41:20","date_gmt":"2020-12-21T11:41:20","guid":{"rendered":"https:\/\/blogs.ugr.es\/claro-group\/?page_id=236"},"modified":"2022-04-22T13:54:42","modified_gmt":"2022-04-22T11:54:42","slug":"ruben-molina-romero","status":"publish","type":"page","link":"https:\/\/blogs.ugr.es\/claro-group\/ruben-molina-romero\/","title":{"rendered":"Rub\u00e9n Molina Romero, PhD"},"content":{"rendered":"<p><img loading=\"lazy\" decoding=\"async\" class=\"wp-image-334 alignleft\" src=\"https:\/\/blogs.ugr.es\/claro-group\/wp-content\/uploads\/sites\/93\/2021\/01\/Ruben-Molina-Romero.png\" alt=\"\" width=\"220\" height=\"308\" \/><\/p>\n<p><strong>Rub\u00e9n Molina Romero<\/strong> obtained a four-years degree in Optics and Optometry at the University of Granada (2012 to 2016), achieving the extraordinary prize to students with higher qualifications. He also conducted a Master course in Clinical Optometry at the University of Granada (academic course 2016\/2017). In 2017, he was awarded with a Research and Teaching Predoctoral fellowship (FPU) at the University of Granada, where he was investigating the association between attention deficit hyperactivity disorder and visual function. His investigation is developed in collaboration with specialists in the fields of Optometry and Neuropediatric.<\/p>\n<p>In 2021, completed his PhD with a Cum Laude under the supervision of Dr. Raimundo Jim\u00e9nez and Dr. Antonio Mu\u00f1oz-Hoyos. During this, he worked on the project \u201cHabilidades Visoperceptivas, Binoculares y Oculomotoras en ni\u00f1os diagnosticados de Trastorno por D\u00e9ficit de Atenci\u00f3n e Hiperactividad (TDAH)\u201d<\/p>\n<p>Currently, he has co-authored more than 30 research articles, and has presented in National and International congresses. Rub\u00e9n teaches in the degree in Optics and Optometry at the University of Granada, mainly in subjects related to clinical procedures in Optometry.<\/p>\n<p><em><strong>e-mail:<\/strong><\/em> &#x72;&#x75;&#x62;&#x65;&#x6e;&#x6d;&#x40;&#x75;&#x67;&#x72;&#x2e;&#x65;&#x73;<\/p>\n","protected":false},"excerpt":{"rendered":"<p>Rub\u00e9n Molina Romero obtained a four-years degree in Optics and Optometry at the University of Granada (2012 to 2016), achieving the extraordinary prize to students with higher qualifications. He also conducted a Master course in Clinical Optometry at the University of Granada (academic course 2016\/2017). In 2017, he was awarded with a Research and Teaching [&hellip;]<\/p>\n","protected":false},"author":565,"featured_media":0,"parent":0,"menu_order":0,"comment_status":"closed","ping_status":"closed","template":"","meta":{"footnotes":""},"categories":[16],"tags":[],"class_list":["post-236","page","type-page","status-publish","hentry","category-investigador-researcher"],"_links":{"self":[{"href":"https:\/\/blogs.ugr.es\/claro-group\/wp-json\/wp\/v2\/pages\/236","targetHints":{"allow":["GET"]}}],"collection":[{"href":"https:\/\/blogs.ugr.es\/claro-group\/wp-json\/wp\/v2\/pages"}],"about":[{"href":"https:\/\/blogs.ugr.es\/claro-group\/wp-json\/wp\/v2\/types\/page"}],"author":[{"embeddable":true,"href":"https:\/\/blogs.ugr.es\/claro-group\/wp-json\/wp\/v2\/users\/565"}],"replies":[{"embeddable":true,"href":"https:\/\/blogs.ugr.es\/claro-group\/wp-json\/wp\/v2\/comments?post=236"}],"version-history":[{"count":3,"href":"https:\/\/blogs.ugr.es\/claro-group\/wp-json\/wp\/v2\/pages\/236\/revisions"}],"predecessor-version":[{"id":1079,"href":"https:\/\/blogs.ugr.es\/claro-group\/wp-json\/wp\/v2\/pages\/236\/revisions\/1079"}],"wp:attachment":[{"href":"https:\/\/blogs.ugr.es\/claro-group\/wp-json\/wp\/v2\/media?parent=236"}],"wp:term":[{"taxonomy":"category","embeddable":true,"href":"https:\/\/blogs.ugr.es\/claro-group\/wp-json\/wp\/v2\/categories?post=236"},{"taxonomy":"post_tag","embeddable":true,"href":"https:\/\/blogs.ugr.es\/claro-group\/wp-json\/wp\/v2\/tags?post=236"}],"curies":[{"name":"wp","href":"https:\/\/api.w.org\/{rel}","templated":true}]}}