{"id":834,"date":"2021-01-25T12:41:38","date_gmt":"2021-01-25T11:41:38","guid":{"rendered":"https:\/\/blogs.ugr.es\/claro-group\/?page_id=834"},"modified":"2024-08-02T14:06:52","modified_gmt":"2024-08-02T12:06:52","slug":"scientific-dissemination","status":"publish","type":"page","link":"https:\/\/blogs.ugr.es\/claro-group\/scientific-dissemination\/","title":{"rendered":"Scientific Dissemination"},"content":{"rendered":"<h3><em><strong>2024<\/strong><\/em><\/h3>\n<p><a href=\"https:\/\/canal.ugr.es\/noticia\/la-armada-y-la-ugr-realizan-un-estudio-del-impacto-de-la-fatiga-a-bordo-del-buque-de-aprovisionamiento-de-combate-bac-cantabria\/\"><strong>La Armada y la UGR realizan un estudio del impacto de la fatiga a bordo del Buque de Aprovisionamiento de Combate (BAC) \u00abCantabria\u00bb <\/strong><\/a>(23 de abril 2024)<\/p>\n<p><a href=\"https:\/\/canal.ugr.es\/noticia\/investigadores-de-la-ugr-analizan-el-impacto-del-ejercicio-fisico-en-la-salud-ocular-de-personas-con-glaucoma\/\"><strong>Investigadores de la UGR analizan el impacto del ejercicio f\u00edsico en la salud ocular de personas con glaucoma\u00a0 <\/strong><\/a>(15 de marzo 2024)<\/p>\n<h3><em><strong>2022<\/strong><\/em><\/h3>\n<p><a href=\"https:\/\/canal.ugr.es\/noticia\/un-estudio-demuestra-que-los-filtros-bloqueadores-de-luz-azul-en-dispositivos-electronicos-no-mejoran-la-fatiga-visual\/\"><strong>Un estudio demuestra que los filtros bloqueadores de luz azul en dispositivos electr\u00f3nicos no mejoran la fatiga visual<\/strong><\/a> (18 de marzo 2022)<\/p>\n<h3><em><strong>2021<\/strong><\/em><\/h3>\n<p><strong><a href=\"https:\/\/canal.ugr.es\/noticia\/el-uso-de-gafas-de-natacion-provoca-alteraciones-agudas-en-la-lagrima-segun-un-estudio-de-la-ugr\/\">El uso de gafas de nataci\u00f3n provoca alteraciones agudas en la l\u00e1grima, seg\u00fan un estudio de la UGR<\/a><\/strong> (26 de julio 2021)<\/p>\n<p><strong><a href=\"https:\/\/canal.ugr.es\/noticia\/los-pacientes-con-glaucoma-deben-utilizar-mascarillas-quirurgicas-para-hacer-ejercicio-en-lugar-de-ffp2-ya-que-estas-aumentan-su-presion-intraocular\/\">Los pacientes con glaucoma deben utilizar mascarillas quir\u00fargicas para hacer ejercicio en lugar de FFP2, ya que estas aumentan su presi\u00f3n intraocular<\/a><\/strong>(22 de abril 2021)<\/p>\n<h3><strong><em>2020<\/em><\/strong><\/h3>\n<p><a href=\"https:\/\/blogs.ugr.es\/claro-group\/demuestran-cientificamente-que-los-filtros-bloqueadores-de-luz-azul-que-se-emplean-en-las-pantallas-de-los-moviles-o-tablets-no-afectan-a-sintomas-y-signos-de-fatiga-visual\/\"><strong>Demuestran cient\u00edficamente que los filtros bloqueadores de luz azul que se emplean en las pantallas de los m\u00f3viles o tablets no afectan a s\u00edntomas y signos de fatiga visual.<\/strong><\/a> (14 Diciembre 2020)<\/p>\n<p><strong><a href=\"https:\/\/blogs.ugr.es\/claro-group\/divulgacion-cientifica-scientific-dissemination-abr-apr-2020-sedoptica\/\">Webinar de Beatriz Redondo Cabrera, del Departamento de \u00d3ptica de la Universidad de Granada. Organizado por el Comit\u00e9 de Ciencias de la Visi\u00f3n de SEDOPTICA el d\u00eda 29 de abril de 2020.<\/a> <\/strong><a href=\"https:\/\/www.youtube.com\/watch?v=jgkuRZJUWoM\">(Video YouTube)<\/a><\/p>\n<p><a href=\"https:\/\/canal.ugr.es\/ugrcomunica\/como-mejora-rendimiento-visual-practica-habitual-baloncesto\/\">\u00bfC\u00f3mo mejora el rendimiento visual con la pr\u00e1ctica habitual del baloncesto? Por Jes\u00fas Vera, en \u201cLa Universidad Responde\u201d de La 2 de TVE<\/a> (5 de noviembre 2020)<\/p>\n<h3><em><strong>2018<\/strong><\/em><\/h3>\n<p><strong><a href=\"https:\/\/blogs.ugr.es\/claro-group\/divulgacion-cientifica-scientific-dissemination-nov-2018-divulgacion-ugr\/\">Jugar habitualmente al baloncesto mejora la visi\u00f3n, seg\u00fan un estudio.<\/a> <\/strong>(22 Noviembre 2018)<\/p>\n","protected":false},"excerpt":{"rendered":"<p>2024 La Armada y la UGR realizan un estudio del impacto de la fatiga a bordo del Buque de Aprovisionamiento de Combate (BAC) \u00abCantabria\u00bb (23 de abril 2024) Investigadores de la UGR analizan el impacto del ejercicio f\u00edsico en la salud ocular de personas con glaucoma\u00a0 (15 de marzo 2024) 2022 Un estudio demuestra que [&hellip;]<\/p>\n","protected":false},"author":565,"featured_media":0,"parent":0,"menu_order":0,"comment_status":"closed","ping_status":"closed","template":"","meta":{"footnotes":""},"categories":[18],"tags":[],"class_list":["post-834","page","type-page","status-publish","hentry","category-divulgacio-cientifica-scientific-dissemination"],"_links":{"self":[{"href":"https:\/\/blogs.ugr.es\/claro-group\/wp-json\/wp\/v2\/pages\/834","targetHints":{"allow":["GET"]}}],"collection":[{"href":"https:\/\/blogs.ugr.es\/claro-group\/wp-json\/wp\/v2\/pages"}],"about":[{"href":"https:\/\/blogs.ugr.es\/claro-group\/wp-json\/wp\/v2\/types\/page"}],"author":[{"embeddable":true,"href":"https:\/\/blogs.ugr.es\/claro-group\/wp-json\/wp\/v2\/users\/565"}],"replies":[{"embeddable":true,"href":"https:\/\/blogs.ugr.es\/claro-group\/wp-json\/wp\/v2\/comments?post=834"}],"version-history":[{"count":3,"href":"https:\/\/blogs.ugr.es\/claro-group\/wp-json\/wp\/v2\/pages\/834\/revisions"}],"predecessor-version":[{"id":1099,"href":"https:\/\/blogs.ugr.es\/claro-group\/wp-json\/wp\/v2\/pages\/834\/revisions\/1099"}],"wp:attachment":[{"href":"https:\/\/blogs.ugr.es\/claro-group\/wp-json\/wp\/v2\/media?parent=834"}],"wp:term":[{"taxonomy":"category","embeddable":true,"href":"https:\/\/blogs.ugr.es\/claro-group\/wp-json\/wp\/v2\/categories?post=834"},{"taxonomy":"post_tag","embeddable":true,"href":"https:\/\/blogs.ugr.es\/claro-group\/wp-json\/wp\/v2\/tags?post=834"}],"curies":[{"name":"wp","href":"https:\/\/api.w.org\/{rel}","templated":true}]}}