{"id":119,"date":"2018-01-22T09:22:43","date_gmt":"2018-01-22T08:22:43","guid":{"rendered":"https:\/\/blogs.ugr.es\/convex\/?page_id=119"},"modified":"2023-04-14T19:29:19","modified_gmt":"2023-04-14T17:29:19","slug":"home","status":"publish","type":"page","link":"https:\/\/blogs.ugr.es\/convex\/","title":{"rendered":"Home"},"content":{"rendered":"<p><span id=\"result_box\" class=\"\" lang=\"en\"><span class=\"\">As a confluence of the interplay between two fields, the <strong>Convex and Numerical Analysis research group<\/strong> emerged in 2007, within the framework of the Plan Andaluz de Investigaci\u00f3n, Desarrollo e Innovaci\u00f3n, with reference FQM359.<\/span> <\/span><\/p>\n<p>&nbsp;<\/p>\n<p><span id=\"result_box\" class=\"\" lang=\"en\"><span class=\"\">Its headquarters is located at the Escuela T\u00e9cnica Superior de Ingenier\u00eda de Edificaci\u00f3n, Campus Fuentenueva, University of Granada, Spain.<\/span><\/span><\/p>\n<p>&nbsp;<\/p>\n<p>&nbsp;<\/p>\n","protected":false},"excerpt":{"rendered":"<p>As a confluence of the interplay between two fields, the Convex and Numerical Analysis research group emerged in 2007, within the framework of the Plan Andaluz de Investigaci\u00f3n, Desarrollo e Innovaci\u00f3n, with reference FQM359. &nbsp; Its headquarters is located at the Escuela T\u00e9cnica Superior de Ingenier\u00eda de Edificaci\u00f3n, Campus Fuentenueva, University of Granada, Spain. &nbsp; [&hellip;]<\/p>\n","protected":false},"author":16,"featured_media":0,"parent":0,"menu_order":0,"comment_status":"closed","ping_status":"closed","template":"","meta":{"_genesis_hide_title":false,"_genesis_hide_breadcrumbs":false,"_genesis_hide_singular_image":false,"_genesis_hide_footer_widgets":false,"_genesis_custom_body_class":"","_genesis_custom_post_class":"","_genesis_layout":"","footnotes":""},"categories":[],"tags":[],"class_list":{"0":"post-119","1":"page","2":"type-page","3":"status-publish","5":"entry"},"_links":{"self":[{"href":"https:\/\/blogs.ugr.es\/convex\/wp-json\/wp\/v2\/pages\/119","targetHints":{"allow":["GET"]}}],"collection":[{"href":"https:\/\/blogs.ugr.es\/convex\/wp-json\/wp\/v2\/pages"}],"about":[{"href":"https:\/\/blogs.ugr.es\/convex\/wp-json\/wp\/v2\/types\/page"}],"author":[{"embeddable":true,"href":"https:\/\/blogs.ugr.es\/convex\/wp-json\/wp\/v2\/users\/16"}],"replies":[{"embeddable":true,"href":"https:\/\/blogs.ugr.es\/convex\/wp-json\/wp\/v2\/comments?post=119"}],"version-history":[{"count":2,"href":"https:\/\/blogs.ugr.es\/convex\/wp-json\/wp\/v2\/pages\/119\/revisions"}],"predecessor-version":[{"id":742,"href":"https:\/\/blogs.ugr.es\/convex\/wp-json\/wp\/v2\/pages\/119\/revisions\/742"}],"wp:attachment":[{"href":"https:\/\/blogs.ugr.es\/convex\/wp-json\/wp\/v2\/media?parent=119"}],"wp:term":[{"taxonomy":"category","embeddable":true,"href":"https:\/\/blogs.ugr.es\/convex\/wp-json\/wp\/v2\/categories?post=119"},{"taxonomy":"post_tag","embeddable":true,"href":"https:\/\/blogs.ugr.es\/convex\/wp-json\/wp\/v2\/tags?post=119"}],"curies":[{"name":"wp","href":"https:\/\/api.w.org\/{rel}","templated":true}]}}