{"id":244,"date":"2018-12-01T18:32:13","date_gmt":"2018-12-01T17:32:13","guid":{"rendered":"https:\/\/blogs.ugr.es\/convex\/?page_id=244"},"modified":"2023-02-27T20:30:40","modified_gmt":"2023-02-27T19:30:40","slug":"contact","status":"publish","type":"page","link":"https:\/\/blogs.ugr.es\/convex\/contact\/","title":{"rendered":"Contact"},"content":{"rendered":"<p>University of Granada<\/p>\n<p>Escuela T\u00e9cnica Superior de Ingenier\u00eda de Edificaci\u00f3n<\/p>\n<p>Applied Mathematics Departament<\/p>\n<p>E-mail: <a href=\"&#109;&#x61;&#105;&#x6c;&#116;&#x6f;&#58;&#x66;&#113;&#x6d;&#51;&#x35;&#57;&#x40;&#117;&#x67;&#114;&#x2e;&#101;&#x73;\">f&#113;&#x6d;&#x33;5&#57;&#64;&#x75;&#x67;r&#46;&#101;&#x73;<\/a><\/p>\n<p>Web: <a href=\"https:\/\/blogs.ugr.es\/convex\">https:\/\/blogs.ugr.es\/convex<\/a><\/p>\n","protected":false},"excerpt":{"rendered":"<p>University of Granada Escuela T\u00e9cnica Superior de Ingenier\u00eda de Edificaci\u00f3n Applied Mathematics Departament E-mail: &#102;q&#x6d;3&#x35;9&#x40;u&#x67;r&#x2e;e&#x73; Web: https:\/\/blogs.ugr.es\/convex<\/p>\n","protected":false},"author":16,"featured_media":0,"parent":0,"menu_order":0,"comment_status":"closed","ping_status":"closed","template":"","meta":{"_genesis_hide_title":false,"_genesis_hide_breadcrumbs":false,"_genesis_hide_singular_image":false,"_genesis_hide_footer_widgets":false,"_genesis_custom_body_class":"","_genesis_custom_post_class":"","_genesis_layout":"","footnotes":""},"categories":[],"tags":[],"class_list":{"0":"post-244","1":"page","2":"type-page","3":"status-publish","5":"entry"},"_links":{"self":[{"href":"https:\/\/blogs.ugr.es\/convex\/wp-json\/wp\/v2\/pages\/244","targetHints":{"allow":["GET"]}}],"collection":[{"href":"https:\/\/blogs.ugr.es\/convex\/wp-json\/wp\/v2\/pages"}],"about":[{"href":"https:\/\/blogs.ugr.es\/convex\/wp-json\/wp\/v2\/types\/page"}],"author":[{"embeddable":true,"href":"https:\/\/blogs.ugr.es\/convex\/wp-json\/wp\/v2\/users\/16"}],"replies":[{"embeddable":true,"href":"https:\/\/blogs.ugr.es\/convex\/wp-json\/wp\/v2\/comments?post=244"}],"version-history":[{"count":3,"href":"https:\/\/blogs.ugr.es\/convex\/wp-json\/wp\/v2\/pages\/244\/revisions"}],"predecessor-version":[{"id":716,"href":"https:\/\/blogs.ugr.es\/convex\/wp-json\/wp\/v2\/pages\/244\/revisions\/716"}],"wp:attachment":[{"href":"https:\/\/blogs.ugr.es\/convex\/wp-json\/wp\/v2\/media?parent=244"}],"wp:term":[{"taxonomy":"category","embeddable":true,"href":"https:\/\/blogs.ugr.es\/convex\/wp-json\/wp\/v2\/categories?post=244"},{"taxonomy":"post_tag","embeddable":true,"href":"https:\/\/blogs.ugr.es\/convex\/wp-json\/wp\/v2\/tags?post=244"}],"curies":[{"name":"wp","href":"https:\/\/api.w.org\/{rel}","templated":true}]}}