{"id":526,"date":"2021-06-18T13:34:43","date_gmt":"2021-06-18T11:34:43","guid":{"rendered":"https:\/\/blogs.ugr.es\/convex\/home-espanol\/"},"modified":"2023-02-27T21:12:16","modified_gmt":"2023-02-27T20:12:16","slug":"home-espanol","status":"publish","type":"page","link":"https:\/\/blogs.ugr.es\/convex\/es\/home-espanol\/","title":{"rendered":"Presentaci\u00f3n del grupo"},"content":{"rendered":"<p>Como confluencia de la interacci\u00f3n entre dos campos, en 2007 surge el grupo de investigaci\u00f3n An\u00e1lisis Convexo y Num\u00e9rico, en el marco del Plan Andaluz de Investigaci\u00f3n, Desarrollo e Innovaci\u00f3n, con la referencia FQM359.<\/p>\n<p>Su sede se encuentra en la Escuela T\u00e9cnica Superior de Ingenier\u00eda de Edificaci\u00f3n, Campus Fuentenueva, Universidad de Granada, Espa\u00f1a.<\/p>\n","protected":false},"excerpt":{"rendered":"<p>Como confluencia de la interacci\u00f3n entre dos campos, en 2007 surge el grupo de investigaci\u00f3n An\u00e1lisis Convexo y Num\u00e9rico, en el marco del Plan Andaluz de Investigaci\u00f3n, Desarrollo e Innovaci\u00f3n, con la referencia FQM359. Su sede se encuentra en la Escuela T\u00e9cnica Superior de Ingenier\u00eda de Edificaci\u00f3n, Campus Fuentenueva, Universidad de Granada, Espa\u00f1a.<\/p>\n","protected":false},"author":16,"featured_media":0,"parent":0,"menu_order":0,"comment_status":"closed","ping_status":"closed","template":"","meta":{"_genesis_hide_title":false,"_genesis_hide_breadcrumbs":false,"_genesis_hide_singular_image":false,"_genesis_hide_footer_widgets":false,"_genesis_custom_body_class":"","_genesis_custom_post_class":"","_genesis_layout":"","footnotes":""},"categories":[],"tags":[],"class_list":{"0":"post-526","1":"page","2":"type-page","3":"status-publish","5":"entry"},"_links":{"self":[{"href":"https:\/\/blogs.ugr.es\/convex\/wp-json\/wp\/v2\/pages\/526","targetHints":{"allow":["GET"]}}],"collection":[{"href":"https:\/\/blogs.ugr.es\/convex\/wp-json\/wp\/v2\/pages"}],"about":[{"href":"https:\/\/blogs.ugr.es\/convex\/wp-json\/wp\/v2\/types\/page"}],"author":[{"embeddable":true,"href":"https:\/\/blogs.ugr.es\/convex\/wp-json\/wp\/v2\/users\/16"}],"replies":[{"embeddable":true,"href":"https:\/\/blogs.ugr.es\/convex\/wp-json\/wp\/v2\/comments?post=526"}],"version-history":[{"count":3,"href":"https:\/\/blogs.ugr.es\/convex\/wp-json\/wp\/v2\/pages\/526\/revisions"}],"predecessor-version":[{"id":737,"href":"https:\/\/blogs.ugr.es\/convex\/wp-json\/wp\/v2\/pages\/526\/revisions\/737"}],"wp:attachment":[{"href":"https:\/\/blogs.ugr.es\/convex\/wp-json\/wp\/v2\/media?parent=526"}],"wp:term":[{"taxonomy":"category","embeddable":true,"href":"https:\/\/blogs.ugr.es\/convex\/wp-json\/wp\/v2\/categories?post=526"},{"taxonomy":"post_tag","embeddable":true,"href":"https:\/\/blogs.ugr.es\/convex\/wp-json\/wp\/v2\/tags?post=526"}],"curies":[{"name":"wp","href":"https:\/\/api.w.org\/{rel}","templated":true}]}}