{"id":677,"date":"2023-02-27T20:06:55","date_gmt":"2023-02-27T19:06:55","guid":{"rendered":"https:\/\/blogs.ugr.es\/convex\/?page_id=677"},"modified":"2023-03-02T08:26:13","modified_gmt":"2023-03-02T07:26:13","slug":"proyectos","status":"publish","type":"page","link":"https:\/\/blogs.ugr.es\/convex\/es\/proyectos\/","title":{"rendered":"Proyectos"},"content":{"rendered":"<p>A continuaci\u00f3n se relacionan\u00a0 los proyectos en los que ha participado alg\u00fan\/a investigador\/a del Grupo de Investigaci\u00f3n:<\/p>\n<hr \/>\n<p><strong>Unidad de Excelencia \u201cMar\u00eda de Maeztu\u201d IMAG<\/strong><\/p>\n<p><em>Reference: CEX2020-001105-M<\/em><em><br \/>\n<\/em><\/p>\n<p><em>Funding Entity:<\/em>Gobierno de Espa\u00f1a<\/p>\n<hr \/>\n<p><strong>Desigualdades Minimax: Fundamentos y aplicaciones a optimizaci\u00f3n y problemas inversos.<\/strong><\/p>\n<p><em>Referencia: <\/em>MTM2016- 80676-P<em><br \/>\n<\/em><\/p>\n<p><em>Entidad financiadora: <\/em>Gobierno de Espa\u00f1a<\/p>\n<hr \/>\n<p><strong>Resoluci\u00f3n num\u00e9rica de problemas de optimizaci\u00f3n convexa y de ecuaciones integrales y diferenciales.<\/strong><\/p>\n<p><em>Referencia: <\/em>MTM2006-12533<\/p>\n<p><em>Entidad financiadora:<\/em> Gobierno de Espa\u00f1a<\/p>\n<hr \/>\n<p><strong>Matem\u00e1tica Aplicada<\/strong><\/p>\n<p><em>Referencia: FQM 191<br \/>\n<\/em><\/p>\n<p><em>Entidad financiadora: <\/em>Junta de Andaluc\u00eda<em><br \/>\n<\/em><\/p>\n<hr \/>\n<p><strong>Operadores en \u00e1lgebras de Banach y geometr\u00eda de los espacios de Banach. Interaci\u00f3n y aplicaciones.<\/strong><\/p>\n<p><em>Referencia: <\/em>BFM2003-01681<em><br \/>\n<\/em><\/p>\n<p><em>Entidad financiadora: Gobierno de Espa\u00f1a<\/em><em><br \/>\n<\/em><\/p>\n<hr \/>\n<p><strong>Estructura de derivaciones y homomorfismos en \u00e1lgebras de Banach.<\/strong><\/p>\n<p><em>Referencia: <\/em>PB98-1358<em><br \/>\n<\/em><\/p>\n<p><em>Entidad financiadora: <\/em>Gobierno de Espa\u00f1a<\/p>\n<p>&nbsp;<\/p>\n<p><strong>An\u00e1lisis Funcional y Aplicaciones<\/strong><\/p>\n<p><em>Referencia:<\/em> FQM 199<\/p>\n<p><em>Entidad financiadora: <\/em>Junta de Andaluc\u00eda<\/p>\n<hr \/>\n<p>&nbsp;<\/p>\n","protected":false},"excerpt":{"rendered":"<p>A continuaci\u00f3n se relacionan\u00a0 los proyectos en los que ha participado alg\u00fan\/a investigador\/a del Grupo de Investigaci\u00f3n: Unidad de Excelencia \u201cMar\u00eda de Maeztu\u201d IMAG Reference: CEX2020-001105-M Funding Entity:Gobierno de Espa\u00f1a Desigualdades Minimax: Fundamentos y aplicaciones a optimizaci\u00f3n y problemas inversos. Referencia: MTM2016- 80676-P Entidad financiadora: Gobierno de Espa\u00f1a Resoluci\u00f3n num\u00e9rica de problemas de optimizaci\u00f3n convexa [&hellip;]<\/p>\n","protected":false},"author":576,"featured_media":0,"parent":0,"menu_order":0,"comment_status":"closed","ping_status":"closed","template":"","meta":{"_genesis_hide_title":false,"_genesis_hide_breadcrumbs":false,"_genesis_hide_singular_image":false,"_genesis_hide_footer_widgets":false,"_genesis_custom_body_class":"","_genesis_custom_post_class":"","_genesis_layout":"","footnotes":""},"categories":[],"tags":[],"class_list":{"0":"post-677","1":"page","2":"type-page","3":"status-publish","5":"entry"},"_links":{"self":[{"href":"https:\/\/blogs.ugr.es\/convex\/wp-json\/wp\/v2\/pages\/677","targetHints":{"allow":["GET"]}}],"collection":[{"href":"https:\/\/blogs.ugr.es\/convex\/wp-json\/wp\/v2\/pages"}],"about":[{"href":"https:\/\/blogs.ugr.es\/convex\/wp-json\/wp\/v2\/types\/page"}],"author":[{"embeddable":true,"href":"https:\/\/blogs.ugr.es\/convex\/wp-json\/wp\/v2\/users\/576"}],"replies":[{"embeddable":true,"href":"https:\/\/blogs.ugr.es\/convex\/wp-json\/wp\/v2\/comments?post=677"}],"version-history":[{"count":3,"href":"https:\/\/blogs.ugr.es\/convex\/wp-json\/wp\/v2\/pages\/677\/revisions"}],"predecessor-version":[{"id":765,"href":"https:\/\/blogs.ugr.es\/convex\/wp-json\/wp\/v2\/pages\/677\/revisions\/765"}],"wp:attachment":[{"href":"https:\/\/blogs.ugr.es\/convex\/wp-json\/wp\/v2\/media?parent=677"}],"wp:term":[{"taxonomy":"category","embeddable":true,"href":"https:\/\/blogs.ugr.es\/convex\/wp-json\/wp\/v2\/categories?post=677"},{"taxonomy":"post_tag","embeddable":true,"href":"https:\/\/blogs.ugr.es\/convex\/wp-json\/wp\/v2\/tags?post=677"}],"curies":[{"name":"wp","href":"https:\/\/api.w.org\/{rel}","templated":true}]}}