{"id":688,"date":"2023-02-27T20:12:29","date_gmt":"2023-02-27T19:12:29","guid":{"rendered":"https:\/\/blogs.ugr.es\/convex\/?page_id=688"},"modified":"2023-02-27T20:44:16","modified_gmt":"2023-02-27T19:44:16","slug":"contacto","status":"publish","type":"page","link":"https:\/\/blogs.ugr.es\/convex\/es\/contacto\/","title":{"rendered":"Contacto"},"content":{"rendered":"<p>Universidad de\u00a0 Granada<\/p>\n<p>Escuela T\u00e9cnica Superior de Ingenier\u00eda de Edificaci\u00f3n<\/p>\n<p>Departamento de Matem\u00e1tica Aplicada<\/p>\n<p>Correo electr\u00f3nico: <a href=\"&#x6d;&#97;&#x69;&#x6c;&#116;&#x6f;&#x3a;&#102;&#x71;&#x6d;&#51;&#x35;&#x39;&#64;&#x75;&#x67;r&#x2e;&#101;s\">&#102;q&#x6d;3&#x35;9&#x40;u&#x67;&#114;&#x2e;&#101;&#x73;<\/a><\/p>\n<p>P\u00e1gina web: <a href=\"https:\/\/blogs.ugr.es\/convex\">https:\/\/blogs.ugr.es\/convex<\/a><\/p>\n","protected":false},"excerpt":{"rendered":"<p>Universidad de\u00a0 Granada Escuela T\u00e9cnica Superior de Ingenier\u00eda de Edificaci\u00f3n Departamento de Matem\u00e1tica Aplicada Correo electr\u00f3nico: &#x66;&#x71;&#x6d;&#x33;&#53;&#57;&#64;ug&#x72;&#x2e;&#x65;&#x73; P\u00e1gina web: https:\/\/blogs.ugr.es\/convex<\/p>\n","protected":false},"author":576,"featured_media":0,"parent":0,"menu_order":0,"comment_status":"closed","ping_status":"closed","template":"","meta":{"_genesis_hide_title":false,"_genesis_hide_breadcrumbs":false,"_genesis_hide_singular_image":false,"_genesis_hide_footer_widgets":false,"_genesis_custom_body_class":"","_genesis_custom_post_class":"","_genesis_layout":"","footnotes":""},"categories":[],"tags":[],"class_list":{"0":"post-688","1":"page","2":"type-page","3":"status-publish","5":"entry"},"_links":{"self":[{"href":"https:\/\/blogs.ugr.es\/convex\/wp-json\/wp\/v2\/pages\/688","targetHints":{"allow":["GET"]}}],"collection":[{"href":"https:\/\/blogs.ugr.es\/convex\/wp-json\/wp\/v2\/pages"}],"about":[{"href":"https:\/\/blogs.ugr.es\/convex\/wp-json\/wp\/v2\/types\/page"}],"author":[{"embeddable":true,"href":"https:\/\/blogs.ugr.es\/convex\/wp-json\/wp\/v2\/users\/576"}],"replies":[{"embeddable":true,"href":"https:\/\/blogs.ugr.es\/convex\/wp-json\/wp\/v2\/comments?post=688"}],"version-history":[{"count":3,"href":"https:\/\/blogs.ugr.es\/convex\/wp-json\/wp\/v2\/pages\/688\/revisions"}],"predecessor-version":[{"id":727,"href":"https:\/\/blogs.ugr.es\/convex\/wp-json\/wp\/v2\/pages\/688\/revisions\/727"}],"wp:attachment":[{"href":"https:\/\/blogs.ugr.es\/convex\/wp-json\/wp\/v2\/media?parent=688"}],"wp:term":[{"taxonomy":"category","embeddable":true,"href":"https:\/\/blogs.ugr.es\/convex\/wp-json\/wp\/v2\/categories?post=688"},{"taxonomy":"post_tag","embeddable":true,"href":"https:\/\/blogs.ugr.es\/convex\/wp-json\/wp\/v2\/tags?post=688"}],"curies":[{"name":"wp","href":"https:\/\/api.w.org\/{rel}","templated":true}]}}