{"id":719,"date":"2023-02-27T20:32:16","date_gmt":"2023-02-27T19:32:16","guid":{"rendered":"https:\/\/blogs.ugr.es\/convex\/?page_id=719"},"modified":"2025-10-12T08:47:59","modified_gmt":"2025-10-12T06:47:59","slug":"seminario","status":"publish","type":"page","link":"https:\/\/blogs.ugr.es\/convex\/es\/seminario\/","title":{"rendered":"Seminario"},"content":{"rendered":"<p>A continuaci\u00f3n se enumeran algunas de las actividades organizadas en el marco del <strong>Seminario de An\u00e1lisis Num\u00e9rico y Convexo<\/strong>:<\/p>\n<p>Charla:<\/p>\n<p><em>Recent advances in solving equations with set-valued probabilities,<\/em>\u00a0 Amelia G. Kunze , 9 de julio de 2025, 10h, Seminario de Matem\u00e1tica Aplicada (5\u00aa planta) de la ETS de Ingenier\u00eda de Edificaci\u00f3n.<\/p>\n<hr \/>\n<p>Charla:<\/p>\n<p><em>Optimizing Deep Learning Training Across Multiple Datasets: A Multicriteria Approach,<\/em>\u00a0 Amelia G. Kunze (Universit\u00e0 dell\u2019Insubria, Italia), 26 de julio 2024, 10h, aula 11-A de la ETS de Ingenier\u00eda de Edificaci\u00f3n.<\/p>\n<hr \/>\n<p>Charla:<\/p>\n<p><em>Algoritmos de punto fijo: convergencia, estabilidad y aplicaciones<\/em>, Departamento de Matem\u00e1ticas de la Universidad de Aligarh (Aligarh, India) , 26 de junio 2024.<\/p>\n<hr \/>\n<p><em>Charla:<\/em><\/p>\n<p><em>Numerical Approximation of Solutions for Certain Types of Fractional Integro-differential Equations, <\/em>Prof. Khaled Ben Amara<em> (Universidad de Sfax, T\u00fanez), <\/em>17 Abril 2023.<\/p>\n<hr \/>\n<p><em>Charla:<\/em><\/p>\n<p><em>Inverse problems via generalized nonlinear contraction type operators, <\/em>Prof. Khaled Ben Amara<em> (Universidad de Sfax, T\u00fanez), 18 Abril 2023.<\/em><\/p>\n<hr \/>\n<p><em>Charla:<\/em><\/p>\n<p><em>Advances in Engineering Mathematics and Applications: Differential and Integrodifferential Equations, <\/em>Prof. Efthimios Providas (University de Thessaly, Grecia), 12 Enero 2022.<\/p>\n<hr \/>\n<p><em>Charla:<\/em><\/p>\n<p><em>On fixed point theory, <\/em>Prof. Khaled Ben Amara (Universidad de Sfax, T\u00fanez), 27 Octubre 2021.<\/p>\n<hr \/>\n<p><em>Charla:<\/em><\/p>\n<p><em>Algunos modelados de optimizaci\u00f3n en ambiente de incertidumbre<\/em>, Prof. M. Arana Jim\u00e9nez, (Universidad de C\u00e1diz, Espa\u00f1a), 22 Octubre 2019.<\/p>\n<hr \/>\n<p><em>Charla:<\/em><\/p>\n<p><em>Self-Similar Measures in Multi-Sector Endogenous Growth Models<\/em>, Prof. D. La Torre (SKEMA Business School &#8211; Universit\u00e9 de la C\u00f4te-d&#8217;Azur, Sophia Antipolis Campus, France), 16 Octubre\u00a0 2019.<\/p>\n<hr \/>\n<p><em>Charla:<\/em><\/p>\n<p><em>The Collage Method Approach to Solving Inverse Problems<\/em>, Prof. H. Kunze (Universidad de Guelph, Canada), 2 Julio 2019.<\/p>\n<hr \/>\n<p><em>Charla:<\/em><\/p>\n<p><em>Vectorial form of Ekeland&#8217;s variational principle with applications to <\/em><em>vector equilibrium problems,<\/em> Prof. G. Kassay (Babe\u015f-Bolyai University, Cluj, Romania), 7 Mayo 2019.<\/p>\n<hr \/>\n<p><em>Charla:<\/em><\/p>\n<p><em>Compactness, optimality and applications, <\/em>Prof. J. Orihuela (Universidad de Murcia, Espa\u00f1a), 7 Mayo2019.<\/p>\n<hr \/>\n<p><em>Charla:<\/em><\/p>\n<p><em>A survey of the applications of certain minimax theorems<\/em><em>,<\/em> Prof. B. Ricceri (University of Catania, Ilaty), 6 Mayo 2019.<\/p>\n<hr \/>\n<p><em>Charla:<\/em><\/p>\n<p><em>An Introduction to the Mathematics of Big Data,<\/em> Prof. D. La Torre (University of Milan, Italy), 2 Julio 2018.<\/p>\n<hr \/>\n<p><em>Minicurso:<\/em><\/p>\n<p><em>Existence results for vector equilibrium problems given by a sum of two functions<\/em>, Prof. G. Kassay (Babe\u015f-Bolyai University, Cluj, Romania), 27 Octubre 2017.<\/p>\n<hr \/>\n<p><em>Charla:<\/em><\/p>\n<p><em>Stability of equilibria via regularity of the diagonal subdifferential operators<\/em>, Prof. G. Kassay (Babe\u015f-Bolyai University, Cluj, Romania), 25 Octubre 2017.<\/p>\n<hr \/>\n<p><em>Minicurso:<\/em><\/p>\n<p><em>A Mini-Course on infinite-dimensional L<\/em><em>inear Optimization and stability<\/em>, Prof. M.A. L\u00f3pez Cerd\u00e1 (Universidad de Alicante, Spain).<\/p>\n<ul>\n<li>LECTURE 1: <em>A crash-course on stability in Linear Optimization<\/em>, 3 Octubre 2016.<\/li>\n<li>LECTURE 2: <em>Some glimpses on Convex Subdifferential Calculus<\/em>, 4 Octubre de 2016.<\/li>\n<li>LECTURE 3:<em> From Farkas lemma to Hahn-Banach theorem<\/em>, 5 Octubre 2016.<\/li>\n<\/ul>\n<hr \/>\n<p><em>Charla:<\/em><\/p>\n<p><em>Recent versions of the Hahn-Banach theorem and applications<\/em>, Prof. M. Ruiz Gal\u00e1n (Universidad de Granada, Spain), 21 Septiembre 2016.<\/p>\n<hr \/>\n<p><em>Charla:<\/em><\/p>\n<p><em>About an artificial time approach for iterative numerical solution of Fredholm integral equations of the first kind<\/em>, Prof. R. Pavani (Politecnico di Milano, Italy), 24 Junio\u00a0 2015.<\/p>\n<hr \/>\n<p><em>Charla:<\/em><\/p>\n<p><em>Leonardo and his presence in Milan<\/em>, Prof. E.\u00a0 Marchetti (Politecnico di Milano, Italy), 23 Junio 2015.<\/p>\n<hr \/>\n<p><em>Charla:<\/em><\/p>\n<p><em>VDS spline approximation <\/em><em>in reverse engineering<\/em>, Prof. F. Cali\u00f2 (Politecnico di Milano, Italy), 22 Junio 2015.<\/p>\n<hr \/>\n<p><em>Minicurso:<\/em><\/p>\n<p><em>Mini-Course on inverse problems for integral equations, Prof. D. La Torre (University of Milan, Italy), 11, 12 and 13 Diciembre 2012.<\/em><\/p>\n<hr \/>\n<p><em>Charla:<\/em><\/p>\n<p><em>Solving inverse problems for DEs using the Collage theorem and entropy maximization<\/em>, Prof. D. La Torre (University of Milan, Italy), 11 Septiembre\u00a0 2012.<\/p>\n<hr \/>\n<p><em>Minicurso:<\/em><\/p>\n<p><em>Mini-Course on mixed finite element methods for fluid-solid interaction problems, <\/em>Prof. G. Gatica (Universidad de Concepci\u00f3n, Chile), 18, 20, 25 and 27 Septiembre 2012.<\/p>\n<hr \/>\n<p><em>Charla:<\/em><\/p>\n<p><em>Exact discrete transmission conditions for a fluid-solid interaction problem in 3D, Prof. G. Gatica (Universidad de Concepci\u00f3n, Chile), 24 Septiembre 2012.<\/em><\/p>\n<hr \/>\n<p><em>Charla:<\/em><\/p>\n<p><em>Mestizaje entre el An\u00e1lisis Funcional y las Finanzas, Prof. J. Orihuela (Universidad de Murcia, Spain), 8 Septiembre\u00a0 2011.<\/em><\/p>\n<hr \/>\n<p><em>Charla:<\/em><\/p>\n<p><em>A new mixed finite element method for a class of quasi-Newtonian Stokes flows, Prof. G. Gatica (Universidad de Concepci\u00f3n, Chile), 7 Junio 2011.<\/em><\/p>\n<hr \/>\n<p><em>Course: <\/em><\/p>\n<p><em>Construcci\u00f3n de m\u00e9todos de elementos finitos para problemas de elasticidad lineal<\/em>, Prof. A. M\u00e1rquez (Universidad de Oviedo, Spain), 25, 26 and 27 Noviembre 2009.<\/p>\n<hr \/>\n<p><em>Charla:<\/em><\/p>\n<p><em>Collocation methods based on q.i. spline for particular integro-differential equations,<\/em> Prof. F. Cali\u00f2, (Politecnico di Milano, Italy), 8 <em>Septiembre <\/em> 2009.<\/p>\n<hr \/>\n<p><em>Charla:<\/em><\/p>\n<p><em>Collocation and fixed-point methods for Volterra-Fredholm integral equations,<\/em> Prof. E.\u00a0 Marchetti (Politecnico di Milano, Italy), 7 <em>Septiembre <\/em> 2009.<\/p>\n","protected":false},"excerpt":{"rendered":"<p>A continuaci\u00f3n se enumeran algunas de las actividades organizadas en el marco del Seminario de An\u00e1lisis Num\u00e9rico y Convexo: Charla: Recent advances in solving equations with set-valued probabilities,\u00a0 Amelia G. Kunze , 9 de julio de 2025, 10h, Seminario de Matem\u00e1tica Aplicada (5\u00aa planta) de la ETS de Ingenier\u00eda de Edificaci\u00f3n. Charla: Optimizing Deep Learning [&hellip;]<\/p>\n","protected":false},"author":576,"featured_media":0,"parent":0,"menu_order":0,"comment_status":"closed","ping_status":"closed","template":"","meta":{"_genesis_hide_title":false,"_genesis_hide_breadcrumbs":false,"_genesis_hide_singular_image":false,"_genesis_hide_footer_widgets":false,"_genesis_custom_body_class":"","_genesis_custom_post_class":"","_genesis_layout":"","footnotes":""},"categories":[],"tags":[],"class_list":{"0":"post-719","1":"page","2":"type-page","3":"status-publish","5":"entry"},"_links":{"self":[{"href":"https:\/\/blogs.ugr.es\/convex\/wp-json\/wp\/v2\/pages\/719","targetHints":{"allow":["GET"]}}],"collection":[{"href":"https:\/\/blogs.ugr.es\/convex\/wp-json\/wp\/v2\/pages"}],"about":[{"href":"https:\/\/blogs.ugr.es\/convex\/wp-json\/wp\/v2\/types\/page"}],"author":[{"embeddable":true,"href":"https:\/\/blogs.ugr.es\/convex\/wp-json\/wp\/v2\/users\/576"}],"replies":[{"embeddable":true,"href":"https:\/\/blogs.ugr.es\/convex\/wp-json\/wp\/v2\/comments?post=719"}],"version-history":[{"count":3,"href":"https:\/\/blogs.ugr.es\/convex\/wp-json\/wp\/v2\/pages\/719\/revisions"}],"predecessor-version":[{"id":813,"href":"https:\/\/blogs.ugr.es\/convex\/wp-json\/wp\/v2\/pages\/719\/revisions\/813"}],"wp:attachment":[{"href":"https:\/\/blogs.ugr.es\/convex\/wp-json\/wp\/v2\/media?parent=719"}],"wp:term":[{"taxonomy":"category","embeddable":true,"href":"https:\/\/blogs.ugr.es\/convex\/wp-json\/wp\/v2\/categories?post=719"},{"taxonomy":"post_tag","embeddable":true,"href":"https:\/\/blogs.ugr.es\/convex\/wp-json\/wp\/v2\/tags?post=719"}],"curies":[{"name":"wp","href":"https:\/\/api.w.org\/{rel}","templated":true}]}}