{"id":172,"date":"2021-02-07T00:54:07","date_gmt":"2021-02-06T23:54:07","guid":{"rendered":"https:\/\/blogs.ugr.es\/corpusdelicti\/?page_id=172"},"modified":"2022-03-11T20:00:59","modified_gmt":"2022-03-11T19:00:59","slug":"the-team","status":"publish","type":"page","link":"https:\/\/blogs.ugr.es\/corpusdelicti\/the-team\/","title":{"rendered":"The Team"},"content":{"rendered":"<p><img loading=\"lazy\" decoding=\"async\" class=\"alignnone size-medium wp-image-181 aligncenter\" src=\"https:\/\/blogs.ugr.es\/corpusdelicti\/wp-content\/uploads\/sites\/95\/2021\/02\/the_team-300x64.png\" alt=\"\" width=\"300\" height=\"64\" srcset=\"https:\/\/blogs.ugr.es\/corpusdelicti\/wp-content\/uploads\/sites\/95\/2021\/02\/the_team-300x64.png 300w, https:\/\/blogs.ugr.es\/corpusdelicti\/wp-content\/uploads\/sites\/95\/2021\/02\/the_team-700x150.png 700w, https:\/\/blogs.ugr.es\/corpusdelicti\/wp-content\/uploads\/sites\/95\/2021\/02\/the_team.png 1133w\" sizes=\"auto, (max-width: 300px) 100vw, 300px\" \/><\/p>\n<h3>2021-2022<\/h3>\n<table style=\"width: 100%\">\n<tbody>\n<tr>\n<td><img loading=\"lazy\" decoding=\"async\" class=\"alignnone wp-image-497\" src=\"https:\/\/blogs.ugr.es\/corpusdelicti\/wp-content\/uploads\/sites\/95\/2022\/03\/Ana-Cubells-Amores_bn.jpg\" alt=\"\" width=\"90\" height=\"120\" \/><\/td>\n<td>Ana Cubells Amores<\/td>\n<td>TBC (To be confirmed)<\/td>\n<\/tr>\n<tr>\n<td><img loading=\"lazy\" decoding=\"async\" class=\"alignnone size-full wp-image-455\" src=\"https:\/\/blogs.ugr.es\/corpusdelicti\/wp-content\/uploads\/sites\/95\/2021\/12\/Angela-Garcia-Marquez_bn.jpg\" alt=\"\" width=\"90\" height=\"120\" \/><\/td>\n<td>\u00c1ngela Garc\u00eda M\u00e1rquez<\/td>\n<td>Zodiac Killer<\/td>\n<\/tr>\n<tr>\n<td><img loading=\"lazy\" decoding=\"async\" class=\"alignnone size-full wp-image-458\" src=\"https:\/\/blogs.ugr.es\/corpusdelicti\/wp-content\/uploads\/sites\/95\/2021\/12\/Teresa-Garcia-Moreno_bn.jpg\" alt=\"\" width=\"90\" height=\"120\" \/><\/td>\n<td>Mar\u00eda Teresa Garc\u00eda Moreno<\/td>\n<td>Eddie Gilfoyle<\/td>\n<\/tr>\n<tr>\n<td><img loading=\"lazy\" decoding=\"async\" class=\"alignnone wp-image-494\" src=\"https:\/\/blogs.ugr.es\/corpusdelicti\/wp-content\/uploads\/sites\/95\/2022\/02\/Natalia-Hernandez-Diaz_bn.jpg\" alt=\"\" width=\"90\" height=\"120\" \/><\/td>\n<td>Natalia Hern\u00e1ndez D\u00edaz<\/td>\n<td>Amerithrax<\/td>\n<\/tr>\n<tr>\n<td><img loading=\"lazy\" decoding=\"async\" class=\"alignnone size-full wp-image-459\" src=\"https:\/\/blogs.ugr.es\/corpusdelicti\/wp-content\/uploads\/sites\/95\/2021\/12\/Juana-Belen-Morillo-Catena_bn.jpg\" alt=\"\" width=\"90\" height=\"120\" \/><\/td>\n<td>Juana Bel\u00e9n Morillo Catena<\/td>\n<td>Chris Coleman<\/td>\n<\/tr>\n<tr>\n<td><img loading=\"lazy\" decoding=\"async\" class=\"alignnone size-full wp-image-460\" src=\"https:\/\/blogs.ugr.es\/corpusdelicti\/wp-content\/uploads\/sites\/95\/2021\/12\/Andrea-Piqueras-Palma_bn.jpg\" alt=\"\" width=\"90\" height=\"120\" \/><\/td>\n<td>Andrea Piqueras Palma<\/td>\n<td>TBC (To be confirmed)<\/td>\n<\/tr>\n<tr>\n<td><img loading=\"lazy\" decoding=\"async\" class=\"alignnone size-full wp-image-461\" src=\"https:\/\/blogs.ugr.es\/corpusdelicti\/wp-content\/uploads\/sites\/95\/2021\/12\/Patricia-Rodriguez-Jimenez_bn.jpg\" alt=\"\" width=\"90\" height=\"120\" \/><\/td>\n<td>Patricia Rodriguez Jimenez<\/td>\n<td>Danielle Jones<\/td>\n<\/tr>\n<tr>\n<td><img loading=\"lazy\" decoding=\"async\" class=\"size-full wp-image-453 alignnone\" src=\"https:\/\/blogs.ugr.es\/corpusdelicti\/wp-content\/uploads\/sites\/95\/2021\/12\/Maria-RuizdeValdivia-Jimenez_bn.jpg\" alt=\"\" width=\"90\" height=\"120\" \/><\/td>\n<td>Mar\u00eda Ruiz de Valdivia Jim\u00e9nez<\/td>\n<td>Silvia Plath&#8217;s letters<\/td>\n<\/tr>\n<tr>\n<td><img loading=\"lazy\" decoding=\"async\" class=\"alignnone wp-image-495\" src=\"https:\/\/blogs.ugr.es\/corpusdelicti\/wp-content\/uploads\/sites\/95\/2022\/02\/Lucia-Tomas-Sevilla_bn.jpg\" alt=\"\" width=\"90\" height=\"120\" \/><\/td>\n<td>Luc\u00eda Tom\u00e1s Sevilla<\/td>\n<td>Mad bomber<\/td>\n<\/tr>\n<tr>\n<td><img loading=\"lazy\" decoding=\"async\" class=\"alignnone size-full wp-image-462\" src=\"https:\/\/blogs.ugr.es\/corpusdelicti\/wp-content\/uploads\/sites\/95\/2021\/12\/Ignacio-Vico-de-la-Rosa.jpg\" alt=\"\" width=\"90\" height=\"120\" \/><\/td>\n<td>Ignacio Vico de la Rosa<\/td>\n<td>Mary Flora Bell<\/td>\n<\/tr>\n<tr>\n<td><img loading=\"lazy\" decoding=\"async\" class=\"alignnone size-full wp-image-463\" src=\"https:\/\/blogs.ugr.es\/corpusdelicti\/wp-content\/uploads\/sites\/95\/2021\/12\/Roberto-Zea-Fernandez_bn.jpg\" alt=\"\" width=\"90\" height=\"120\" \/><\/td>\n<td>Roberto Zea Fern\u00e1ndez<\/td>\n<td>Brian Hummert<\/td>\n<\/tr>\n<\/tbody>\n<\/table>\n<p>&nbsp;<\/p>\n<h3>2020-2021<\/h3>\n<p>&nbsp;<\/p>\n<p>&nbsp;<\/p>\n<table style=\"width: 100%\">\n<tbody>\n<tr>\n<td><img loading=\"lazy\" decoding=\"async\" class=\"alignnone wp-image-174\" src=\"https:\/\/blogs.ugr.es\/corpusdelicti\/wp-content\/uploads\/sites\/95\/2021\/02\/beatriz_barranco_nieto_bn.jpg\" alt=\"\" width=\"90\" height=\"120\" \/><\/td>\n<td>Beatriz Barranco Nieto<\/td>\n<td><a href=\"https:\/\/blogs.ugr.es\/corpusdelicti\/category\/cases\/unabomber\/\">Unabomber<\/a><\/td>\n<\/tr>\n<tr>\n<td><img loading=\"lazy\" decoding=\"async\" class=\"alignnone wp-image-358\" src=\"https:\/\/blogs.ugr.es\/corpusdelicti\/wp-content\/uploads\/sites\/95\/2021\/04\/zayneb_dahhaoui_bn.jpg\" alt=\"\" width=\"90\" height=\"120\" \/><\/td>\n<td>Zayneb Dahhaoui<\/td>\n<td>Jonb\u00e9net Ramsey<\/td>\n<\/tr>\n<tr>\n<td><img loading=\"lazy\" decoding=\"async\" class=\"alignnone wp-image-177\" src=\"https:\/\/blogs.ugr.es\/corpusdelicti\/wp-content\/uploads\/sites\/95\/2021\/02\/maria_exposito_palomares_bn.jpg\" alt=\"\" width=\"90\" height=\"120\" \/><\/td>\n<td>Mar\u00eda Exp\u00f3sito Palomares<\/td>\n<td><a href=\"https:\/\/blogs.ugr.es\/corpusdelicti\/category\/cases\/jack-the-ripper\/\">Jack the Ripper<\/a><\/td>\n<\/tr>\n<tr>\n<td><img loading=\"lazy\" decoding=\"async\" class=\"alignnone wp-image-356\" src=\"https:\/\/blogs.ugr.es\/corpusdelicti\/wp-content\/uploads\/sites\/95\/2021\/04\/marta_gallardo_bn.jpg\" alt=\"\" width=\"90\" height=\"120\" \/><\/td>\n<td>Marta Gallardo Mora<\/td>\n<td><a href=\"https:\/\/blogs.ugr.es\/corpusdelicti\/category\/cases\/helena-jubany\/\">Helena Jubany<\/a><\/td>\n<\/tr>\n<tr>\n<td><img loading=\"lazy\" decoding=\"async\" class=\"alignnone wp-image-176\" src=\"https:\/\/blogs.ugr.es\/corpusdelicti\/wp-content\/uploads\/sites\/95\/2021\/02\/laura_martin_gomez_bn.jpg\" alt=\"\" width=\"90\" height=\"120\" \/><\/td>\n<td>Laura Mart\u00edn G\u00f3mez<\/td>\n<td>Jenny Nicholl<\/p>\n<p>The Coleman Family<\/td>\n<\/tr>\n<tr>\n<td><img loading=\"lazy\" decoding=\"async\" class=\"alignnone wp-image-175\" src=\"https:\/\/blogs.ugr.es\/corpusdelicti\/wp-content\/uploads\/sites\/95\/2021\/02\/inmaculada_rodriguez_palacios_bn.jpg\" alt=\"\" width=\"90\" height=\"120\" \/><\/td>\n<td>Inmaculada Rodr\u00edguez Palacios<\/td>\n<td><a href=\"https:\/\/blogs.ugr.es\/corpusdelicti\/category\/cases\/v-woolf-suicide-letters\/\">Virginia Woolf&#8217;s Suicide Letters<\/a><\/td>\n<\/tr>\n<tr>\n<td><img loading=\"lazy\" decoding=\"async\" class=\"alignnone size-full wp-image-464\" src=\"https:\/\/blogs.ugr.es\/corpusdelicti\/wp-content\/uploads\/sites\/95\/2021\/12\/Vaquer_bn.jpg\" alt=\"\" width=\"90\" height=\"120\" \/><\/td>\n<td>M\u00aa \u00c0ngels Vaquer Mart\u00ednez<\/td>\n<td>Michael Dixon<\/p>\n<p>Korey Wise<\/p>\n<p>Trevon Yates<\/td>\n<\/tr>\n<\/tbody>\n<\/table>\n<p>&nbsp;<\/p>\n","protected":false},"excerpt":{"rendered":"<p>2021-2022 Ana Cubells Amores TBC (To be confirmed) \u00c1ngela Garc\u00eda M\u00e1rquez Zodiac Killer Mar\u00eda Teresa Garc\u00eda Moreno Eddie Gilfoyle Natalia Hern\u00e1ndez D\u00edaz Amerithrax Juana Bel\u00e9n Morillo Catena Chris Coleman Andrea Piqueras Palma TBC (To be confirmed) Patricia Rodriguez Jimenez Danielle Jones Mar\u00eda Ruiz de Valdivia Jim\u00e9nez Silvia Plath&#8217;s letters Luc\u00eda Tom\u00e1s Sevilla Mad bomber Ignacio [&hellip;]<\/p>\n","protected":false},"author":21,"featured_media":0,"parent":0,"menu_order":0,"comment_status":"closed","ping_status":"closed","template":"","meta":{"_genesis_hide_title":false,"_genesis_hide_breadcrumbs":false,"_genesis_hide_singular_image":false,"_genesis_hide_footer_widgets":false,"_genesis_custom_body_class":"","_genesis_custom_post_class":"","_genesis_layout":"","footnotes":""},"categories":[],"tags":[],"class_list":{"0":"post-172","1":"page","2":"type-page","3":"status-publish","5":"entry"},"_links":{"self":[{"href":"https:\/\/blogs.ugr.es\/corpusdelicti\/wp-json\/wp\/v2\/pages\/172","targetHints":{"allow":["GET"]}}],"collection":[{"href":"https:\/\/blogs.ugr.es\/corpusdelicti\/wp-json\/wp\/v2\/pages"}],"about":[{"href":"https:\/\/blogs.ugr.es\/corpusdelicti\/wp-json\/wp\/v2\/types\/page"}],"author":[{"embeddable":true,"href":"https:\/\/blogs.ugr.es\/corpusdelicti\/wp-json\/wp\/v2\/users\/21"}],"replies":[{"embeddable":true,"href":"https:\/\/blogs.ugr.es\/corpusdelicti\/wp-json\/wp\/v2\/comments?post=172"}],"version-history":[{"count":3,"href":"https:\/\/blogs.ugr.es\/corpusdelicti\/wp-json\/wp\/v2\/pages\/172\/revisions"}],"predecessor-version":[{"id":498,"href":"https:\/\/blogs.ugr.es\/corpusdelicti\/wp-json\/wp\/v2\/pages\/172\/revisions\/498"}],"wp:attachment":[{"href":"https:\/\/blogs.ugr.es\/corpusdelicti\/wp-json\/wp\/v2\/media?parent=172"}],"wp:term":[{"taxonomy":"category","embeddable":true,"href":"https:\/\/blogs.ugr.es\/corpusdelicti\/wp-json\/wp\/v2\/categories?post=172"},{"taxonomy":"post_tag","embeddable":true,"href":"https:\/\/blogs.ugr.es\/corpusdelicti\/wp-json\/wp\/v2\/tags?post=172"}],"curies":[{"name":"wp","href":"https:\/\/api.w.org\/{rel}","templated":true}]}}