{"id":305,"date":"2021-03-04T12:46:06","date_gmt":"2021-03-04T11:46:06","guid":{"rendered":"https:\/\/blogs.ugr.es\/corpusdelicti\/?page_id=305"},"modified":"2021-03-04T18:08:04","modified_gmt":"2021-03-04T17:08:04","slug":"lectures","status":"publish","type":"page","link":"https:\/\/blogs.ugr.es\/corpusdelicti\/lectures\/","title":{"rendered":"Lectures"},"content":{"rendered":"<p><img loading=\"lazy\" decoding=\"async\" class=\"wp-image-307 size-full aligncenter\" src=\"https:\/\/blogs.ugr.es\/corpusdelicti\/wp-content\/uploads\/sites\/95\/2021\/03\/LECTURES700x112.jpg\" alt=\"\" width=\"626\" height=\"112\" srcset=\"https:\/\/blogs.ugr.es\/corpusdelicti\/wp-content\/uploads\/sites\/95\/2021\/03\/LECTURES700x112.jpg 626w, https:\/\/blogs.ugr.es\/corpusdelicti\/wp-content\/uploads\/sites\/95\/2021\/03\/LECTURES700x112-300x54.jpg 300w\" sizes=\"auto, (max-width: 626px) 100vw, 626px\" \/><\/p>\n<p>&nbsp;<\/p>\n<table style=\"width: 100%\">\n<tbody>\n<tr>\n<td><iframe loading=\"lazy\" title=\"Conferencia: De profesi\u00f3n, ling\u00fcista forense.\" width=\"500\" height=\"281\" src=\"https:\/\/www.youtube.com\/embed\/SEZv4kZdQq4?feature=oembed\" frameborder=\"0\" allow=\"accelerometer; autoplay; clipboard-write; encrypted-media; gyroscope; picture-in-picture; web-share\" referrerpolicy=\"strict-origin-when-cross-origin\" allowfullscreen><\/iframe><\/p>\n<h4>Sheila Queralt &#8211; De profesi\u00f3n, ling\u00fcista forense<\/h4>\n<p>23 Feb 2021<br \/>\nFacultad de Filosof\u00eda y Letras, Universidad de Granada<\/p>\n<p>Sheila Queralt, fundadora y directora de <a href=\"https:\/\/www.sq-linguistasforenses.com\/\">SQ Ling\u00fcistas Forenses<\/a> nos habla de su experiencia como profesional de la ling\u00fc\u00edstica forense y comenta algunos casos a cuya resoluci\u00f3n ha contribuido esta disciplina tal y como recoge en su libro de reciente aparici\u00f3n <em>Atrapados por la lengua. 50 casos resueltos por la Ling\u00fc\u00edstica Forense<\/em>.<\/td>\n<\/tr>\n<tr>\n<td><iframe loading=\"lazy\" title=\"Rob Leonard - The Groundbreaking Science of Forensic Linguistics\" width=\"500\" height=\"281\" src=\"https:\/\/www.youtube.com\/embed\/-01uO3uTrgk?feature=oembed\" frameborder=\"0\" allow=\"accelerometer; autoplay; clipboard-write; encrypted-media; gyroscope; picture-in-picture; web-share\" referrerpolicy=\"strict-origin-when-cross-origin\" allowfullscreen><\/iframe><\/p>\n<h4 class=\"title style-scope ytd-video-primary-info-renderer\">Rob Leonard &#8211; The Groundbreaking Science of Forensic Linguistics<\/h4>\n<p>25 nov 2015<\/p>\n<p>Forensic linguists solve murders, identify kidnappers, and fight to free the innocent from death row. They also provide expertise in a variety of civil cases, such as Apple\u2019s fight against Amazon and Microsoft to protect its trademarks. Dr. Rob Leonard of Hofstra, described by The New Yorker as &#8220;a Sam Spade of semantics\u2026one of the foremost language detectives in the country,&#8221; has consulted to the NYPD Hate Crimes Task Force, the FBI\u2019s Behavioral Analysis Unit, Apple, and the Prime Minister of Canada. He also teaches Swahili \u2014 he was a Fulbright to Kenya \u2014 and opened for Jimi Hendrix at Woodstock with his college band Sha Na Na.<\/td>\n<\/tr>\n<\/tbody>\n<\/table>\n","protected":false},"excerpt":{"rendered":"<p>&nbsp; Sheila Queralt &#8211; De profesi\u00f3n, ling\u00fcista forense 23 Feb 2021 Facultad de Filosof\u00eda y Letras, Universidad de Granada Sheila Queralt, fundadora y directora de SQ Ling\u00fcistas Forenses nos habla de su experiencia como profesional de la ling\u00fc\u00edstica forense y comenta algunos casos a cuya resoluci\u00f3n ha contribuido esta disciplina tal y como recoge en [&hellip;]<\/p>\n","protected":false},"author":21,"featured_media":0,"parent":0,"menu_order":0,"comment_status":"closed","ping_status":"closed","template":"","meta":{"_genesis_hide_title":false,"_genesis_hide_breadcrumbs":false,"_genesis_hide_singular_image":false,"_genesis_hide_footer_widgets":false,"_genesis_custom_body_class":"","_genesis_custom_post_class":"","_genesis_layout":"","footnotes":""},"categories":[41,23],"tags":[],"class_list":{"0":"post-305","1":"page","2":"type-page","3":"status-publish","5":"category-lectures_seminars","6":"category-resources","7":"entry"},"_links":{"self":[{"href":"https:\/\/blogs.ugr.es\/corpusdelicti\/wp-json\/wp\/v2\/pages\/305","targetHints":{"allow":["GET"]}}],"collection":[{"href":"https:\/\/blogs.ugr.es\/corpusdelicti\/wp-json\/wp\/v2\/pages"}],"about":[{"href":"https:\/\/blogs.ugr.es\/corpusdelicti\/wp-json\/wp\/v2\/types\/page"}],"author":[{"embeddable":true,"href":"https:\/\/blogs.ugr.es\/corpusdelicti\/wp-json\/wp\/v2\/users\/21"}],"replies":[{"embeddable":true,"href":"https:\/\/blogs.ugr.es\/corpusdelicti\/wp-json\/wp\/v2\/comments?post=305"}],"version-history":[{"count":3,"href":"https:\/\/blogs.ugr.es\/corpusdelicti\/wp-json\/wp\/v2\/pages\/305\/revisions"}],"predecessor-version":[{"id":314,"href":"https:\/\/blogs.ugr.es\/corpusdelicti\/wp-json\/wp\/v2\/pages\/305\/revisions\/314"}],"wp:attachment":[{"href":"https:\/\/blogs.ugr.es\/corpusdelicti\/wp-json\/wp\/v2\/media?parent=305"}],"wp:term":[{"taxonomy":"category","embeddable":true,"href":"https:\/\/blogs.ugr.es\/corpusdelicti\/wp-json\/wp\/v2\/categories?post=305"},{"taxonomy":"post_tag","embeddable":true,"href":"https:\/\/blogs.ugr.es\/corpusdelicti\/wp-json\/wp\/v2\/tags?post=305"}],"curies":[{"name":"wp","href":"https:\/\/api.w.org\/{rel}","templated":true}]}}