{"id":197,"date":"2022-02-21T10:46:54","date_gmt":"2022-02-21T09:46:54","guid":{"rendered":"https:\/\/blogs.ugr.es\/covidteca\/?page_id=197"},"modified":"2022-03-01T12:01:48","modified_gmt":"2022-03-01T11:01:48","slug":"inscripcion","status":"publish","type":"page","link":"https:\/\/blogs.ugr.es\/covidteca\/inscripcion\/","title":{"rendered":"Inscripci\u00f3n"},"content":{"rendered":"<ul>\n<li><strong>MODALIDAD PRESENCIAL: <\/strong>Aula Garc\u00eda Lorca, Facultad de Filosof\u00eda y Letras de la Universidad de Granada.<\/li>\n<li><strong>MODALIDAD VIRTUAL: <\/strong>Retransmisi\u00f3n en directo desde el canal de YouTube Iber-Lab. <strong><a href=\"https:\/\/www.youtube.com\/channel\/UC7VlwQeuxeb1UK5mYh3SXmA\/featured\">Enlace<\/a><\/strong><\/li>\n<\/ul>\n<p style=\"text-align: left\"><em><strong>\u00a1IMPORTANTE!<\/strong><\/em> <span style=\"color: #993366\"><em>Para inscribirte es necesario enviar el siguiente formulario de inscripci\u00f3n al correo electr\u00f3nico:<\/em><\/span><em><strong> &#105;&#x62;&#x65;&#114;&#x6c;&#x61;b&#x40;&#x75;g&#114;&#x2e;e&#115;<\/strong><\/em><\/p>\n<h2 style=\"text-align: center\"><span style=\"color: #993366\"><a style=\"color: #993366\" href=\"https:\/\/drive.google.com\/file\/d\/1EJJkUUduBoynvdep9r-MzL1guadu6_HC\/view?usp=sharing\" target=\"_blank\" rel=\"noopener\"><img loading=\"lazy\" decoding=\"async\" class=\"size-full wp-image-234 aligncenter\" src=\"https:\/\/blogs.ugr.es\/covidteca\/wp-content\/uploads\/sites\/122\/2022\/02\/Naranja-Foto-Galeri\u0301a-de-Arte-Promocio\u0301n-Oferta-Especi\u0301fica-Arte-Entretenimiento-Boleti\u0301n-Electro\u0301nico-Gra\u0301fico1.png\" alt=\"\" width=\"600\" height=\"200\" srcset=\"https:\/\/blogs.ugr.es\/covidteca\/wp-content\/uploads\/sites\/122\/2022\/02\/Naranja-Foto-Galeri\u0301a-de-Arte-Promocio\u0301n-Oferta-Especi\u0301fica-Arte-Entretenimiento-Boleti\u0301n-Electro\u0301nico-Gra\u0301fico1.png 600w, https:\/\/blogs.ugr.es\/covidteca\/wp-content\/uploads\/sites\/122\/2022\/02\/Naranja-Foto-Galeri\u0301a-de-Arte-Promocio\u0301n-Oferta-Especi\u0301fica-Arte-Entretenimiento-Boleti\u0301n-Electro\u0301nico-Gra\u0301fico1-300x100.png 300w\" sizes=\"auto, (max-width: 600px) 100vw, 600px\" \/><\/a><a style=\"color: #993366\" href=\"https:\/\/blogs.ugr.es\/covidteca\/wp-content\/uploads\/sites\/122\/2022\/03\/FORMULARIO-MATRICULA-COVIDTECA.docx.pdf\">FORMULARIO-MATRICULA-COVIDTECA.docx<\/a><\/span><\/h2>\n","protected":false},"excerpt":{"rendered":"<p>MODALIDAD PRESENCIAL: Aula Garc\u00eda Lorca, Facultad de Filosof\u00eda y Letras de la Universidad de Granada. MODALIDAD VIRTUAL: Retransmisi\u00f3n en directo desde el canal de YouTube Iber-Lab. Enlace \u00a1IMPORTANTE! Para inscribirte es necesario enviar el siguiente formulario de inscripci\u00f3n al correo electr\u00f3nico: &#x69;&#x62;&#101;&#114;la&#x62;&#x40;&#x75;&#103;r&#46;&#x65;&#x73; FORMULARIO-MATRICULA-COVIDTECA.docx<\/p>\n","protected":false},"author":590,"featured_media":0,"parent":0,"menu_order":0,"comment_status":"closed","ping_status":"closed","template":"","meta":{"_genesis_hide_title":false,"_genesis_hide_breadcrumbs":false,"_genesis_hide_singular_image":false,"_genesis_hide_footer_widgets":false,"_genesis_custom_body_class":"","_genesis_custom_post_class":"","_genesis_layout":"","footnotes":""},"categories":[],"tags":[],"class_list":{"0":"post-197","1":"page","2":"type-page","3":"status-publish","5":"entry","6":"has-post-thumbnail"},"_links":{"self":[{"href":"https:\/\/blogs.ugr.es\/covidteca\/wp-json\/wp\/v2\/pages\/197","targetHints":{"allow":["GET"]}}],"collection":[{"href":"https:\/\/blogs.ugr.es\/covidteca\/wp-json\/wp\/v2\/pages"}],"about":[{"href":"https:\/\/blogs.ugr.es\/covidteca\/wp-json\/wp\/v2\/types\/page"}],"author":[{"embeddable":true,"href":"https:\/\/blogs.ugr.es\/covidteca\/wp-json\/wp\/v2\/users\/590"}],"replies":[{"embeddable":true,"href":"https:\/\/blogs.ugr.es\/covidteca\/wp-json\/wp\/v2\/comments?post=197"}],"version-history":[{"count":3,"href":"https:\/\/blogs.ugr.es\/covidteca\/wp-json\/wp\/v2\/pages\/197\/revisions"}],"predecessor-version":[{"id":315,"href":"https:\/\/blogs.ugr.es\/covidteca\/wp-json\/wp\/v2\/pages\/197\/revisions\/315"}],"wp:attachment":[{"href":"https:\/\/blogs.ugr.es\/covidteca\/wp-json\/wp\/v2\/media?parent=197"}],"wp:term":[{"taxonomy":"category","embeddable":true,"href":"https:\/\/blogs.ugr.es\/covidteca\/wp-json\/wp\/v2\/categories?post=197"},{"taxonomy":"post_tag","embeddable":true,"href":"https:\/\/blogs.ugr.es\/covidteca\/wp-json\/wp\/v2\/tags?post=197"}],"curies":[{"name":"wp","href":"https:\/\/api.w.org\/{rel}","templated":true}]}}