{"id":199,"date":"2022-02-21T10:47:08","date_gmt":"2022-02-21T09:47:08","guid":{"rendered":"https:\/\/blogs.ugr.es\/covidteca\/?page_id=199"},"modified":"2022-02-21T11:36:55","modified_gmt":"2022-02-21T10:36:55","slug":"sede","status":"publish","type":"page","link":"https:\/\/blogs.ugr.es\/covidteca\/sede\/","title":{"rendered":"Sede"},"content":{"rendered":"<p><img loading=\"lazy\" decoding=\"async\" class=\"wp-image-212 aligncenter\" src=\"https:\/\/blogs.ugr.es\/covidteca\/wp-content\/uploads\/sites\/122\/2022\/02\/ugr-facultad-de-filosofia-y-letras-background.jpg\" alt=\"\" width=\"601\" height=\"351\" srcset=\"https:\/\/blogs.ugr.es\/covidteca\/wp-content\/uploads\/sites\/122\/2022\/02\/ugr-facultad-de-filosofia-y-letras-background.jpg 800w, https:\/\/blogs.ugr.es\/covidteca\/wp-content\/uploads\/sites\/122\/2022\/02\/ugr-facultad-de-filosofia-y-letras-background-300x175.jpg 300w, https:\/\/blogs.ugr.es\/covidteca\/wp-content\/uploads\/sites\/122\/2022\/02\/ugr-facultad-de-filosofia-y-letras-background-700x409.jpg 700w\" sizes=\"auto, (max-width: 601px) 100vw, 601px\" \/><\/p>\n<blockquote><p><strong>Facultad de Filosof\u00eda y Letras de la Universidad de Granada, 18071, Campus de Cartuja, Granada.<\/strong><\/p>\n<ul>\n<li><strong>Enlace<\/strong> a la sede: <a href=\"https:\/\/filosofiayletras.ugr.es\/\"><strong>aqu\u00ed<\/strong><\/a><\/li>\n<li><strong>Modalidad presencial:<\/strong> Aula Garc\u00eda Lorca<\/li>\n<li><strong>Modalidad virtual:<\/strong> <strong><a href=\"https:\/\/www.youtube.com\/channel\/UC7VlwQeuxeb1UK5mYh3SXmA\/featured\">canal de YouTube de Iberlab<\/a><\/strong><\/li>\n<li><strong>Correo<\/strong> de contacto: ana&#103;&#64;&#117;&#103;&#x72;&#x2e;&#x65;&#x73; \/ &#105;b&#x65;r&#x6c;&#97;&#x62;&#64;&#x75;&#103;r&#x2e;e&#x73;<\/li>\n<\/ul>\n<\/blockquote>\n<p><a href=\"https:\/\/goo.gl\/maps\/MLw5yKhvJGRL7Ery8\"><img loading=\"lazy\" decoding=\"async\" class=\"wp-image-226 aligncenter\" src=\"https:\/\/blogs.ugr.es\/covidteca\/wp-content\/uploads\/sites\/122\/2022\/02\/Captura-de-pantalla-2022-02-21-a-las-11.35.30.jpg\" alt=\"\" width=\"515\" height=\"382\" srcset=\"https:\/\/blogs.ugr.es\/covidteca\/wp-content\/uploads\/sites\/122\/2022\/02\/Captura-de-pantalla-2022-02-21-a-las-11.35.30.jpg 800w, https:\/\/blogs.ugr.es\/covidteca\/wp-content\/uploads\/sites\/122\/2022\/02\/Captura-de-pantalla-2022-02-21-a-las-11.35.30-300x223.jpg 300w, https:\/\/blogs.ugr.es\/covidteca\/wp-content\/uploads\/sites\/122\/2022\/02\/Captura-de-pantalla-2022-02-21-a-las-11.35.30-700x520.jpg 700w\" sizes=\"auto, (max-width: 515px) 100vw, 515px\" \/><\/a><\/p>\n","protected":false},"excerpt":{"rendered":"<p>Facultad de Filosof\u00eda y Letras de la Universidad de Granada, 18071, Campus de Cartuja, Granada. Enlace a la sede: aqu\u00ed Modalidad presencial: Aula Garc\u00eda Lorca Modalidad virtual: canal de YouTube de Iberlab Correo de contacto: &#x61;&#x6e;&#x61;&#x67;&#x40;&#117;&#103;&#114;&#46;es \/ &#105;&#x62;&#101;&#x72;l&#x61;b&#64;&#x75;&#103;&#x72;&#46;&#x65;s<\/p>\n","protected":false},"author":590,"featured_media":0,"parent":0,"menu_order":0,"comment_status":"closed","ping_status":"closed","template":"","meta":{"_genesis_hide_title":false,"_genesis_hide_breadcrumbs":false,"_genesis_hide_singular_image":false,"_genesis_hide_footer_widgets":false,"_genesis_custom_body_class":"","_genesis_custom_post_class":"","_genesis_layout":"","footnotes":""},"categories":[],"tags":[],"class_list":{"0":"post-199","1":"page","2":"type-page","3":"status-publish","5":"entry","6":"has-post-thumbnail"},"_links":{"self":[{"href":"https:\/\/blogs.ugr.es\/covidteca\/wp-json\/wp\/v2\/pages\/199","targetHints":{"allow":["GET"]}}],"collection":[{"href":"https:\/\/blogs.ugr.es\/covidteca\/wp-json\/wp\/v2\/pages"}],"about":[{"href":"https:\/\/blogs.ugr.es\/covidteca\/wp-json\/wp\/v2\/types\/page"}],"author":[{"embeddable":true,"href":"https:\/\/blogs.ugr.es\/covidteca\/wp-json\/wp\/v2\/users\/590"}],"replies":[{"embeddable":true,"href":"https:\/\/blogs.ugr.es\/covidteca\/wp-json\/wp\/v2\/comments?post=199"}],"version-history":[{"count":3,"href":"https:\/\/blogs.ugr.es\/covidteca\/wp-json\/wp\/v2\/pages\/199\/revisions"}],"predecessor-version":[{"id":227,"href":"https:\/\/blogs.ugr.es\/covidteca\/wp-json\/wp\/v2\/pages\/199\/revisions\/227"}],"wp:attachment":[{"href":"https:\/\/blogs.ugr.es\/covidteca\/wp-json\/wp\/v2\/media?parent=199"}],"wp:term":[{"taxonomy":"category","embeddable":true,"href":"https:\/\/blogs.ugr.es\/covidteca\/wp-json\/wp\/v2\/categories?post=199"},{"taxonomy":"post_tag","embeddable":true,"href":"https:\/\/blogs.ugr.es\/covidteca\/wp-json\/wp\/v2\/tags?post=199"}],"curies":[{"name":"wp","href":"https:\/\/api.w.org\/{rel}","templated":true}]}}