{"id":209,"date":"2022-02-21T10:50:30","date_gmt":"2022-02-21T09:50:30","guid":{"rendered":"https:\/\/blogs.ugr.es\/covidteca\/?page_id=209"},"modified":"2022-03-10T11:18:57","modified_gmt":"2022-03-10T10:18:57","slug":"ponentes","status":"publish","type":"page","link":"https:\/\/blogs.ugr.es\/covidteca\/ponentes\/","title":{"rendered":"Ponentes"},"content":{"rendered":"<p><a href=\"https:\/\/granada.academia.edu\/AnaGallegoCui%C3%B1as\" target=\"_blank\" rel=\"noopener\"><img loading=\"lazy\" decoding=\"async\" class=\"aligncenter wp-image-249\" src=\"https:\/\/blogs.ugr.es\/covidteca\/wp-content\/uploads\/sites\/122\/2022\/02\/Captura-de-pantalla-2022-02-22-a-las-11.04.01.png\" alt=\"\" width=\"258\" height=\"186\" srcset=\"https:\/\/blogs.ugr.es\/covidteca\/wp-content\/uploads\/sites\/122\/2022\/02\/Captura-de-pantalla-2022-02-22-a-las-11.04.01.png 544w, https:\/\/blogs.ugr.es\/covidteca\/wp-content\/uploads\/sites\/122\/2022\/02\/Captura-de-pantalla-2022-02-22-a-las-11.04.01-300x216.png 300w\" sizes=\"auto, (max-width: 258px) 100vw, 258px\" \/><\/a><\/p>\n<p style=\"text-align: center\"><em>Ana Gallego Cui\u00f1as (Universidad de Granada)<\/em><\/p>\n<p><a href=\"https:\/\/www.ugr.es\/~filosofia\/departamento\/=perez-tapias-ja.htm\" target=\"_blank\" rel=\"noopener\"><img loading=\"lazy\" decoding=\"async\" class=\"wp-image-272 aligncenter\" src=\"https:\/\/blogs.ugr.es\/covidteca\/wp-content\/uploads\/sites\/122\/2022\/02\/Captura-de-pantalla-2022-02-24-a-las-9.53.50.png\" alt=\"\" width=\"247\" height=\"182\" srcset=\"https:\/\/blogs.ugr.es\/covidteca\/wp-content\/uploads\/sites\/122\/2022\/02\/Captura-de-pantalla-2022-02-24-a-las-9.53.50.png 518w, https:\/\/blogs.ugr.es\/covidteca\/wp-content\/uploads\/sites\/122\/2022\/02\/Captura-de-pantalla-2022-02-24-a-las-9.53.50-300x221.png 300w\" sizes=\"auto, (max-width: 247px) 100vw, 247px\" \/><\/a><\/p>\n<p style=\"text-align: center\"><em>Jos\u00e9 Antonio P\u00e9rez Tapias (Universidad de Granada)<\/em><\/p>\n<p><a href=\"https:\/\/rll.wustl.edu\/people\/mabel-mora%C3%B1a\" target=\"_blank\" rel=\"noopener\"><img loading=\"lazy\" decoding=\"async\" class=\"wp-image-252 aligncenter\" src=\"https:\/\/blogs.ugr.es\/covidteca\/wp-content\/uploads\/sites\/122\/2022\/02\/Captura-de-pantalla-2022-02-22-a-las-11.09.40.png\" alt=\"\" width=\"231\" height=\"189\" srcset=\"https:\/\/blogs.ugr.es\/covidteca\/wp-content\/uploads\/sites\/122\/2022\/02\/Captura-de-pantalla-2022-02-22-a-las-11.09.40.png 484w, https:\/\/blogs.ugr.es\/covidteca\/wp-content\/uploads\/sites\/122\/2022\/02\/Captura-de-pantalla-2022-02-22-a-las-11.09.40-300x245.png 300w\" sizes=\"auto, (max-width: 231px) 100vw, 231px\" \/><\/a><\/p>\n<p style=\"text-align: center\"><em>Mabel Mora\u00f1a (Washington University in Saint Louis)<\/em><\/p>\n<p><a href=\"https:\/\/filosofia.unizar.es\/personal\/juan-manuel-aragues-estragues\" target=\"_blank\" rel=\"noopener\"><img loading=\"lazy\" decoding=\"async\" class=\"wp-image-294 aligncenter\" src=\"https:\/\/blogs.ugr.es\/covidteca\/wp-content\/uploads\/sites\/122\/2022\/02\/Captura-de-pantalla-2022-02-25-a-las-12.31.35.png\" alt=\"\" width=\"240\" height=\"182\" srcset=\"https:\/\/blogs.ugr.es\/covidteca\/wp-content\/uploads\/sites\/122\/2022\/02\/Captura-de-pantalla-2022-02-25-a-las-12.31.35.png 528w, https:\/\/blogs.ugr.es\/covidteca\/wp-content\/uploads\/sites\/122\/2022\/02\/Captura-de-pantalla-2022-02-25-a-las-12.31.35-300x227.png 300w\" sizes=\"auto, (max-width: 240px) 100vw, 240px\" \/><\/a><\/p>\n<p style=\"text-align: center\"><em>Juan Manuel Arag\u00fc\u00e9s (Universidad de Zaragoza)<\/em><\/p>\n<p><a href=\"https:\/\/dialnet.unirioja.es\/servlet\/autor?codigo=847266\" target=\"_blank\" rel=\"noopener\"><img loading=\"lazy\" decoding=\"async\" class=\"wp-image-253 aligncenter\" src=\"https:\/\/blogs.ugr.es\/covidteca\/wp-content\/uploads\/sites\/122\/2022\/02\/Captura-de-pantalla-2022-02-22-a-las-11.12.03.png\" alt=\"\" width=\"233\" height=\"190\" srcset=\"https:\/\/blogs.ugr.es\/covidteca\/wp-content\/uploads\/sites\/122\/2022\/02\/Captura-de-pantalla-2022-02-22-a-las-11.12.03.png 366w, https:\/\/blogs.ugr.es\/covidteca\/wp-content\/uploads\/sites\/122\/2022\/02\/Captura-de-pantalla-2022-02-22-a-las-11.12.03-300x244.png 300w\" sizes=\"auto, (max-width: 233px) 100vw, 233px\" \/><\/a><\/p>\n<p style=\"text-align: center\"><em>Azucena Gonz\u00e1lez Blanco (Universidad de Granada)<\/em><\/p>\n<p><a href=\"https:\/\/www.ugr.es\/~filosofia\/departamento\/=barroso-fernandez-o.htm\" target=\"_blank\" rel=\"noopener\"><img loading=\"lazy\" decoding=\"async\" class=\"wp-image-254 aligncenter\" src=\"https:\/\/blogs.ugr.es\/covidteca\/wp-content\/uploads\/sites\/122\/2022\/02\/Captura-de-pantalla-2022-02-22-a-las-11.13.13.png\" alt=\"\" width=\"258\" height=\"202\" srcset=\"https:\/\/blogs.ugr.es\/covidteca\/wp-content\/uploads\/sites\/122\/2022\/02\/Captura-de-pantalla-2022-02-22-a-las-11.13.13.png 378w, https:\/\/blogs.ugr.es\/covidteca\/wp-content\/uploads\/sites\/122\/2022\/02\/Captura-de-pantalla-2022-02-22-a-las-11.13.13-300x235.png 300w\" sizes=\"auto, (max-width: 258px) 100vw, 258px\" \/><\/a><\/p>\n<p style=\"text-align: center\"><em>\u00d3scar Barroso (Universidad de Granada)<\/em><\/p>\n<p><a href=\"https:\/\/investigacion.ugr.es\/ugrinvestiga\/static\/Buscador\/*\/investigadores\/ficha\/20011701\" target=\"_blank\" rel=\"noopener\"><img loading=\"lazy\" decoding=\"async\" class=\"wp-image-323 aligncenter\" src=\"https:\/\/blogs.ugr.es\/covidteca\/wp-content\/uploads\/sites\/122\/2022\/03\/Captura-de-pantalla-2022-03-10-a-las-11.16.50.png\" alt=\"\" width=\"247\" height=\"191\" srcset=\"https:\/\/blogs.ugr.es\/covidteca\/wp-content\/uploads\/sites\/122\/2022\/03\/Captura-de-pantalla-2022-03-10-a-las-11.16.50.png 552w, https:\/\/blogs.ugr.es\/covidteca\/wp-content\/uploads\/sites\/122\/2022\/03\/Captura-de-pantalla-2022-03-10-a-las-11.16.50-300x233.png 300w\" sizes=\"auto, (max-width: 247px) 100vw, 247px\" \/><\/a><\/p>\n<p style=\"text-align: center\"><em>Francisco J. Alcal\u00e1 Rodr\u00edguez (Universidad de Granada)<\/em><\/p>\n<p><img loading=\"lazy\" decoding=\"async\" class=\"wp-image-273 aligncenter\" src=\"https:\/\/blogs.ugr.es\/covidteca\/wp-content\/uploads\/sites\/122\/2022\/02\/Captura-de-pantalla-2022-02-24-a-las-9.55.37.png\" alt=\"\" width=\"268\" height=\"191\" srcset=\"https:\/\/blogs.ugr.es\/covidteca\/wp-content\/uploads\/sites\/122\/2022\/02\/Captura-de-pantalla-2022-02-24-a-las-9.55.37.png 546w, https:\/\/blogs.ugr.es\/covidteca\/wp-content\/uploads\/sites\/122\/2022\/02\/Captura-de-pantalla-2022-02-24-a-las-9.55.37-300x214.png 300w\" sizes=\"auto, (max-width: 268px) 100vw, 268px\" \/><\/p>\n<p style=\"text-align: center\"><em>Elisabeth Hobisch (Universidad de Graz)<br \/>\n<\/em><\/p>\n<p><a href=\"https:\/\/www.usc.gal\/es\/departamento\/lengua-literatura-espanolas-teoria-literatura-linguistica\/directorio\/paulo-gatica-cote-681325\" target=\"_blank\" rel=\"noopener\"><img loading=\"lazy\" decoding=\"async\" class=\"wp-image-255 aligncenter\" src=\"https:\/\/blogs.ugr.es\/covidteca\/wp-content\/uploads\/sites\/122\/2022\/02\/Captura-de-pantalla-2022-02-22-a-las-11.14.52.png\" alt=\"\" width=\"249\" height=\"188\" srcset=\"https:\/\/blogs.ugr.es\/covidteca\/wp-content\/uploads\/sites\/122\/2022\/02\/Captura-de-pantalla-2022-02-22-a-las-11.14.52.png 384w, https:\/\/blogs.ugr.es\/covidteca\/wp-content\/uploads\/sites\/122\/2022\/02\/Captura-de-pantalla-2022-02-22-a-las-11.14.52-300x227.png 300w\" sizes=\"auto, (max-width: 249px) 100vw, 249px\" \/><\/a><\/p>\n<p style=\"text-align: center\"><em>Paulo G\u00e1tica Cote (Universidad de Santiago de Compostela)<\/em><\/p>\n<p><img loading=\"lazy\" decoding=\"async\" class=\"wp-image-256 aligncenter\" src=\"https:\/\/blogs.ugr.es\/covidteca\/wp-content\/uploads\/sites\/122\/2022\/02\/Captura-de-pantalla-2022-02-22-a-las-11.19.41.png\" alt=\"\" width=\"234\" height=\"209\" srcset=\"https:\/\/blogs.ugr.es\/covidteca\/wp-content\/uploads\/sites\/122\/2022\/02\/Captura-de-pantalla-2022-02-22-a-las-11.19.41.png 336w, https:\/\/blogs.ugr.es\/covidteca\/wp-content\/uploads\/sites\/122\/2022\/02\/Captura-de-pantalla-2022-02-22-a-las-11.19.41-300x268.png 300w\" sizes=\"auto, (max-width: 234px) 100vw, 234px\" \/><\/p>\n<p style=\"text-align: center\"><em>Javier Helgueta Manso (UNAM, M\u00e9xico)<\/em><\/p>\n<p><a href=\"https:\/\/scholar.google.es\/citations?user=KOycox4AAAAJ&amp;hl=es\" target=\"_blank\" rel=\"noopener\"><img loading=\"lazy\" decoding=\"async\" class=\"wp-image-257 aligncenter\" src=\"https:\/\/blogs.ugr.es\/covidteca\/wp-content\/uploads\/sites\/122\/2022\/02\/Captura-de-pantalla-2022-02-22-a-las-11.21.08.png\" alt=\"\" width=\"258\" height=\"188\" srcset=\"https:\/\/blogs.ugr.es\/covidteca\/wp-content\/uploads\/sites\/122\/2022\/02\/Captura-de-pantalla-2022-02-22-a-las-11.21.08.png 398w, https:\/\/blogs.ugr.es\/covidteca\/wp-content\/uploads\/sites\/122\/2022\/02\/Captura-de-pantalla-2022-02-22-a-las-11.21.08-300x219.png 300w\" sizes=\"auto, (max-width: 258px) 100vw, 258px\" \/><\/a><\/p>\n<p style=\"text-align: center\"><em>Mar\u00eda Jos\u00e9 Oteros Tapias (Universidad de Granada)<\/em><\/p>\n<p><a href=\"https:\/\/www.ugr.es\/personal\/marta-fernandez-extremera\" target=\"_blank\" rel=\"noopener\"><img loading=\"lazy\" decoding=\"async\" class=\"wp-image-258 aligncenter\" src=\"https:\/\/blogs.ugr.es\/covidteca\/wp-content\/uploads\/sites\/122\/2022\/02\/Captura-de-pantalla-2022-02-22-a-las-11.23.08.png\" alt=\"\" width=\"229\" height=\"186\" srcset=\"https:\/\/blogs.ugr.es\/covidteca\/wp-content\/uploads\/sites\/122\/2022\/02\/Captura-de-pantalla-2022-02-22-a-las-11.23.08.png 352w, https:\/\/blogs.ugr.es\/covidteca\/wp-content\/uploads\/sites\/122\/2022\/02\/Captura-de-pantalla-2022-02-22-a-las-11.23.08-300x244.png 300w\" sizes=\"auto, (max-width: 229px) 100vw, 229px\" \/><\/a><\/p>\n<p style=\"text-align: center\"><em>Marta Fern\u00e1ndez Extremera (Universidad de Granada)<\/em><\/p>\n<p><img loading=\"lazy\" decoding=\"async\" class=\"wp-image-289 aligncenter\" src=\"https:\/\/blogs.ugr.es\/covidteca\/wp-content\/uploads\/sites\/122\/2022\/02\/Captura-de-pantalla-2022-02-24-a-las-12.29.51.png\" alt=\"\" width=\"230\" height=\"187\" srcset=\"https:\/\/blogs.ugr.es\/covidteca\/wp-content\/uploads\/sites\/122\/2022\/02\/Captura-de-pantalla-2022-02-24-a-las-12.29.51.png 486w, https:\/\/blogs.ugr.es\/covidteca\/wp-content\/uploads\/sites\/122\/2022\/02\/Captura-de-pantalla-2022-02-24-a-las-12.29.51-300x244.png 300w\" sizes=\"auto, (max-width: 230px) 100vw, 230px\" \/><\/p>\n<p style=\"text-align: center\"><em>Mar\u00eda P\u00e9rez Vargas (Universida de Granada)<\/em><\/p>\n<p>&nbsp;<\/p>\n","protected":false},"excerpt":{"rendered":"<p>Ana Gallego Cui\u00f1as (Universidad de Granada) Jos\u00e9 Antonio P\u00e9rez Tapias (Universidad de Granada) Mabel Mora\u00f1a (Washington University in Saint Louis) Juan Manuel Arag\u00fc\u00e9s (Universidad de Zaragoza) Azucena Gonz\u00e1lez Blanco (Universidad de Granada) \u00d3scar Barroso (Universidad de Granada) Francisco J. Alcal\u00e1 Rodr\u00edguez (Universidad de Granada) Elisabeth Hobisch (Universidad de Graz) Paulo G\u00e1tica Cote (Universidad de Santiago&hellip; <a href=\"https:\/\/blogs.ugr.es\/covidteca\/ponentes\/\" class=\"more-link\">Read more <span class=\"screen-reader-text\">acerca de Ponentes<\/span><\/a><\/p>\n","protected":false},"author":590,"featured_media":0,"parent":0,"menu_order":0,"comment_status":"closed","ping_status":"closed","template":"","meta":{"_genesis_hide_title":false,"_genesis_hide_breadcrumbs":false,"_genesis_hide_singular_image":false,"_genesis_hide_footer_widgets":false,"_genesis_custom_body_class":"","_genesis_custom_post_class":"","_genesis_layout":"","footnotes":""},"categories":[],"tags":[],"class_list":{"0":"post-209","1":"page","2":"type-page","3":"status-publish","5":"entry","6":"has-post-thumbnail"},"_links":{"self":[{"href":"https:\/\/blogs.ugr.es\/covidteca\/wp-json\/wp\/v2\/pages\/209","targetHints":{"allow":["GET"]}}],"collection":[{"href":"https:\/\/blogs.ugr.es\/covidteca\/wp-json\/wp\/v2\/pages"}],"about":[{"href":"https:\/\/blogs.ugr.es\/covidteca\/wp-json\/wp\/v2\/types\/page"}],"author":[{"embeddable":true,"href":"https:\/\/blogs.ugr.es\/covidteca\/wp-json\/wp\/v2\/users\/590"}],"replies":[{"embeddable":true,"href":"https:\/\/blogs.ugr.es\/covidteca\/wp-json\/wp\/v2\/comments?post=209"}],"version-history":[{"count":3,"href":"https:\/\/blogs.ugr.es\/covidteca\/wp-json\/wp\/v2\/pages\/209\/revisions"}],"predecessor-version":[{"id":324,"href":"https:\/\/blogs.ugr.es\/covidteca\/wp-json\/wp\/v2\/pages\/209\/revisions\/324"}],"wp:attachment":[{"href":"https:\/\/blogs.ugr.es\/covidteca\/wp-json\/wp\/v2\/media?parent=209"}],"wp:term":[{"taxonomy":"category","embeddable":true,"href":"https:\/\/blogs.ugr.es\/covidteca\/wp-json\/wp\/v2\/categories?post=209"},{"taxonomy":"post_tag","embeddable":true,"href":"https:\/\/blogs.ugr.es\/covidteca\/wp-json\/wp\/v2\/tags?post=209"}],"curies":[{"name":"wp","href":"https:\/\/api.w.org\/{rel}","templated":true}]}}