{"id":241,"date":"2022-02-21T11:57:22","date_gmt":"2022-02-21T10:57:22","guid":{"rendered":"https:\/\/blogs.ugr.es\/covidteca\/?page_id=241"},"modified":"2022-02-25T10:49:53","modified_gmt":"2022-02-25T09:49:53","slug":"presentacion","status":"publish","type":"page","link":"https:\/\/blogs.ugr.es\/covidteca\/presentacion\/","title":{"rendered":"Presentaci\u00f3n"},"content":{"rendered":"<p>El Congreso Internacional \u201cCOVIDTECA. Pandemia, pensamiento y Big Data en Iberoam\u00e9rica\u201d es resultado del Proyecto I + D \u00abCOVIDTECA. Hemeroteca de Humanidades sobre el impacto socio-econ\u00f3mico y la incidencia cultural de la pandemia de coronavirus\u00bb que puso en marcha la Unidad de Excelencia Iber-Lab en marzo 2020 y que ha sido financiado por los Fondos FEDER y la Junta de Andaluc\u00eda.<\/p>\n<p>El proyecto COVIDTECA ha desarrollado una hemeroteca (www.covidteca.org) donde est\u00e1n disponibles m\u00e1s de 7000 art\u00edculos publicados en medios de comunicaci\u00f3n, blogs, y revistas de Espa\u00f1a y Latinoam\u00e9rica -hay un total de 16 pa\u00edses- durante el primer a\u00f1o de la pandemia de coronavirus COVID19, articulados sobre la base de un doble an\u00e1lisis cualitativo (humanista) y cuantitativo (Big Data). En este congreso internacional presentamos el estudio de conjunto que hemos llevado a cabo a partir de ese material, mediante categor\u00edas de pensamiento de las Humanidades y el uso de t\u00e9cnicas de procesamiento de datos como el Topic Modeling. As\u00ed, nuestra reflexi\u00f3n se ha centrado en variables geopol\u00edticas, temporales y epist\u00e9micas tales como la biopol\u00edtica, bio\u00e9tica, estudios de g\u00e9nero, arte, estudios sensoriales y afectivos, poscolonialismo, redes sociales, teatro y espect\u00e1culo, universidad, etc.<\/p>\n<p>En el contexto de una sociedad digital que cada vez produce m\u00e1s informaci\u00f3n, las nuevas herramientas tecnol\u00f3gicas del Big Data han de trenzarse con los marcos de pensamiento y los procesos tradicionales de investigaci\u00f3n en Humanidades. De esta manera, el objetivo principal de nuestro congreso es dar respuesta a los problemas que genera la producci\u00f3n masiva de datos si estos permanecen dispersos, dado que es necesario un enfoque combinado, desde las humanidades y el data\u00edsmo, para ofrecer una cartograf\u00eda veraz del modo en que se ha pensado, a un lado y otro del Atl\u00e1ntico, las consecuencias de la primera pandemia del siglo XXI.<\/p>\n","protected":false},"excerpt":{"rendered":"<p>El Congreso Internacional \u201cCOVIDTECA. Pandemia, pensamiento y Big Data en Iberoam\u00e9rica\u201d es resultado del Proyecto I + D \u00abCOVIDTECA. Hemeroteca de Humanidades sobre el impacto socio-econ\u00f3mico y la incidencia cultural de la pandemia de coronavirus\u00bb que puso en marcha la Unidad de Excelencia Iber-Lab en marzo 2020 y que ha sido financiado por los Fondos&hellip; <a href=\"https:\/\/blogs.ugr.es\/covidteca\/presentacion\/\" class=\"more-link\">Read more <span class=\"screen-reader-text\">acerca de Presentaci\u00f3n<\/span><\/a><\/p>\n","protected":false},"author":590,"featured_media":0,"parent":0,"menu_order":0,"comment_status":"closed","ping_status":"closed","template":"","meta":{"_genesis_hide_title":false,"_genesis_hide_breadcrumbs":false,"_genesis_hide_singular_image":false,"_genesis_hide_footer_widgets":false,"_genesis_custom_body_class":"","_genesis_custom_post_class":"","_genesis_layout":"","footnotes":""},"categories":[],"tags":[],"class_list":{"0":"post-241","1":"page","2":"type-page","3":"status-publish","5":"entry"},"_links":{"self":[{"href":"https:\/\/blogs.ugr.es\/covidteca\/wp-json\/wp\/v2\/pages\/241","targetHints":{"allow":["GET"]}}],"collection":[{"href":"https:\/\/blogs.ugr.es\/covidteca\/wp-json\/wp\/v2\/pages"}],"about":[{"href":"https:\/\/blogs.ugr.es\/covidteca\/wp-json\/wp\/v2\/types\/page"}],"author":[{"embeddable":true,"href":"https:\/\/blogs.ugr.es\/covidteca\/wp-json\/wp\/v2\/users\/590"}],"replies":[{"embeddable":true,"href":"https:\/\/blogs.ugr.es\/covidteca\/wp-json\/wp\/v2\/comments?post=241"}],"version-history":[{"count":3,"href":"https:\/\/blogs.ugr.es\/covidteca\/wp-json\/wp\/v2\/pages\/241\/revisions"}],"predecessor-version":[{"id":293,"href":"https:\/\/blogs.ugr.es\/covidteca\/wp-json\/wp\/v2\/pages\/241\/revisions\/293"}],"wp:attachment":[{"href":"https:\/\/blogs.ugr.es\/covidteca\/wp-json\/wp\/v2\/media?parent=241"}],"wp:term":[{"taxonomy":"category","embeddable":true,"href":"https:\/\/blogs.ugr.es\/covidteca\/wp-json\/wp\/v2\/categories?post=241"},{"taxonomy":"post_tag","embeddable":true,"href":"https:\/\/blogs.ugr.es\/covidteca\/wp-json\/wp\/v2\/tags?post=241"}],"curies":[{"name":"wp","href":"https:\/\/api.w.org\/{rel}","templated":true}]}}