{"id":119,"date":"2018-01-22T09:22:43","date_gmt":"2018-01-22T08:22:43","guid":{"rendered":"https:\/\/blogs.ugr.es\/definret\/?page_id=119"},"modified":"2025-01-08T10:39:23","modified_gmt":"2025-01-08T09:39:23","slug":"inicio","status":"publish","type":"page","link":"https:\/\/blogs.ugr.es\/definret\/","title":{"rendered":"Bienvenidos"},"content":{"rendered":"\n<p>Bienvenidos al blog del proyecto de investigaci\u00f3n \u00abEl Derecho Financiero y Tributario ante el Reto Demogr\u00e1fico: envejecimiento, despoblaci\u00f3n y poblaci\u00f3n flotante\u00bb, a trav\u00e9s del cual procuramos dar respuesta a los grandes desaf\u00edos demogr\u00e1ficos que enfrenta Espa\u00f1a, como el envejecimiento acelerado de la poblaci\u00f3n, la despoblaci\u00f3n de \u00e1reas rurales y el creciente impacto de la poblaci\u00f3n flotante en los servicios y recursos p\u00fablicos.<\/p>\n\n\n\n<p>La realidad nos muestra que Espa\u00f1a se encuentra en un contexto demogr\u00e1fico preocupante. De acuerdo con las pir\u00e1mides poblacionales elaboradas por el INE de los a\u00f1os 2020, 2050 y 2070, el porcentaje de poblaci\u00f3n de 65 a\u00f1os y m\u00e1s, que actualmente se sit\u00faa en el 18,7% del total de la poblaci\u00f3n, pasar\u00eda a ser del 25,6% en 2031, y del 34,6% en 2066. Tambi\u00e9n se incrementa la tasa de dependencia \u2013relaci\u00f3n entre poblaci\u00f3n laboralmente no activa y activa\u2013 definida como el cociente, en tanto por ciento, entre la poblaci\u00f3n menor de 16 a\u00f1os o mayor de 64 y la poblaci\u00f3n de 16 a 64 a\u00f1os, que en la actualidad es del 53,5% y alcanzar\u00eda el 62,2% en 2031, y el 87,7% en 2066. La tasa de dependencia nos da una imagen a\u00fan m\u00e1s certera de lo que el envejecimiento implica para nuestra sociedad y que sit\u00faa a Espa\u00f1a entre los pa\u00edses con peor pron\u00f3stico. <\/p>\n\n\n\n<p>Nuestro objetivo es analizar c\u00f3mo estos fen\u00f3menos impactan en el sistema tributario y, particularmente, gasto p\u00fablico, a fin de proponer reformas que garanticen la sostenibilidad social y econ\u00f3mica. Con un enfoque interdisciplinario y apoy\u00e1ndonos en estudios comparados, buscamos identificar pol\u00edticas exitosas que puedan adaptarse a la realidad espa\u00f1ola. Este proyecto no solo pretende generar conocimiento acad\u00e9mico, sino tambi\u00e9n herramientas pr\u00e1cticas para el legislador y las instituciones p\u00fablicas.<\/p>\n\n\n\n<p>Nuestra misi\u00f3n es construir un futuro m\u00e1s inclusivo, sostenible y cohesionado territorialmente, donde las pol\u00edticas p\u00fablicas reflejen la realidad demogr\u00e1fica actual y futura de Espa\u00f1a. Invitamos a la sociedad, legisladores y expertos a conocer nuestro trabajo y a unirse a este esfuerzo por transformar los desaf\u00edos en oportunidades.<\/p>\n","protected":false},"excerpt":{"rendered":"<p>Bienvenidos al blog del proyecto de investigaci\u00f3n \u00abEl Derecho Financiero y Tributario ante el Reto Demogr\u00e1fico: envejecimiento, despoblaci\u00f3n y poblaci\u00f3n flotante\u00bb, a trav\u00e9s del cual procuramos dar respuesta a los grandes desaf\u00edos demogr\u00e1ficos que enfrenta Espa\u00f1a, como el envejecimiento acelerado de la poblaci\u00f3n, la despoblaci\u00f3n de \u00e1reas rurales y el creciente impacto de la poblaci\u00f3n [&hellip;]<\/p>\n","protected":false},"author":2,"featured_media":0,"parent":0,"menu_order":0,"comment_status":"closed","ping_status":"closed","template":"","meta":{"footnotes":""},"categories":[],"tags":[],"class_list":["post-119","page","type-page","status-publish","hentry"],"_links":{"self":[{"href":"https:\/\/blogs.ugr.es\/definret\/wp-json\/wp\/v2\/pages\/119","targetHints":{"allow":["GET"]}}],"collection":[{"href":"https:\/\/blogs.ugr.es\/definret\/wp-json\/wp\/v2\/pages"}],"about":[{"href":"https:\/\/blogs.ugr.es\/definret\/wp-json\/wp\/v2\/types\/page"}],"author":[{"embeddable":true,"href":"https:\/\/blogs.ugr.es\/definret\/wp-json\/wp\/v2\/users\/2"}],"replies":[{"embeddable":true,"href":"https:\/\/blogs.ugr.es\/definret\/wp-json\/wp\/v2\/comments?post=119"}],"version-history":[{"count":3,"href":"https:\/\/blogs.ugr.es\/definret\/wp-json\/wp\/v2\/pages\/119\/revisions"}],"predecessor-version":[{"id":224,"href":"https:\/\/blogs.ugr.es\/definret\/wp-json\/wp\/v2\/pages\/119\/revisions\/224"}],"wp:attachment":[{"href":"https:\/\/blogs.ugr.es\/definret\/wp-json\/wp\/v2\/media?parent=119"}],"wp:term":[{"taxonomy":"category","embeddable":true,"href":"https:\/\/blogs.ugr.es\/definret\/wp-json\/wp\/v2\/categories?post=119"},{"taxonomy":"post_tag","embeddable":true,"href":"https:\/\/blogs.ugr.es\/definret\/wp-json\/wp\/v2\/tags?post=119"}],"curies":[{"name":"wp","href":"https:\/\/api.w.org\/{rel}","templated":true}]}}