{"id":232,"date":"2025-03-14T10:15:26","date_gmt":"2025-03-14T09:15:26","guid":{"rendered":"https:\/\/blogs.ugr.es\/definret\/?page_id=232"},"modified":"2025-04-01T11:58:38","modified_gmt":"2025-04-01T09:58:38","slug":"quienes-somos","status":"publish","type":"page","link":"https:\/\/blogs.ugr.es\/definret\/quienes-somos\/","title":{"rendered":"Con\u00f3cenos"},"content":{"rendered":"\n<p>Somos miembros del Proyecto de Investigaci\u00f3n \u201cEl derecho financiero y tributario ante el reto demogr\u00e1fico: envejecimiento, despoblaci\u00f3n y poblaci\u00f3n flotante\u201d (PID2022-139078OB-I00), de la convocatoria 2022 de Proyectos de I+D+I (Generaci\u00f3n de Conocimiento y Retos Investigaci\u00f3n) de la Agencia Estatal de Investigaci\u00f3n, financiado por MCIN\/AEI\/10.13039\/501100011033\/FEDER, UE.<\/p>\n\n\n\n<div class=\"wp-block-columns is-layout-flex wp-container-core-columns-is-layout-9d6595d7 wp-block-columns-is-layout-flex\">\n<div class=\"wp-block-column is-layout-flow wp-block-column-is-layout-flow\">\n<figure class=\"wp-block-image size-large\"><a href=\"https:\/\/es.linkedin.com\/in\/yolanda-garc%C3%ADa-calvente-05334b30\"><img loading=\"lazy\" decoding=\"async\" width=\"617\" height=\"617\" src=\"https:\/\/blogs.ugr.es\/definret\/wp-content\/uploads\/sites\/150\/2025\/03\/Yolanda-G.-C-edited.jpeg\" alt=\"\" class=\"wp-image-257\" srcset=\"https:\/\/blogs.ugr.es\/definret\/wp-content\/uploads\/sites\/150\/2025\/03\/Yolanda-G.-C-edited.jpeg 617w, https:\/\/blogs.ugr.es\/definret\/wp-content\/uploads\/sites\/150\/2025\/03\/Yolanda-G.-C-edited-300x300.jpeg 300w, https:\/\/blogs.ugr.es\/definret\/wp-content\/uploads\/sites\/150\/2025\/03\/Yolanda-G.-C-edited-150x150.jpeg 150w, https:\/\/blogs.ugr.es\/definret\/wp-content\/uploads\/sites\/150\/2025\/03\/Yolanda-G.-C-edited-50x50.jpeg 50w, https:\/\/blogs.ugr.es\/definret\/wp-content\/uploads\/sites\/150\/2025\/03\/Yolanda-G.-C-edited-80x80.jpeg 80w\" sizes=\"auto, (max-width: 617px) 100vw, 617px\" \/><\/a><\/figure>\n\n\n\n<p class=\"has-text-align-center\"><strong>Yolanda Garc\u00eda Calvente<\/strong><br>Investigadora Principal (IP 1)<br>CATEDR\u00c1TICA DE UNIVERSIDAD<br><strong>UGR<br><\/strong>Dpto. de Derecho Financiero y Tributario<\/p>\n<\/div>\n\n\n\n<div class=\"wp-block-column is-layout-flow wp-block-column-is-layout-flow\">\n<figure class=\"wp-block-image size-large\"><img loading=\"lazy\" decoding=\"async\" width=\"700\" height=\"700\" src=\"https:\/\/blogs.ugr.es\/definret\/wp-content\/uploads\/sites\/150\/2025\/03\/Carolina-G.D-700x700.jpeg\" alt=\"\" class=\"wp-image-256\" srcset=\"https:\/\/blogs.ugr.es\/definret\/wp-content\/uploads\/sites\/150\/2025\/03\/Carolina-G.D-700x700.jpeg 700w, https:\/\/blogs.ugr.es\/definret\/wp-content\/uploads\/sites\/150\/2025\/03\/Carolina-G.D-300x300.jpeg 300w, https:\/\/blogs.ugr.es\/definret\/wp-content\/uploads\/sites\/150\/2025\/03\/Carolina-G.D-150x150.jpeg 150w, https:\/\/blogs.ugr.es\/definret\/wp-content\/uploads\/sites\/150\/2025\/03\/Carolina-G.D-50x50.jpeg 50w, https:\/\/blogs.ugr.es\/definret\/wp-content\/uploads\/sites\/150\/2025\/03\/Carolina-G.D-80x80.jpeg 80w, https:\/\/blogs.ugr.es\/definret\/wp-content\/uploads\/sites\/150\/2025\/03\/Carolina-G.D.jpeg 800w\" sizes=\"auto, (max-width: 700px) 100vw, 700px\" \/><\/figure>\n\n\n\n<p class=\"has-text-align-center\"><strong>Carolina Gala Dur\u00e1n<\/strong><br>Equipo de Investigaci\u00f3n<br>CATEDR\u00c1TICA DE UNIVERSIDAD<br><strong>UAB<\/strong><br>Dpto. de Derecho P\u00fablico y Ciencias Historicojur\u00eddicas<\/p>\n<\/div>\n\n\n\n<div class=\"wp-block-column is-layout-flow wp-block-column-is-layout-flow\">\n<figure class=\"wp-block-image size-large wp-duotone-grayscale\"><img loading=\"lazy\" decoding=\"async\" width=\"700\" height=\"700\" src=\"https:\/\/blogs.ugr.es\/definret\/wp-content\/uploads\/sites\/150\/2025\/03\/JesusRamos-P-700x700.jpg\" alt=\"\" class=\"wp-image-259\" srcset=\"https:\/\/blogs.ugr.es\/definret\/wp-content\/uploads\/sites\/150\/2025\/03\/JesusRamos-P-700x700.jpg 700w, https:\/\/blogs.ugr.es\/definret\/wp-content\/uploads\/sites\/150\/2025\/03\/JesusRamos-P-300x300.jpg 300w, https:\/\/blogs.ugr.es\/definret\/wp-content\/uploads\/sites\/150\/2025\/03\/JesusRamos-P-150x150.jpg 150w, https:\/\/blogs.ugr.es\/definret\/wp-content\/uploads\/sites\/150\/2025\/03\/JesusRamos-P-50x50.jpg 50w, https:\/\/blogs.ugr.es\/definret\/wp-content\/uploads\/sites\/150\/2025\/03\/JesusRamos-P-80x80.jpg 80w, https:\/\/blogs.ugr.es\/definret\/wp-content\/uploads\/sites\/150\/2025\/03\/JesusRamos-P.jpg 800w\" sizes=\"auto, (max-width: 700px) 100vw, 700px\" \/><\/figure>\n\n\n\n<p class=\"has-text-align-center\"><strong>Jes\u00fas Ramos Prieto<\/strong><br>Equipo de Investigaci\u00f3n<br>CATEDR\u00c1TICO DE UNIVERSIDAD<br><strong>UPO<br><\/strong>Dpto. de Derecho P\u00fablico <\/p>\n<\/div>\n<\/div>\n\n\n\n<div class=\"wp-block-columns is-layout-flex wp-container-core-columns-is-layout-9d6595d7 wp-block-columns-is-layout-flex\">\n<div class=\"wp-block-column is-layout-flow wp-block-column-is-layout-flow\">\n<figure class=\"wp-block-image size-full\"><img loading=\"lazy\" decoding=\"async\" width=\"495\" height=\"495\" src=\"https:\/\/blogs.ugr.es\/definret\/wp-content\/uploads\/sites\/150\/2025\/03\/Antonio-vaquera.jpg\" alt=\"\" class=\"wp-image-260\" srcset=\"https:\/\/blogs.ugr.es\/definret\/wp-content\/uploads\/sites\/150\/2025\/03\/Antonio-vaquera.jpg 495w, https:\/\/blogs.ugr.es\/definret\/wp-content\/uploads\/sites\/150\/2025\/03\/Antonio-vaquera-300x300.jpg 300w, https:\/\/blogs.ugr.es\/definret\/wp-content\/uploads\/sites\/150\/2025\/03\/Antonio-vaquera-150x150.jpg 150w, https:\/\/blogs.ugr.es\/definret\/wp-content\/uploads\/sites\/150\/2025\/03\/Antonio-vaquera-50x50.jpg 50w, https:\/\/blogs.ugr.es\/definret\/wp-content\/uploads\/sites\/150\/2025\/03\/Antonio-vaquera-80x80.jpg 80w\" sizes=\"auto, (max-width: 495px) 100vw, 495px\" \/><\/figure>\n\n\n\n<p class=\"has-text-align-center\"><strong>Antonio Vaquera Garc\u00eda<\/strong><br>Equipo de Investigaci\u00f3n<br>CATEDR\u00c1TICO DE UNIVERSIDAD<br><strong>ULE<\/strong><br>Departamento de Derecho P\u00fablico \u2013 \u00e1rea de Derecho Financiero y Tributario<\/p>\n<\/div>\n\n\n\n<div class=\"wp-block-column is-layout-flow wp-block-column-is-layout-flow\">\n<figure class=\"wp-block-image size-large wp-duotone-grayscale\"><img loading=\"lazy\" decoding=\"async\" width=\"533\" height=\"533\" src=\"https:\/\/blogs.ugr.es\/definret\/wp-content\/uploads\/sites\/150\/2025\/03\/Luis-Mochon-Lopez-edited.jpg\" alt=\"\" class=\"wp-image-262\" srcset=\"https:\/\/blogs.ugr.es\/definret\/wp-content\/uploads\/sites\/150\/2025\/03\/Luis-Mochon-Lopez-edited.jpg 533w, https:\/\/blogs.ugr.es\/definret\/wp-content\/uploads\/sites\/150\/2025\/03\/Luis-Mochon-Lopez-edited-300x300.jpg 300w, https:\/\/blogs.ugr.es\/definret\/wp-content\/uploads\/sites\/150\/2025\/03\/Luis-Mochon-Lopez-edited-150x150.jpg 150w, https:\/\/blogs.ugr.es\/definret\/wp-content\/uploads\/sites\/150\/2025\/03\/Luis-Mochon-Lopez-edited-50x50.jpg 50w, https:\/\/blogs.ugr.es\/definret\/wp-content\/uploads\/sites\/150\/2025\/03\/Luis-Mochon-Lopez-edited-80x80.jpg 80w\" sizes=\"auto, (max-width: 533px) 100vw, 533px\" \/><\/figure>\n\n\n\n<p class=\"has-text-align-center\"><strong>Luis Ignacio Moch\u00f3n L\u00f3pez<\/strong><br>Equipo de Investigaci\u00f3n<br>CATEDR\u00c1TICO DE UNIVERSIDAD<br><strong>UGR<\/strong><br>Dpto. de Derecho Financiero y Tributario<\/p>\n<\/div>\n\n\n\n<div class=\"wp-block-column is-layout-flow wp-block-column-is-layout-flow\">\n<figure class=\"wp-block-image size-large wp-duotone-grayscale\"><img loading=\"lazy\" decoding=\"async\" width=\"533\" height=\"533\" src=\"https:\/\/blogs.ugr.es\/definret\/wp-content\/uploads\/sites\/150\/2025\/03\/Maria-Jose-Fernandez-Paves-edited.jpg\" alt=\"\" class=\"wp-image-264\" srcset=\"https:\/\/blogs.ugr.es\/definret\/wp-content\/uploads\/sites\/150\/2025\/03\/Maria-Jose-Fernandez-Paves-edited.jpg 533w, https:\/\/blogs.ugr.es\/definret\/wp-content\/uploads\/sites\/150\/2025\/03\/Maria-Jose-Fernandez-Paves-edited-300x300.jpg 300w, https:\/\/blogs.ugr.es\/definret\/wp-content\/uploads\/sites\/150\/2025\/03\/Maria-Jose-Fernandez-Paves-edited-150x150.jpg 150w, https:\/\/blogs.ugr.es\/definret\/wp-content\/uploads\/sites\/150\/2025\/03\/Maria-Jose-Fernandez-Paves-edited-50x50.jpg 50w, https:\/\/blogs.ugr.es\/definret\/wp-content\/uploads\/sites\/150\/2025\/03\/Maria-Jose-Fernandez-Paves-edited-80x80.jpg 80w\" sizes=\"auto, (max-width: 533px) 100vw, 533px\" \/><\/figure>\n\n\n\n<p class=\"has-text-align-center\"><strong>Mar\u00eda Jos\u00e9 Fern\u00e1ndez Pav\u00e9s<\/strong><br>Equipo de Investigaci\u00f3n<br>CATEDR\u00c1TICA DE UNIVERSIDAD<br><strong>UGR<\/strong><br>Dpto. de Derecho Financiero y Tributario<\/p>\n<\/div>\n<\/div>\n\n\n\n<div class=\"wp-block-columns is-layout-flex wp-container-core-columns-is-layout-9d6595d7 wp-block-columns-is-layout-flex\">\n<div class=\"wp-block-column is-layout-flow wp-block-column-is-layout-flow\">\n<figure class=\"wp-block-image size-large wp-duotone-grayscale\"><img loading=\"lazy\" decoding=\"async\" width=\"533\" height=\"533\" src=\"https:\/\/blogs.ugr.es\/definret\/wp-content\/uploads\/sites\/150\/2025\/03\/Juan-Lopez-Martinez-edited.jpg\" alt=\"\" class=\"wp-image-266\" srcset=\"https:\/\/blogs.ugr.es\/definret\/wp-content\/uploads\/sites\/150\/2025\/03\/Juan-Lopez-Martinez-edited.jpg 533w, https:\/\/blogs.ugr.es\/definret\/wp-content\/uploads\/sites\/150\/2025\/03\/Juan-Lopez-Martinez-edited-300x300.jpg 300w, https:\/\/blogs.ugr.es\/definret\/wp-content\/uploads\/sites\/150\/2025\/03\/Juan-Lopez-Martinez-edited-150x150.jpg 150w, https:\/\/blogs.ugr.es\/definret\/wp-content\/uploads\/sites\/150\/2025\/03\/Juan-Lopez-Martinez-edited-50x50.jpg 50w, https:\/\/blogs.ugr.es\/definret\/wp-content\/uploads\/sites\/150\/2025\/03\/Juan-Lopez-Martinez-edited-80x80.jpg 80w\" sizes=\"auto, (max-width: 533px) 100vw, 533px\" \/><\/figure>\n\n\n\n<p class=\"has-text-align-center\"><strong>Juan L\u00f3pez Mart\u00ednez<\/strong><br>Equipo de Investigaci\u00f3n<br>CATEDR\u00c1TICO DE UNIVERSIDAD<br><strong>UGR<\/strong><br>Dpto. de Derecho Financiero y Tributario<\/p>\n<\/div>\n\n\n\n<div class=\"wp-block-column is-layout-flow wp-block-column-is-layout-flow\">\n<figure class=\"wp-block-image size-full wp-duotone-grayscale\"><img loading=\"lazy\" decoding=\"async\" width=\"386\" height=\"386\" src=\"https:\/\/blogs.ugr.es\/definret\/wp-content\/uploads\/sites\/150\/2025\/03\/Jose-Antonio-S-edited.jpg\" alt=\"\" class=\"wp-image-268\" srcset=\"https:\/\/blogs.ugr.es\/definret\/wp-content\/uploads\/sites\/150\/2025\/03\/Jose-Antonio-S-edited.jpg 386w, https:\/\/blogs.ugr.es\/definret\/wp-content\/uploads\/sites\/150\/2025\/03\/Jose-Antonio-S-edited-300x300.jpg 300w, https:\/\/blogs.ugr.es\/definret\/wp-content\/uploads\/sites\/150\/2025\/03\/Jose-Antonio-S-edited-150x150.jpg 150w, https:\/\/blogs.ugr.es\/definret\/wp-content\/uploads\/sites\/150\/2025\/03\/Jose-Antonio-S-edited-50x50.jpg 50w, https:\/\/blogs.ugr.es\/definret\/wp-content\/uploads\/sites\/150\/2025\/03\/Jose-Antonio-S-edited-80x80.jpg 80w\" sizes=\"auto, (max-width: 386px) 100vw, 386px\" \/><\/figure>\n\n\n\n<p class=\"has-text-align-center\"><strong>Jos\u00e9 Antonio S\u00e1nchez Galiana<\/strong><br>Equipo de Investigaci\u00f3n<br>CATEDR\u00c1TICO DE UNIVERSIDAD<br><strong>UGR<\/strong><br>Dpto. de Derecho Financiero y Tributario<\/p>\n<\/div>\n\n\n\n<div class=\"wp-block-column is-layout-flow wp-block-column-is-layout-flow\">\n<figure class=\"wp-block-image size-large wp-duotone-grayscale\"><img loading=\"lazy\" decoding=\"async\" width=\"533\" height=\"533\" src=\"https:\/\/blogs.ugr.es\/definret\/wp-content\/uploads\/sites\/150\/2025\/03\/Maria-Jesus-Garcia-Torres-Ferna\u0301ndez-edited.jpg\" alt=\"\" class=\"wp-image-270\" srcset=\"https:\/\/blogs.ugr.es\/definret\/wp-content\/uploads\/sites\/150\/2025\/03\/Maria-Jesus-Garcia-Torres-Ferna\u0301ndez-edited.jpg 533w, https:\/\/blogs.ugr.es\/definret\/wp-content\/uploads\/sites\/150\/2025\/03\/Maria-Jesus-Garcia-Torres-Ferna\u0301ndez-edited-300x300.jpg 300w, https:\/\/blogs.ugr.es\/definret\/wp-content\/uploads\/sites\/150\/2025\/03\/Maria-Jesus-Garcia-Torres-Ferna\u0301ndez-edited-150x150.jpg 150w, https:\/\/blogs.ugr.es\/definret\/wp-content\/uploads\/sites\/150\/2025\/03\/Maria-Jesus-Garcia-Torres-Ferna\u0301ndez-edited-50x50.jpg 50w, https:\/\/blogs.ugr.es\/definret\/wp-content\/uploads\/sites\/150\/2025\/03\/Maria-Jesus-Garcia-Torres-Ferna\u0301ndez-edited-80x80.jpg 80w\" sizes=\"auto, (max-width: 533px) 100vw, 533px\" \/><\/figure>\n\n\n\n<p class=\"has-text-align-center\"><strong>Mar\u00eda Jes\u00fas Garc\u00eda Torres<\/strong><br>Equipo de Investigaci\u00f3n<br>CATEDR\u00c1TICA DE UNIVERSIDAD<br><strong>UGR<br><\/strong>Dpto. de Derecho Financiero y Tributario<\/p>\n<\/div>\n<\/div>\n\n\n\n<div class=\"wp-block-columns is-layout-flex wp-container-core-columns-is-layout-9d6595d7 wp-block-columns-is-layout-flex\">\n<div class=\"wp-block-column is-layout-flow wp-block-column-is-layout-flow\">\n<figure class=\"wp-block-image size-large\"><img loading=\"lazy\" decoding=\"async\" width=\"700\" height=\"700\" src=\"https:\/\/blogs.ugr.es\/definret\/wp-content\/uploads\/sites\/150\/2025\/03\/Maria-del-mar-700x700.jpg\" alt=\"\" class=\"wp-image-271\" srcset=\"https:\/\/blogs.ugr.es\/definret\/wp-content\/uploads\/sites\/150\/2025\/03\/Maria-del-mar-700x700.jpg 700w, https:\/\/blogs.ugr.es\/definret\/wp-content\/uploads\/sites\/150\/2025\/03\/Maria-del-mar-300x300.jpg 300w, https:\/\/blogs.ugr.es\/definret\/wp-content\/uploads\/sites\/150\/2025\/03\/Maria-del-mar-150x150.jpg 150w, https:\/\/blogs.ugr.es\/definret\/wp-content\/uploads\/sites\/150\/2025\/03\/Maria-del-mar-50x50.jpg 50w, https:\/\/blogs.ugr.es\/definret\/wp-content\/uploads\/sites\/150\/2025\/03\/Maria-del-mar-80x80.jpg 80w, https:\/\/blogs.ugr.es\/definret\/wp-content\/uploads\/sites\/150\/2025\/03\/Maria-del-mar.jpg 800w\" sizes=\"auto, (max-width: 700px) 100vw, 700px\" \/><\/figure>\n\n\n\n<p class=\"has-text-align-center\"><strong>Mar\u00eda del Mar Soto Moya<\/strong><br>Equipo de Investigaci\u00f3n<br>PROFESORA TITULAR DE UNIVERSIDAD<br><strong>UMA<\/strong><br>Departamento de Derecho Financiero y Filosof\u00eda del Derecho<\/p>\n<\/div>\n\n\n\n<div class=\"wp-block-column is-layout-flow wp-block-column-is-layout-flow\">\n<figure class=\"wp-block-image size-large wp-duotone-grayscale\"><img loading=\"lazy\" decoding=\"async\" width=\"600\" height=\"600\" src=\"https:\/\/blogs.ugr.es\/definret\/wp-content\/uploads\/sites\/150\/2025\/03\/Manzano-edited.jpg\" alt=\"\" class=\"wp-image-273\" srcset=\"https:\/\/blogs.ugr.es\/definret\/wp-content\/uploads\/sites\/150\/2025\/03\/Manzano-edited.jpg 600w, https:\/\/blogs.ugr.es\/definret\/wp-content\/uploads\/sites\/150\/2025\/03\/Manzano-edited-300x300.jpg 300w, https:\/\/blogs.ugr.es\/definret\/wp-content\/uploads\/sites\/150\/2025\/03\/Manzano-edited-150x150.jpg 150w, https:\/\/blogs.ugr.es\/definret\/wp-content\/uploads\/sites\/150\/2025\/03\/Manzano-edited-50x50.jpg 50w, https:\/\/blogs.ugr.es\/definret\/wp-content\/uploads\/sites\/150\/2025\/03\/Manzano-edited-80x80.jpg 80w\" sizes=\"auto, (max-width: 600px) 100vw, 600px\" \/><\/figure>\n\n\n\n<p class=\"has-text-align-center\"><strong>Elena Manzano Silva<\/strong><br>Equipo de Investigaci\u00f3n<br>PROFESORA TITULAR DE UNIVERSIDAD<br><strong>UEX<\/strong><br>Departamento de Derecho Financiero y Tributario<\/p>\n<\/div>\n\n\n\n<div class=\"wp-block-column is-layout-flow wp-block-column-is-layout-flow\">\n\n\n<p><\/p>\n<\/div>\n<\/div>\n","protected":false},"excerpt":{"rendered":"<p>Somos miembros del Proyecto de Investigaci\u00f3n \u201cEl derecho financiero y tributario ante el reto demogr\u00e1fico: envejecimiento, despoblaci\u00f3n y poblaci\u00f3n flotante\u201d (PID2022-139078OB-I00), de la convocatoria 2022 de Proyectos de I+D+I (Generaci\u00f3n de Conocimiento y Retos Investigaci\u00f3n) de la Agencia Estatal de Investigaci\u00f3n, financiado por MCIN\/AEI\/10.13039\/501100011033\/FEDER, UE. Yolanda Garc\u00eda CalventeInvestigadora Principal (IP 1)CATEDR\u00c1TICA DE UNIVERSIDADUGRDpto. de Derecho [&hellip;]<\/p>\n","protected":false},"author":660,"featured_media":0,"parent":0,"menu_order":0,"comment_status":"closed","ping_status":"closed","template":"","meta":{"footnotes":""},"categories":[],"tags":[],"class_list":["post-232","page","type-page","status-publish","hentry"],"_links":{"self":[{"href":"https:\/\/blogs.ugr.es\/definret\/wp-json\/wp\/v2\/pages\/232","targetHints":{"allow":["GET"]}}],"collection":[{"href":"https:\/\/blogs.ugr.es\/definret\/wp-json\/wp\/v2\/pages"}],"about":[{"href":"https:\/\/blogs.ugr.es\/definret\/wp-json\/wp\/v2\/types\/page"}],"author":[{"embeddable":true,"href":"https:\/\/blogs.ugr.es\/definret\/wp-json\/wp\/v2\/users\/660"}],"replies":[{"embeddable":true,"href":"https:\/\/blogs.ugr.es\/definret\/wp-json\/wp\/v2\/comments?post=232"}],"version-history":[{"count":2,"href":"https:\/\/blogs.ugr.es\/definret\/wp-json\/wp\/v2\/pages\/232\/revisions"}],"predecessor-version":[{"id":275,"href":"https:\/\/blogs.ugr.es\/definret\/wp-json\/wp\/v2\/pages\/232\/revisions\/275"}],"wp:attachment":[{"href":"https:\/\/blogs.ugr.es\/definret\/wp-json\/wp\/v2\/media?parent=232"}],"wp:term":[{"taxonomy":"category","embeddable":true,"href":"https:\/\/blogs.ugr.es\/definret\/wp-json\/wp\/v2\/categories?post=232"},{"taxonomy":"post_tag","embeddable":true,"href":"https:\/\/blogs.ugr.es\/definret\/wp-json\/wp\/v2\/tags?post=232"}],"curies":[{"name":"wp","href":"https:\/\/api.w.org\/{rel}","templated":true}]}}