{"id":219,"date":"2023-02-22T09:17:07","date_gmt":"2023-02-22T08:17:07","guid":{"rendered":"https:\/\/blogs.ugr.es\/dietatics\/?page_id=219"},"modified":"2024-02-01T20:45:31","modified_gmt":"2024-02-01T19:45:31","slug":"investigadores","status":"publish","type":"page","link":"https:\/\/blogs.ugr.es\/dietatics\/investigadores\/","title":{"rendered":"Investigadores"},"content":{"rendered":"<ul>\n<li><strong><em>Miguel \u00c1ngel Casares Porcel<\/em>.<\/strong>\u00a0 <a href=\"&#x6d;&#97;&#x69;&#x6c;&#116;&#x6f;&#x3a;&#109;&#x61;&#x63;&#97;&#x73;&#x61;r&#x65;&#x73;&#64;&#x75;&#103;r&#x2e;&#101;s\">m&#97;&#x63;&#x61;&#x73;a&#114;&#x65;&#x73;&#x40;u&#103;&#x72;&#x2e;&#x65;s<\/a><\/li>\n<\/ul>\n<p style=\"padding-left: 40px\"><img loading=\"lazy\" decoding=\"async\" class=\"alignleft size-full wp-image-1017\" src=\"https:\/\/blogs.ugr.es\/smlab\/wp-content\/uploads\/sites\/26\/2021\/11\/Carares-Porcel-Miguel-Angel.jpg\" alt=\"\" width=\"122\" height=\"122\" \/><\/p>\n<p>Arquitecto. Profesor del \u00c1rea de Expresi\u00f3n Gr\u00e1fica Arquitect\u00f3nica (Universidad de Granada). Desde el a\u00f1o 2014 forma parte del Grupo de Investigaci\u00f3n \u00abHUM 1043 &#8211; Laboratorio para el Levantamiento y Modelizaci\u00f3n del Patrimonio Arquitect\u00f3nico\u00bb.<\/p>\n<p>&nbsp;<\/p>\n<p>&nbsp;<\/p>\n<ul>\n<li><strong><em>Antonio J. G\u00f3mez-Blanco Pontes<\/em>.<\/strong>\u00a0\u00a0<a href=\"&#x6d;&#x61;&#105;&#108;to&#x3a;&#x61;&#x67;&#111;me&#x7a;&#x62;&#x40;&#117;&#103;r&#x2e;&#x65;&#x73;\">&#x61;&#103;&#x6f;&#109;e&#x7a;&#98;&#64;&#x75;&#103;&#x72;&#x2e;e&#x73;<\/a>\u00a0<a href=\"https:\/\/orcid.org\/0000-0002-8415-110X\"><img decoding=\"async\" src=\"https:\/\/libapps-eu.s3.amazonaws.com\/accounts\/86186\/images\/iconoorcid_16x16.gif\" alt=\"\" \/><\/a><\/li>\n<\/ul>\n<p style=\"padding-left: 40px\"><img loading=\"lazy\" decoding=\"async\" class=\"alignleft size-full wp-image-1018\" src=\"https:\/\/blogs.ugr.es\/smlab\/wp-content\/uploads\/sites\/26\/2021\/11\/Gomez-Blanco-Pontes-Antonio.jpg\" alt=\"\" width=\"122\" height=\"122\" \/><\/p>\n<p style=\"padding-left: 40px\">Doctor Arquitecto. Profesor Titular de Universidad en el \u00c1rea de Expresi\u00f3n Gr\u00e1fica Arquitect\u00f3nica (Universidad de Granada). Desde el a\u00f1o 2014 forma parte del Grupo de Investigaci\u00f3n \u00abHUM 1043 &#8211; Laboratorio para el Levantamiento y Modelizaci\u00f3n del Patrimonio Arquitect\u00f3nico\u00bb. Es premio en la categor\u00eda de investigaci\u00f3n de la Convocatoria de Investigaci\u00f3n de la XIII Bienal Espa\u00f1ola de Arquitectura y Urbanismo (2016). Ha dirigido varias tesis doctorales y participado en numerosos proyectos y contratos de investigaci\u00f3n relacionados con el Patrimonio Arquitect\u00f3nico. En la actualidad es Subdirector de Investigaci\u00f3n y Doctorado en la Escuela T\u00e9cnica Superior de Arquitectura (Universidad de Granada).<\/p>\n<ul>\n<li><strong><em>Jorge G. Molinero S\u00e1nchez<\/em>.<\/strong>\u00a0 <a href=\"&#109;&#x61;&#105;&#x6c;t&#x6f;:&#106;&#x6d;&#111;&#x6c;&#105;&#x6e;e&#x72;o&#64;&#x75;&#103;&#x72;&#46;&#x65;s\">jmo&#108;&#105;&#110;&#101;&#x72;&#x6f;&#x40;&#x75;&#x67;&#x72;&#x2e;es\u00a0<\/a> <a href=\"https:\/\/orcid.org\/0000-0001-9248-4935\"><img decoding=\"async\" src=\"https:\/\/libapps-eu.s3.amazonaws.com\/accounts\/86186\/images\/iconoorcid_16x16.gif\" alt=\"\" \/><\/a><\/li>\n<\/ul>\n<p style=\"padding-left: 40px\"><img loading=\"lazy\" decoding=\"async\" class=\"alignleft wp-image-379\" src=\"https:\/\/blogs.ugr.es\/dietatics\/wp-content\/uploads\/sites\/134\/2024\/02\/Imagen-de-WhatsApp-2024-02-01-a-las-20.34.31_289784ad-225x300.jpg\" alt=\"\" width=\"137\" height=\"183\" srcset=\"https:\/\/blogs.ugr.es\/dietatics\/wp-content\/uploads\/sites\/134\/2024\/02\/Imagen-de-WhatsApp-2024-02-01-a-las-20.34.31_289784ad-225x300.jpg 225w, https:\/\/blogs.ugr.es\/dietatics\/wp-content\/uploads\/sites\/134\/2024\/02\/Imagen-de-WhatsApp-2024-02-01-a-las-20.34.31_289784ad-525x700.jpg 525w, https:\/\/blogs.ugr.es\/dietatics\/wp-content\/uploads\/sites\/134\/2024\/02\/Imagen-de-WhatsApp-2024-02-01-a-las-20.34.31_289784ad.jpg 600w\" sizes=\"auto, (max-width: 137px) 100vw, 137px\" \/><\/p>\n<p style=\"padding-left: 40px\">Doctor Arquitecto. Profesor Contratado Doctor en el \u00c1rea de Expresi\u00f3n Gr\u00e1fica Arquitect\u00f3nica (Universidad de Granada). Desde el a\u00f1o 2014 forma parte del Grupo de Investigaci\u00f3n \u00abHUM 1043 &#8211; Laboratorio para el Levantamiento y Modelizaci\u00f3n del Patrimonio Arquitect\u00f3nico\u00bb. Desde la finalizaci\u00f3n de los estudios de arquitectura ha trabajando para el sector privado y p\u00fablico, proyectos avalados con la obtenci\u00f3n de quince primeros premios de \u00e1mbito nacional y una menci\u00f3n de honor en un concurso de car\u00e1cter internacional. La actividad profesional la ha compatibilizado con la actividad docente e investigadora, sin descuidar la formaci\u00f3n espec\u00edfica en arquitectura ni la formaci\u00f3n docente, con la realizaci\u00f3n de m\u00e1s de una veintena de cursos.\u00a0 Durante este periodo he asumido un papel activo en el organigrama del departamento, destacando la labor de coordinador en asignaturas de Grado y en el Master Habilitante. Asimismo, ha realizado una funci\u00f3n importante en la promoci\u00f3n de la formaci\u00f3n y renovaci\u00f3n docente del profesorado como coordinador de los cursos BIM para la docencia en la Escuela T\u00e9cnica Superior de Arquitectura. La faceta investigadora est\u00e1 avalada al haber pertenecido al grupo de investigaci\u00f3n HUM 813: Arquitectura y Cultura Contempor\u00e1nea, estando vinculado actualmente al grupo HUM-1043 Laboratorio para el levantamiento y modelizaci\u00f3n del Patrimonio Arquitect\u00f3nico (SMlab), siendo Investigador Principal en el Proyecto de Investigaci\u00f3n \u00abDocumentaci\u00f3n Integrada de Entornos paTrimoniales Andaluces con herramientas TIC&#8217;s. los Tajos de Alhama y sus molinos de agua\u00bb, UGR.22-05.<\/p>\n<ul>\n<li><strong><em>Juan Francisco Reinoso Gordo<\/em>.\u00a0<\/strong><a href=\"&#x6d;&#97;&#105;&#x6c;&#x74;&#111;&#58;&#x6a;&#x72;&#101;&#105;&#x6e;&#x6f;&#115;&#111;&#x40;&#x75;&#103;&#114;&#x2e;&#x65;&#115;\">&#106;r&#x65;i&#x6e;&#111;&#x73;&#111;&#x40;&#117;g&#x72;&#46;&#x65;&#115;<\/a>\u00a0<a href=\"https:\/\/orcid.org\/0000-0003-3808-1857\"><img decoding=\"async\" src=\"https:\/\/libapps-eu.s3.amazonaws.com\/accounts\/86186\/images\/iconoorcid_16x16.gif\" alt=\"\" \/><\/a><\/li>\n<\/ul>\n<p style=\"padding-left: 40px\"><img loading=\"lazy\" decoding=\"async\" class=\"alignleft size-full wp-image-1020\" src=\"https:\/\/blogs.ugr.es\/smlab\/wp-content\/uploads\/sites\/26\/2021\/11\/Reinoso-Gordo-Juan-Francisco.jpg\" alt=\"\" width=\"123\" height=\"122\" \/><\/p>\n<p style=\"padding-left: 40px\">Doctor Ingeniero en Geodesia y Cartograf\u00eda.\u00a0Profesor Titular de Universidad en el \u00c1rea de Ingenier\u00eda Cartogr\u00e1fica, Geod\u00e9sica y Fotogrametr\u00eda (Universidad de Granada).\u00a0Forma parte del Grupo de Investigaci\u00f3n TEP-164 \u201cIngenier\u00eda Cartogr\u00e1fica\u201d.\u00a0Ha sido investigador principal de 2 proyectos de investigaci\u00f3n con la Junta de Andaluc\u00eda y la Universidad de Ja\u00e9n relativos a la Calidad de modelos BIM (Building Information Models) aplicados al Patrimonio. Ha realizado estancias de investigaci\u00f3n en el Institut G\u00e9ographique National de Francia, la Universidad de California, Davis, (USA), Universidade Federal de Paran\u00e1 (Brasil), habiendo sido investigador principal y colaborador en sendos proyectos desarrollados en dichas Universidades. Los mencionados proyectos han tratado sobre uso de datos LiDAR en creaci\u00f3n de modelos digitales del terreno (MDT) con fines hidrogr\u00e1ficos y fotogrametr\u00eda a\u00e9rea para determinaci\u00f3n de trazas. Tambi\u00e9n ha trabajado en l\u00edneas de investigaci\u00f3n relativas a la Generalizaci\u00f3n Cartogr\u00e1fica, MDT, Fusi\u00f3n de Im\u00e1genes y UAV, habiendo publicado en dichas l\u00edneas 19 art\u00edculos JCR y 2 cap\u00edtulos de libro.<\/p>\n<ul>\n<li><strong><em>Concepci\u00f3n Rodr\u00edguez Moreno<\/em>.\u00a0<\/strong><a href=\"mail&#116;&#111;&#58;&#99;&#114;&#x6f;&#x64;&#x72;&#x69;&#x67;&#x75;&#x65;zmor&#101;&#110;&#111;&#64;&#117;&#x67;&#x72;&#x2e;&#x65;&#x73;\">&#x63;&#x72;&#x6f;&#x64;&#x72;&#x69;&#103;&#117;&#101;&#122;more&#x6e;&#x6f;&#x40;&#x75;&#x67;&#x72;&#46;&#101;&#115;<\/a>\u00a0<a href=\"https:\/\/orcid.org\/0000-0002-7586-1521\"><img decoding=\"async\" src=\"https:\/\/libapps-eu.s3.amazonaws.com\/accounts\/86186\/images\/iconoorcid_16x16.gif\" alt=\"\" \/><\/a><\/li>\n<\/ul>\n<p style=\"padding-left: 40px\"><img loading=\"lazy\" decoding=\"async\" class=\"alignleft size-full wp-image-1022\" src=\"https:\/\/blogs.ugr.es\/smlab\/wp-content\/uploads\/sites\/26\/2021\/11\/Rodriguez-Moreno-Concepcion.jpg\" alt=\"\" width=\"122\" height=\"122\" \/><\/p>\n<p style=\"padding-left: 40px\">Doctora Arquitecta con Menci\u00f3n Internacional por la Universidad de Granada. Profesora Titular de Universidad en el \u00c1rea de Expresi\u00f3n Gr\u00e1fica Arquitect\u00f3nica (Universidad de Granada). Desde el a\u00f1o 2014 forma parte del Grupo de Investigaci\u00f3n \u00abHUM 1043 &#8211; Laboratorio para el Levantamiento y Modelizaci\u00f3n del Patrimonio Arquitect\u00f3nico\u00bb. Ha participado en proyectos de investigaci\u00f3n del Plan Nacional relacionados con el estudio del Patrimonio Arquitect\u00f3nico como \u201cLos palacios de Pedro I de Castilla\u201d, \u201cLa arquitectura residencial de Al-Andalus: an\u00e1lisis tipol\u00f3gico, contexto urbano y sociol\u00f3gico\u201d, \u201cCasas del los Moriscos en Granada: investigaci\u00f3n y restauraci\u00f3n\u201d o \u201cArquitectura Sa\u2019ad: la pervivencia de Al-Andalus en el Magreb\u201d y tambi\u00e9n en proyectos TIC de Excelencia de la Junta de Andaluc\u00eda como \u201cSIAMA: Sistema de Informaci\u00f3n Aumentada de los monumentos andaluces\u201d.<\/p>\n<ul>\n<li><strong><em>Mar\u00eda del Carmen V\u00edlchez Lara<\/em>.<\/strong>\u00a0 <a href=\"&#109;&#x61;&#x69;l&#116;&#x6f;&#x3a;m&#97;&#x72;i&#97;&#x63;&#x61;r&#109;&#x65;n&#118;&#x6c;&#x40;u&#103;&#x72;&#x2e;&#101;&#x73;\">ma&#114;&#105;&#97;&#99;&#x61;&#x72;&#x6d;&#x65;&#x6e;vl&#64;&#117;&#103;&#114;&#x2e;&#x65;&#x73;<\/a> <a href=\"https:\/\/orcid.org\/0000-0002-0832-9439\"><img decoding=\"async\" src=\"https:\/\/libapps-eu.s3.amazonaws.com\/accounts\/86186\/images\/iconoorcid_16x16.gif\" alt=\"\" \/><\/a><\/li>\n<\/ul>\n<p style=\"padding-left: 40px\"><img loading=\"lazy\" decoding=\"async\" class=\"alignleft size-full wp-image-1023\" src=\"https:\/\/blogs.ugr.es\/smlab\/wp-content\/uploads\/sites\/26\/2021\/11\/Vilchez-Lara-Maria-del-Carmen.jpg\" alt=\"\" width=\"122\" height=\"122\" \/><\/p>\n<p style=\"padding-left: 40px\">Doctora Arquitecta.\u00a0Profesora del \u00c1rea de Expresi\u00f3n Gr\u00e1fica Arquitect\u00f3nica (Universidad de Granada).\u00a0Desde el a\u00f1o 2014 forma parte del Grupo de Investigaci\u00f3n \u00abHUM 1043 &#8211; Laboratorio para el Levantamiento y Modelizaci\u00f3n del Patrimonio Arquitect\u00f3nico\u00bb.<\/p>\n<ul>\n<li style=\"list-style-type: none\"><\/li>\n<\/ul>\n","protected":false},"excerpt":{"rendered":"<p>Miguel \u00c1ngel Casares Porcel.\u00a0 &#x6d;&#97;&#x63;&#x61;&#115;&#x61;&#x72;&#101;&#x73;&#x40;&#117;&#x67;&#x72;&#46;&#x65;&#x73; Arquitecto. Profesor del \u00c1rea de Expresi\u00f3n Gr\u00e1fica Arquitect\u00f3nica (Universidad de Granada). Desde el a\u00f1o 2014 forma parte del Grupo de Investigaci\u00f3n \u00abHUM 1043 &#8211; Laboratorio para el Levantamiento y Modelizaci\u00f3n del Patrimonio Arquitect\u00f3nico\u00bb. &nbsp; &nbsp; Antonio J. G\u00f3mez-Blanco Pontes.\u00a0\u00a0&#97;&#x67;&#x6f;&#109;&#x65;&#x7a;b&#x40;&#x75;g&#114;&#x2e;e&#115;\u00a0 Doctor Arquitecto. Profesor Titular de Universidad en el \u00c1rea de Expresi\u00f3n [&hellip;]<\/p>\n","protected":false},"author":29,"featured_media":0,"parent":0,"menu_order":2,"comment_status":"closed","ping_status":"closed","template":"","meta":{"_genesis_hide_title":false,"_genesis_hide_breadcrumbs":false,"_genesis_hide_singular_image":false,"_genesis_hide_footer_widgets":false,"_genesis_custom_body_class":"","_genesis_custom_post_class":"","_genesis_layout":"","footnotes":""},"categories":[],"tags":[],"class_list":{"0":"post-219","1":"page","2":"type-page","3":"status-publish","5":"entry"},"_links":{"self":[{"href":"https:\/\/blogs.ugr.es\/dietatics\/wp-json\/wp\/v2\/pages\/219","targetHints":{"allow":["GET"]}}],"collection":[{"href":"https:\/\/blogs.ugr.es\/dietatics\/wp-json\/wp\/v2\/pages"}],"about":[{"href":"https:\/\/blogs.ugr.es\/dietatics\/wp-json\/wp\/v2\/types\/page"}],"author":[{"embeddable":true,"href":"https:\/\/blogs.ugr.es\/dietatics\/wp-json\/wp\/v2\/users\/29"}],"replies":[{"embeddable":true,"href":"https:\/\/blogs.ugr.es\/dietatics\/wp-json\/wp\/v2\/comments?post=219"}],"version-history":[{"count":3,"href":"https:\/\/blogs.ugr.es\/dietatics\/wp-json\/wp\/v2\/pages\/219\/revisions"}],"predecessor-version":[{"id":384,"href":"https:\/\/blogs.ugr.es\/dietatics\/wp-json\/wp\/v2\/pages\/219\/revisions\/384"}],"wp:attachment":[{"href":"https:\/\/blogs.ugr.es\/dietatics\/wp-json\/wp\/v2\/media?parent=219"}],"wp:term":[{"taxonomy":"category","embeddable":true,"href":"https:\/\/blogs.ugr.es\/dietatics\/wp-json\/wp\/v2\/categories?post=219"},{"taxonomy":"post_tag","embeddable":true,"href":"https:\/\/blogs.ugr.es\/dietatics\/wp-json\/wp\/v2\/tags?post=219"}],"curies":[{"name":"wp","href":"https:\/\/api.w.org\/{rel}","templated":true}]}}