{"id":324,"date":"2024-01-24T10:00:40","date_gmt":"2024-01-24T09:00:40","guid":{"rendered":"https:\/\/blogs.ugr.es\/diveraccion\/?page_id=324"},"modified":"2024-03-03T13:52:34","modified_gmt":"2024-03-03T12:52:34","slug":"projects","status":"publish","type":"page","link":"https:\/\/blogs.ugr.es\/diveraccion\/projects\/","title":{"rendered":"PROJECTS"},"content":{"rendered":"<p><strong>DIVERACCI\u00d3N: SISTEMA DE TELE-REHABILITACI\u00d3N PARA MEJORAR LAS HABILIDADES DE PLANIFICACI\u00d3N, ORGANIZACI\u00d3N Y GESTI\u00d3N DEL TIEMPO EN NI\u00d1OS\/ ADOLESCENTES CONN TDAH.<\/strong><\/p>\n<p>Proyecto I+D+i \u00a0AYUDAS EN CONCURRENCIA COMPETITIVA PARA PROYECTOS DE INVESTIGACIO\u0301N APLICADA DEL PLAN PROPIO DE INVESTIGACIO\u0301N Y TRANSFERENCIA DE LA UNIVERSIDAD DE GRANADA 2023, FINANCIADOS POR EL PROGRAMA OPERATIVO FEDER ANDALUCI\u0301A 2021-2027| \u00a0C-CTS-244-IGR23, cofinanciado por la Consejer\u00eda de Universidad, Investigaci\u00f3n e Innovaci\u00f3n y por la Uni\u00f3n Europea con cargo al Programa FEDER Andaluc\u00eda 2021-2027.<\/p>\n<p><img loading=\"lazy\" decoding=\"async\" class=\"aligncenter size-large wp-image-433\" src=\"https:\/\/blogs.ugr.es\/diveraccion\/wp-content\/uploads\/sites\/124\/2024\/02\/Captura-de-Pantalla-2024-02-13-a-las-16.47.31-700x157.png\" alt=\"\" width=\"700\" height=\"157\" srcset=\"https:\/\/blogs.ugr.es\/diveraccion\/wp-content\/uploads\/sites\/124\/2024\/02\/Captura-de-Pantalla-2024-02-13-a-las-16.47.31-700x157.png 700w, https:\/\/blogs.ugr.es\/diveraccion\/wp-content\/uploads\/sites\/124\/2024\/02\/Captura-de-Pantalla-2024-02-13-a-las-16.47.31-300x67.png 300w, https:\/\/blogs.ugr.es\/diveraccion\/wp-content\/uploads\/sites\/124\/2024\/02\/Captura-de-Pantalla-2024-02-13-a-las-16.47.31.png 800w\" sizes=\"auto, (max-width: 700px) 100vw, 700px\" \/><\/p>\n<p><strong>PROYECTO TEATENCI\u00d3N!<\/strong><\/p>\n<p>Sistema de realidad virtual dise\u00f1ado para mejorar la atenci\u00f3n conjunta en ni\u00f1os con TEA. El proyecto fue desarrollado en el CEIP Parque de las Infantas, bajo la direcci\u00f3n de los \u00a0profesores Miguel Gea y Dulce Romero.<\/p>\n<p>&nbsp;<\/p>\n<p><a href=\"https:\/\/drive.google.com\/file\/d\/1LpiVCSujaLtaQODCxzfBG-YknZ8qLl--\/view?usp=share_link\"><strong>PROYECTO ECo<\/strong><strong>gFun-RV<\/strong><\/a><\/p>\n<p>Evaluaci\u00f3n de la cognici\u00f3n funcional mediante realidad virtual.<\/p>\n<p>&nbsp;<\/p>\n<p><a href=\"https:\/\/youtu.be\/q7jt3eaXmvs\"><strong>PROYECTO \u00a0COGFUN-RV<\/strong><\/a><\/p>\n<p>Takeda-Shibuya y Universidad de Granada<\/p>\n<p><a href=\"https:\/\/blogs.ugr.es\/diveraccion\/noticia-breve-del-proyecto-cogfun-rv-en-canal-sur-28-de-enero-de-2023\/\">Programa destinado a la mejora de la cognicion funcional con realidad virtual para ni\u00f1os\/ as y adolescentes con TDAH.<\/a><\/p>\n<p>Nuestro proyecto en la Asociaci\u00f3n de TDAH de Noruega.<\/p>\n<p><img loading=\"lazy\" decoding=\"async\" class=\"aligncenter size-large wp-image-437\" src=\"https:\/\/blogs.ugr.es\/diveraccion\/wp-content\/uploads\/sites\/124\/2024\/02\/Captura-de-Pantalla-2024-02-13-a-las-16.52.53-700x189.png\" alt=\"\" width=\"700\" height=\"189\" srcset=\"https:\/\/blogs.ugr.es\/diveraccion\/wp-content\/uploads\/sites\/124\/2024\/02\/Captura-de-Pantalla-2024-02-13-a-las-16.52.53-700x189.png 700w, https:\/\/blogs.ugr.es\/diveraccion\/wp-content\/uploads\/sites\/124\/2024\/02\/Captura-de-Pantalla-2024-02-13-a-las-16.52.53-300x81.png 300w, https:\/\/blogs.ugr.es\/diveraccion\/wp-content\/uploads\/sites\/124\/2024\/02\/Captura-de-Pantalla-2024-02-13-a-las-16.52.53.png 800w\" sizes=\"auto, (max-width: 700px) 100vw, 700px\" \/><\/p>\n<p><strong>PROYECTO \u00bb UN COLEGIO EMOCIONANTE\u00bb<\/strong><\/p>\n<p>Proyecto desarrollado en centros de educaci\u00f3n infantil y primaria de Granada, especialmente en el CEIP Parque de las Infantas. El objetivo del proyecto fue mejorar la autorregulaci\u00f3n, especialmente emocional y ocupacional, as\u00ed como familiarizar a los ni\u00f1os entre 6 y 11 a\u00f1os con los beneficios del equilibrio ocupacional y la importancia que tiene lo que hacemos y en lo que nos comprometemos en nuestro d\u00eda a d\u00eda.<\/p>\n","protected":false},"excerpt":{"rendered":"<p>DIVERACCI\u00d3N: SISTEMA DE TELE-REHABILITACI\u00d3N PARA MEJORAR LAS HABILIDADES DE PLANIFICACI\u00d3N, ORGANIZACI\u00d3N Y GESTI\u00d3N DEL TIEMPO EN NI\u00d1OS\/ ADOLESCENTES CONN TDAH. Proyecto I+D+i \u00a0AYUDAS EN CONCURRENCIA COMPETITIVA PARA PROYECTOS DE INVESTIGACIO\u0301N APLICADA DEL PLAN PROPIO DE INVESTIGACIO\u0301N Y TRANSFERENCIA DE LA UNIVERSIDAD DE GRANADA 2023, FINANCIADOS POR EL PROGRAMA OPERATIVO FEDER ANDALUCI\u0301A 2021-2027| \u00a0C-CTS-244-IGR23, cofinanciado por&hellip; <a href=\"https:\/\/blogs.ugr.es\/diveraccion\/projects\/\" class=\"more-link\">Leer m\u00e1s <span class=\"screen-reader-text\">acerca de PROJECTS<\/span><\/a><\/p>\n","protected":false},"author":603,"featured_media":0,"parent":0,"menu_order":0,"comment_status":"closed","ping_status":"closed","template":"","meta":{"_genesis_hide_title":false,"_genesis_hide_breadcrumbs":false,"_genesis_hide_singular_image":false,"_genesis_hide_footer_widgets":false,"_genesis_custom_body_class":"","_genesis_custom_post_class":"","_genesis_layout":"","footnotes":""},"categories":[],"tags":[],"class_list":{"0":"post-324","1":"page","2":"type-page","3":"status-publish","5":"entry","6":"has-post-thumbnail"},"_links":{"self":[{"href":"https:\/\/blogs.ugr.es\/diveraccion\/wp-json\/wp\/v2\/pages\/324","targetHints":{"allow":["GET"]}}],"collection":[{"href":"https:\/\/blogs.ugr.es\/diveraccion\/wp-json\/wp\/v2\/pages"}],"about":[{"href":"https:\/\/blogs.ugr.es\/diveraccion\/wp-json\/wp\/v2\/types\/page"}],"author":[{"embeddable":true,"href":"https:\/\/blogs.ugr.es\/diveraccion\/wp-json\/wp\/v2\/users\/603"}],"replies":[{"embeddable":true,"href":"https:\/\/blogs.ugr.es\/diveraccion\/wp-json\/wp\/v2\/comments?post=324"}],"version-history":[{"count":4,"href":"https:\/\/blogs.ugr.es\/diveraccion\/wp-json\/wp\/v2\/pages\/324\/revisions"}],"predecessor-version":[{"id":444,"href":"https:\/\/blogs.ugr.es\/diveraccion\/wp-json\/wp\/v2\/pages\/324\/revisions\/444"}],"wp:attachment":[{"href":"https:\/\/blogs.ugr.es\/diveraccion\/wp-json\/wp\/v2\/media?parent=324"}],"wp:term":[{"taxonomy":"category","embeddable":true,"href":"https:\/\/blogs.ugr.es\/diveraccion\/wp-json\/wp\/v2\/categories?post=324"},{"taxonomy":"post_tag","embeddable":true,"href":"https:\/\/blogs.ugr.es\/diveraccion\/wp-json\/wp\/v2\/tags?post=324"}],"curies":[{"name":"wp","href":"https:\/\/api.w.org\/{rel}","templated":true}]}}