{"id":397,"date":"2024-02-01T15:45:44","date_gmt":"2024-02-01T14:45:44","guid":{"rendered":"https:\/\/blogs.ugr.es\/diveraccion\/?page_id=397"},"modified":"2024-02-01T15:45:44","modified_gmt":"2024-02-01T14:45:44","slug":"awards","status":"publish","type":"page","link":"https:\/\/blogs.ugr.es\/diveraccion\/awards\/","title":{"rendered":"AWARDS"},"content":{"rendered":"<p><a href=\"https:\/\/www.youtube.com\/watch?v=IRS0LGH9wWY\">PREMIO INNOVANDA 2022.\u00a0<\/a><\/p>\n<p>Premio otorgado por la Junta de Andaluc\u00eda a mejor gesti\u00f3n de proyectos en el \u00e1mbito de la salud.<\/p>\n<p>&nbsp;<\/p>\n<p>PREMIO TAKEDA -SHIBUYA 2022<\/p>\n<p>Premio al mejor proyecto innovador para el tratamiento de los Trastornos por D\u00e9ficit de Atenci\u00f3n con Hiperactividad en la Infancia.<\/p>\n","protected":false},"excerpt":{"rendered":"<p>PREMIO INNOVANDA 2022.\u00a0 Premio otorgado por la Junta de Andaluc\u00eda a mejor gesti\u00f3n de proyectos en el \u00e1mbito de la salud. &nbsp; PREMIO TAKEDA -SHIBUYA 2022 Premio al mejor proyecto innovador para el tratamiento de los Trastornos por D\u00e9ficit de Atenci\u00f3n con Hiperactividad en la Infancia.<\/p>\n","protected":false},"author":603,"featured_media":0,"parent":0,"menu_order":0,"comment_status":"closed","ping_status":"closed","template":"","meta":{"_genesis_hide_title":false,"_genesis_hide_breadcrumbs":false,"_genesis_hide_singular_image":false,"_genesis_hide_footer_widgets":false,"_genesis_custom_body_class":"","_genesis_custom_post_class":"","_genesis_layout":"","footnotes":""},"categories":[],"tags":[],"class_list":{"0":"post-397","1":"page","2":"type-page","3":"status-publish","5":"entry"},"_links":{"self":[{"href":"https:\/\/blogs.ugr.es\/diveraccion\/wp-json\/wp\/v2\/pages\/397","targetHints":{"allow":["GET"]}}],"collection":[{"href":"https:\/\/blogs.ugr.es\/diveraccion\/wp-json\/wp\/v2\/pages"}],"about":[{"href":"https:\/\/blogs.ugr.es\/diveraccion\/wp-json\/wp\/v2\/types\/page"}],"author":[{"embeddable":true,"href":"https:\/\/blogs.ugr.es\/diveraccion\/wp-json\/wp\/v2\/users\/603"}],"replies":[{"embeddable":true,"href":"https:\/\/blogs.ugr.es\/diveraccion\/wp-json\/wp\/v2\/comments?post=397"}],"version-history":[{"count":2,"href":"https:\/\/blogs.ugr.es\/diveraccion\/wp-json\/wp\/v2\/pages\/397\/revisions"}],"predecessor-version":[{"id":413,"href":"https:\/\/blogs.ugr.es\/diveraccion\/wp-json\/wp\/v2\/pages\/397\/revisions\/413"}],"wp:attachment":[{"href":"https:\/\/blogs.ugr.es\/diveraccion\/wp-json\/wp\/v2\/media?parent=397"}],"wp:term":[{"taxonomy":"category","embeddable":true,"href":"https:\/\/blogs.ugr.es\/diveraccion\/wp-json\/wp\/v2\/categories?post=397"},{"taxonomy":"post_tag","embeddable":true,"href":"https:\/\/blogs.ugr.es\/diveraccion\/wp-json\/wp\/v2\/tags?post=397"}],"curies":[{"name":"wp","href":"https:\/\/api.w.org\/{rel}","templated":true}]}}