{"id":450,"date":"2024-04-26T17:30:06","date_gmt":"2024-04-26T15:30:06","guid":{"rendered":"https:\/\/blogs.ugr.es\/diveraccion\/?page_id=450"},"modified":"2024-04-26T17:30:06","modified_gmt":"2024-04-26T15:30:06","slug":"noticias","status":"publish","type":"page","link":"https:\/\/blogs.ugr.es\/diveraccion\/noticias\/","title":{"rendered":"NOTICIAS"},"content":{"rendered":"<blockquote class=\"wp-embedded-content\" data-secret=\"L1oRLQRGH5\"><p><a href=\"https:\/\/blogs.ugr.es\/diveraccion\/video-sesion-7-equilibrio-ocupacional-y-supervision-de-la-accion\/\">Video Sesi\u00f3n 7 Equilibrio Ocupacional y Supervisi\u00f3n de la Acci\u00f3n<\/a><\/p><\/blockquote>\n<p><iframe loading=\"lazy\" class=\"wp-embedded-content\" sandbox=\"allow-scripts\" security=\"restricted\" style=\"position: absolute; clip: rect(1px, 1px, 1px, 1px);\" title=\"\u00abVideo Sesi\u00f3n 7 Equilibrio Ocupacional y Supervisi\u00f3n de la Acci\u00f3n\u00bb \u2014 TeNOTLab.  Technology, Neuropsychology and Occupational  Therapy Laboratory\" src=\"https:\/\/blogs.ugr.es\/diveraccion\/video-sesion-7-equilibrio-ocupacional-y-supervision-de-la-accion\/embed\/#?secret=ox23LTbmcZ#?secret=L1oRLQRGH5\" data-secret=\"L1oRLQRGH5\" width=\"500\" height=\"282\" frameborder=\"0\" marginwidth=\"0\" marginheight=\"0\" scrolling=\"no\"><\/iframe><\/p>\n","protected":false},"excerpt":{"rendered":"<p>Video Sesi\u00f3n 7 Equilibrio Ocupacional y Supervisi\u00f3n de la Acci\u00f3n<\/p>\n","protected":false},"author":603,"featured_media":0,"parent":0,"menu_order":0,"comment_status":"closed","ping_status":"closed","template":"","meta":{"_genesis_hide_title":false,"_genesis_hide_breadcrumbs":false,"_genesis_hide_singular_image":false,"_genesis_hide_footer_widgets":false,"_genesis_custom_body_class":"","_genesis_custom_post_class":"","_genesis_layout":"","footnotes":""},"categories":[],"tags":[],"class_list":{"0":"post-450","1":"page","2":"type-page","3":"status-publish","5":"entry"},"_links":{"self":[{"href":"https:\/\/blogs.ugr.es\/diveraccion\/wp-json\/wp\/v2\/pages\/450","targetHints":{"allow":["GET"]}}],"collection":[{"href":"https:\/\/blogs.ugr.es\/diveraccion\/wp-json\/wp\/v2\/pages"}],"about":[{"href":"https:\/\/blogs.ugr.es\/diveraccion\/wp-json\/wp\/v2\/types\/page"}],"author":[{"embeddable":true,"href":"https:\/\/blogs.ugr.es\/diveraccion\/wp-json\/wp\/v2\/users\/603"}],"replies":[{"embeddable":true,"href":"https:\/\/blogs.ugr.es\/diveraccion\/wp-json\/wp\/v2\/comments?post=450"}],"version-history":[{"count":1,"href":"https:\/\/blogs.ugr.es\/diveraccion\/wp-json\/wp\/v2\/pages\/450\/revisions"}],"predecessor-version":[{"id":451,"href":"https:\/\/blogs.ugr.es\/diveraccion\/wp-json\/wp\/v2\/pages\/450\/revisions\/451"}],"wp:attachment":[{"href":"https:\/\/blogs.ugr.es\/diveraccion\/wp-json\/wp\/v2\/media?parent=450"}],"wp:term":[{"taxonomy":"category","embeddable":true,"href":"https:\/\/blogs.ugr.es\/diveraccion\/wp-json\/wp\/v2\/categories?post=450"},{"taxonomy":"post_tag","embeddable":true,"href":"https:\/\/blogs.ugr.es\/diveraccion\/wp-json\/wp\/v2\/tags?post=450"}],"curies":[{"name":"wp","href":"https:\/\/api.w.org\/{rel}","templated":true}]}}