{"id":200,"date":"2024-08-06T07:01:52","date_gmt":"2024-08-06T05:01:52","guid":{"rendered":"https:\/\/blogs.ugr.es\/ecoarq\/?page_id=200"},"modified":"2024-08-06T07:14:50","modified_gmt":"2024-08-06T05:14:50","slug":"presentacion","status":"publish","type":"page","link":"https:\/\/blogs.ugr.es\/ecoarq\/presentacion\/","title":{"rendered":"Presentaci\u00f3n"},"content":{"rendered":"<p>&nbsp;<\/p>\n<p>Bienvenidos al blog del proyecto \u00ab<strong>EcoArq. Estudio evolutivo del poblamiento humano del SW de la pen\u00ednsula ib\u00e9rica entre la Antig\u00fcedad y el Medievo desde la Arqueolog\u00eda Ecol\u00f3gica\u00bb<\/strong>. Un Proyecto de Investigaci\u00f3n para la Incorporaci\u00f3n de J\u00f3venes Doctores a Nuevas L\u00edneas de Investigaci\u00f3n en Grupos de la Universidad de Granada (Programa 9) del Plan Propio de Investigaci\u00f3n correspondiente al a\u00f1o 2022 del Vicerrectorado de Investigaci\u00f3n y Transferencia.<\/p>\n<p>Esta nueva l\u00ednea de investigaci\u00f3n est\u00e1 siendo desarrollada desde marzo de 2024 por <a href=\"https:\/\/orcid.org\/0000-0002-6732-5753\" target=\"_blank\" rel=\"noopener\">Luis Gethseman\u00ed P\u00e9rez Aguilar<\/a> en el marco del grupo <a href=\"https:\/\/gaecatao.es\/\" target=\"_blank\" rel=\"noopener\">GAECATAO: Arqueolog\u00eda de la \u00c9poca Cl\u00e1sica y Antig\u00fcedad Tard\u00eda en Andaluc\u00eda Oriental (HUM296)<\/a> y del <a href=\"http:\/\/www.prehistoriayarqueologia.org\/\" target=\"_blank\" rel=\"noopener\">Departamento de Prehistoria y Arqueolog\u00eda de la Universidad de Granada<\/a>.<\/p>\n<p>Los objetivos generales de este proyecto pretenden evaluar los cambios y transformaciones que experiment\u00f3 el poblamiento en el SW peninsular en los periodos romano y tardoantiguo desde las coordenadas de la Teor\u00eda de Construcci\u00f3n de Nichos Ecol\u00f3gicos y la Arqueolog\u00eda del Territorio.<\/p>\n","protected":false},"excerpt":{"rendered":"<p>&nbsp; Bienvenidos al blog del proyecto \u00abEcoArq. Estudio evolutivo del poblamiento humano del SW de la pen\u00ednsula ib\u00e9rica entre la Antig\u00fcedad y el Medievo desde la Arqueolog\u00eda Ecol\u00f3gica\u00bb. Un Proyecto de Investigaci\u00f3n para la Incorporaci\u00f3n de J\u00f3venes Doctores a Nuevas L\u00edneas de Investigaci\u00f3n en Grupos de la Universidad de Granada (Programa 9) del Plan Propio [&hellip;]<\/p>\n","protected":false},"author":664,"featured_media":0,"parent":0,"menu_order":1,"comment_status":"closed","ping_status":"closed","template":"","meta":{"_genesis_hide_title":false,"_genesis_hide_breadcrumbs":false,"_genesis_hide_singular_image":false,"_genesis_hide_footer_widgets":false,"_genesis_custom_body_class":"","_genesis_custom_post_class":"","_genesis_layout":"","footnotes":""},"categories":[15],"tags":[11,14,8,12,10,9,13],"class_list":{"0":"post-200","1":"page","2":"type-page","3":"status-publish","5":"category-ecoarq","6":"tag-antiguedad-tardia","7":"tag-arqueologia-darwiniana","8":"tag-arqueologia-del-territorio","9":"tag-arqueologia-ecologica","10":"tag-epoca-romana","11":"tag-sw-de-la-peninsula-iberica","12":"tag-teoria-de-construccion-de-nichos-ecologicos","13":"entry"},"_links":{"self":[{"href":"https:\/\/blogs.ugr.es\/ecoarq\/wp-json\/wp\/v2\/pages\/200","targetHints":{"allow":["GET"]}}],"collection":[{"href":"https:\/\/blogs.ugr.es\/ecoarq\/wp-json\/wp\/v2\/pages"}],"about":[{"href":"https:\/\/blogs.ugr.es\/ecoarq\/wp-json\/wp\/v2\/types\/page"}],"author":[{"embeddable":true,"href":"https:\/\/blogs.ugr.es\/ecoarq\/wp-json\/wp\/v2\/users\/664"}],"replies":[{"embeddable":true,"href":"https:\/\/blogs.ugr.es\/ecoarq\/wp-json\/wp\/v2\/comments?post=200"}],"version-history":[{"count":3,"href":"https:\/\/blogs.ugr.es\/ecoarq\/wp-json\/wp\/v2\/pages\/200\/revisions"}],"predecessor-version":[{"id":204,"href":"https:\/\/blogs.ugr.es\/ecoarq\/wp-json\/wp\/v2\/pages\/200\/revisions\/204"}],"wp:attachment":[{"href":"https:\/\/blogs.ugr.es\/ecoarq\/wp-json\/wp\/v2\/media?parent=200"}],"wp:term":[{"taxonomy":"category","embeddable":true,"href":"https:\/\/blogs.ugr.es\/ecoarq\/wp-json\/wp\/v2\/categories?post=200"},{"taxonomy":"post_tag","embeddable":true,"href":"https:\/\/blogs.ugr.es\/ecoarq\/wp-json\/wp\/v2\/tags?post=200"}],"curies":[{"name":"wp","href":"https:\/\/api.w.org\/{rel}","templated":true}]}}