{"id":205,"date":"2024-08-06T07:27:55","date_gmt":"2024-08-06T05:27:55","guid":{"rendered":"https:\/\/blogs.ugr.es\/ecoarq\/?page_id=205"},"modified":"2024-08-06T07:38:31","modified_gmt":"2024-08-06T05:38:31","slug":"congresos","status":"publish","type":"page","link":"https:\/\/blogs.ugr.es\/ecoarq\/congresos\/","title":{"rendered":"Congresos"},"content":{"rendered":"<p>&nbsp;<\/p>\n<p>En esta secci\u00f3n informaremos de los encuentros cient\u00edficos en los que participemos tanto a nivel de <a href=\"https:\/\/blogs.ugr.es\/ecoarq\/organizacion-de-congresos\/\">organizaci\u00f3n<\/a> como en calidad de ponentes.<\/p>\n","protected":false},"excerpt":{"rendered":"<p>&nbsp; En esta secci\u00f3n informaremos de los encuentros cient\u00edficos en los que participemos tanto a nivel de organizaci\u00f3n como en calidad de ponentes.<\/p>\n","protected":false},"author":664,"featured_media":0,"parent":0,"menu_order":0,"comment_status":"closed","ping_status":"closed","template":"","meta":{"_genesis_hide_title":false,"_genesis_hide_breadcrumbs":false,"_genesis_hide_singular_image":false,"_genesis_hide_footer_widgets":false,"_genesis_custom_body_class":"","_genesis_custom_post_class":"","_genesis_layout":"","footnotes":""},"categories":[21],"tags":[23,22],"class_list":{"0":"post-205","1":"page","2":"type-page","3":"status-publish","5":"category-congresos","6":"tag-arqueologia","7":"tag-congresos","8":"entry"},"_links":{"self":[{"href":"https:\/\/blogs.ugr.es\/ecoarq\/wp-json\/wp\/v2\/pages\/205","targetHints":{"allow":["GET"]}}],"collection":[{"href":"https:\/\/blogs.ugr.es\/ecoarq\/wp-json\/wp\/v2\/pages"}],"about":[{"href":"https:\/\/blogs.ugr.es\/ecoarq\/wp-json\/wp\/v2\/types\/page"}],"author":[{"embeddable":true,"href":"https:\/\/blogs.ugr.es\/ecoarq\/wp-json\/wp\/v2\/users\/664"}],"replies":[{"embeddable":true,"href":"https:\/\/blogs.ugr.es\/ecoarq\/wp-json\/wp\/v2\/comments?post=205"}],"version-history":[{"count":2,"href":"https:\/\/blogs.ugr.es\/ecoarq\/wp-json\/wp\/v2\/pages\/205\/revisions"}],"predecessor-version":[{"id":212,"href":"https:\/\/blogs.ugr.es\/ecoarq\/wp-json\/wp\/v2\/pages\/205\/revisions\/212"}],"wp:attachment":[{"href":"https:\/\/blogs.ugr.es\/ecoarq\/wp-json\/wp\/v2\/media?parent=205"}],"wp:term":[{"taxonomy":"category","embeddable":true,"href":"https:\/\/blogs.ugr.es\/ecoarq\/wp-json\/wp\/v2\/categories?post=205"},{"taxonomy":"post_tag","embeddable":true,"href":"https:\/\/blogs.ugr.es\/ecoarq\/wp-json\/wp\/v2\/tags?post=205"}],"curies":[{"name":"wp","href":"https:\/\/api.w.org\/{rel}","templated":true}]}}