{"id":239,"date":"2024-08-06T12:18:27","date_gmt":"2024-08-06T10:18:27","guid":{"rendered":"https:\/\/blogs.ugr.es\/ecoarq\/?page_id=239"},"modified":"2024-09-03T11:49:28","modified_gmt":"2024-09-03T09:49:28","slug":"enlaces","status":"publish","type":"page","link":"https:\/\/blogs.ugr.es\/ecoarq\/enlaces\/","title":{"rendered":"Enlaces"},"content":{"rendered":"<p>&nbsp;<\/p>\n<ul>\n<li><a href=\"http:\/\/www.prehistoriayarqueologia.org\/\" target=\"_blank\" rel=\"noopener\">Departamento de Prehistoria y Arqueolog\u00eda de la Universidad de Granada<\/a>.<\/li>\n<li><a href=\"https:\/\/filosofiayletras.ugr.es\/\" target=\"_blank\" rel=\"noopener\">Facultad de Filosof\u00eda y Letras de la Universidad de Granada<\/a>.<\/li>\n<li><a href=\"https:\/\/www.ugr.es\/\" target=\"_blank\" rel=\"noopener\">Universidad de Granada.<\/a><\/li>\n<li><a href=\"https:\/\/gaecatao.es\/\" target=\"_blank\" rel=\"noopener\">GAECATAO. Arqueolog\u00eda de la \u00c9poca Cl\u00e1sica y Antig\u00fcedad Tard\u00eda en Andaluc\u00eda Oriental (HUM296).<\/a><\/li>\n<li><a href=\"https:\/\/orcid.org\/0000-0002-6732-5753\" target=\"_blank\" rel=\"noopener\">ORCID<\/a><\/li>\n<li><a href=\"https:\/\/ugr.academia.edu\/LuisGethseman%C3%ADP%C3%A9rezAguilar\" target=\"_blank\" rel=\"noopener\">Academia.edu<\/a><\/li>\n<li><a href=\"https:\/\/www.researchgate.net\/profile\/Luis-Gethsemani-Perez-Aguilar\" target=\"_blank\" rel=\"noopener\">ResearchGate<\/a><\/li>\n<li><a href=\"https:\/\/www.instagram.com\/ecoarqueologia\/\" target=\"_blank\" rel=\"noopener\">Instagram<\/a><\/li>\n<li><a href=\"https:\/\/www.facebook.com\/EcoArchaeology\" target=\"_blank\" rel=\"noopener\">Facebook<\/a><\/li>\n<li><a href=\"https:\/\/www.youtube.com\/@luisgethsemaniperezaguilar8363\" target=\"_blank\" rel=\"noopener\">YouTube<\/a><\/li>\n<li><a href=\"https:\/\/cias.uc.pt\/\" target=\"_blank\" rel=\"noopener\">CIAS: Research Centre for Anthropology and Health<\/a><\/li>\n<li><a href=\"https:\/\/archeo.amu.edu.pl\/en\" target=\"_blank\" rel=\"noopener\">Faculty of Archaeology, Adam Mickiewicz University in Pozna\u0144<\/a><\/li>\n<li><a href=\"http:\/\/www.imhicihu-conicet.gob.ar\/\" target=\"_blank\" rel=\"noopener\">Instituto Multidisciplinario de Historia y Ciencias Humanas (IMHICIHU, CONICET)<\/a><\/li>\n<li><a href=\"http:\/\/arqueologia.institutos.filo.uba.ar\/\" target=\"_blank\" rel=\"noopener\">Instituto de Arqueolog\u00eda, Universidad de Buenos Aires<\/a><\/li>\n<li><a href=\"http:\/\/www.iam.csic.es\/\" target=\"_blank\" rel=\"noopener\">Instituto de Arqueolog\u00eda de M\u00e9rida (CSIC)<\/a><\/li>\n<li><a href=\"https:\/\/www.uma.es\/ciencias-historicas\/\" target=\"_blank\" rel=\"noopener\">Departamento de Ciencias Hist\u00f3ricas de la Universidad de M\u00e1laga<\/a><\/li>\n<li><a href=\"https:\/\/departamento.us.es\/dpreyarq\/web\/\" target=\"_blank\" rel=\"noopener\">Departamento de Prehistoria y Arqueolog\u00eda de la Universidad de Sevilla<\/a><\/li>\n<li><a href=\"https:\/\/www.dhis.uevora.pt\/\" target=\"_blank\" rel=\"noopener\">Departamento de Hist\u00f3ria, Universidade de \u00c9vora<\/a><\/li>\n<li><a href=\"https:\/\/www.eehar.csic.es\/\" target=\"_blank\" rel=\"noopener\">Escuela Espa\u00f1ola de Historia y Arqueolog\u00eda en Roma (EEHAR, CSIC)<\/a><\/li>\n<li><a href=\"https:\/\/www.romanislam.uni-hamburg.de\/\" target=\"_blank\" rel=\"noopener\">RomanIslam &#8211; Center for Comparative Empire and Transcultural Studies<\/a><\/li>\n<li><a href=\"https:\/\/www.toletum-network.com\/es\/\" target=\"_blank\" rel=\"noopener\">Toletum. Red para la Investigaci\u00f3n sobre la Pen\u00ednsula Ib\u00e9rica en la Antig\u00fcedad<\/a><\/li>\n<li><a href=\"https:\/\/ellugardelagua.wordpress.com\/\">El lugar del agua. Blog de divulgaci\u00f3n del Proyecto Cultura del Agua Urbana en la Antig\u00fcedad Tard\u00eda (CAUAT)<\/a><\/li>\n<\/ul>\n","protected":false},"excerpt":{"rendered":"<p>&nbsp; Departamento de Prehistoria y Arqueolog\u00eda de la Universidad de Granada. Facultad de Filosof\u00eda y Letras de la Universidad de Granada. Universidad de Granada. GAECATAO. Arqueolog\u00eda de la \u00c9poca Cl\u00e1sica y Antig\u00fcedad Tard\u00eda en Andaluc\u00eda Oriental (HUM296). ORCID Academia.edu ResearchGate Instagram Facebook YouTube CIAS: Research Centre for Anthropology and Health Faculty of Archaeology, Adam Mickiewicz [&hellip;]<\/p>\n","protected":false},"author":664,"featured_media":0,"parent":0,"menu_order":0,"comment_status":"closed","ping_status":"closed","template":"","meta":{"_genesis_hide_title":false,"_genesis_hide_breadcrumbs":false,"_genesis_hide_singular_image":false,"_genesis_hide_footer_widgets":false,"_genesis_custom_body_class":"","_genesis_custom_post_class":"","_genesis_layout":"","footnotes":""},"categories":[],"tags":[],"class_list":{"0":"post-239","1":"page","2":"type-page","3":"status-publish","5":"entry"},"_links":{"self":[{"href":"https:\/\/blogs.ugr.es\/ecoarq\/wp-json\/wp\/v2\/pages\/239","targetHints":{"allow":["GET"]}}],"collection":[{"href":"https:\/\/blogs.ugr.es\/ecoarq\/wp-json\/wp\/v2\/pages"}],"about":[{"href":"https:\/\/blogs.ugr.es\/ecoarq\/wp-json\/wp\/v2\/types\/page"}],"author":[{"embeddable":true,"href":"https:\/\/blogs.ugr.es\/ecoarq\/wp-json\/wp\/v2\/users\/664"}],"replies":[{"embeddable":true,"href":"https:\/\/blogs.ugr.es\/ecoarq\/wp-json\/wp\/v2\/comments?post=239"}],"version-history":[{"count":3,"href":"https:\/\/blogs.ugr.es\/ecoarq\/wp-json\/wp\/v2\/pages\/239\/revisions"}],"predecessor-version":[{"id":261,"href":"https:\/\/blogs.ugr.es\/ecoarq\/wp-json\/wp\/v2\/pages\/239\/revisions\/261"}],"wp:attachment":[{"href":"https:\/\/blogs.ugr.es\/ecoarq\/wp-json\/wp\/v2\/media?parent=239"}],"wp:term":[{"taxonomy":"category","embeddable":true,"href":"https:\/\/blogs.ugr.es\/ecoarq\/wp-json\/wp\/v2\/categories?post=239"},{"taxonomy":"post_tag","embeddable":true,"href":"https:\/\/blogs.ugr.es\/ecoarq\/wp-json\/wp\/v2\/tags?post=239"}],"curies":[{"name":"wp","href":"https:\/\/api.w.org\/{rel}","templated":true}]}}