{"id":206,"date":"2022-09-18T18:51:29","date_gmt":"2022-09-18T16:51:29","guid":{"rendered":"https:\/\/blogs.ugr.es\/ecopildoras\/?page_id=206"},"modified":"2023-06-06T13:18:43","modified_gmt":"2023-06-06T11:18:43","slug":"relacion-de-pildoras","status":"publish","type":"page","link":"https:\/\/blogs.ugr.es\/ecopildoras\/relacion-de-pildoras\/","title":{"rendered":"Relaci\u00f3n de P\u00edldoras"},"content":{"rendered":"<p><span style=\"font-weight: 400\">El Proyecto est\u00e1 dividido en 12 secciones tem\u00e1ticas que abarcan, por ejemplo, aspectos relativos a\u00a0 conocimientos b\u00e1sicos de la ciencia Econ\u00f3mica, cuestiones sobre el funcionamiento de los mercados, otras relativas elementos del an\u00e1lisis macroecon\u00f3mico, integraci\u00f3n econ\u00f3mica, o cuestiones sobre crecimiento y globalizaci\u00f3n, por citar solo algunas.<\/span><\/p>\n<p><span style=\"font-weight: 400\">Se ha procurado especialmente en lo posible que haya diversidad de enfoques en las presentaciones, de forma que se puedan o\u00edr voces de profesores y profesoras que tienen orientaciones variadas, como lo es la propia Econom\u00eda.<\/span><\/p>\n<p><span style=\"font-weight: 400\">Adicionalmente est\u00e1n previstos una serie de materiales que el profesorado que ha participado ha aportado y, que se procurar\u00e1 sea accesible a quienes usen estas p\u00edldoras.<\/span><\/p>\n<h2>Relaci\u00f3n de p\u00edldoras por temas:<\/h2>\n<ol>\n<li>\n<h5><a href=\"https:\/\/blogs.ugr.es\/ecopildoras\/seccion-tematica-1\/\">Principios b\u00e1sicos de la ciencia Econ\u00f3mica<\/a><\/h5>\n<\/li>\n<li>\n<h5>La Oferta y la demanda &#8211; El Mecanismo de mercado<\/h5>\n<\/li>\n<li>\n<h5>La Empresa y los mercados de productos<\/h5>\n<\/li>\n<li>\n<h5>La eficiencia la equidad y el Estado<\/h5>\n<\/li>\n<li>\n<h5>La Macroeconom\u00eda. Visi\u00f3n global<\/h5>\n<\/li>\n<li>\n<h5>La demanda agregada y la pol\u00edtica fiscal<\/h5>\n<\/li>\n<li>\n<h5>Dinero y pol\u00edtica monetaria<\/h5>\n<\/li>\n<li>\n<h5>Equilibrio y desequilibro econ\u00f3mico en una econom\u00eda abierta<\/h5>\n<\/li>\n<li>\n<h5>La Pol\u00edtica Comercial e Instituciones Internacionales<\/h5>\n<\/li>\n<li>\n<h5>La Integraci\u00f3n econ\u00f3mica internacional<\/h5>\n<\/li>\n<li>\n<h5>Mercado de divisas y tipos de cambio<\/h5>\n<\/li>\n<li>\n<h5>Crecimiento, desarrollo y globalizaci\u00f3n econ\u00f3mica<\/h5>\n<\/li>\n<\/ol>\n<h3><\/h3>\n<p>&nbsp;<\/p>\n","protected":false},"excerpt":{"rendered":"<p>El Proyecto est\u00e1 dividido en 12 secciones tem\u00e1ticas que abarcan, por ejemplo, aspectos relativos a\u00a0 conocimientos b\u00e1sicos de la ciencia Econ\u00f3mica, cuestiones sobre el funcionamiento de los mercados, otras relativas elementos del an\u00e1lisis macroecon\u00f3mico, integraci\u00f3n econ\u00f3mica, o cuestiones sobre crecimiento y globalizaci\u00f3n, por citar solo algunas. Se ha procurado especialmente en lo posible que haya [&hellip;]<\/p>\n","protected":false},"author":506,"featured_media":0,"parent":0,"menu_order":0,"comment_status":"closed","ping_status":"closed","template":"","meta":{"footnotes":""},"categories":[],"tags":[],"class_list":["post-206","page","type-page","status-publish","hentry"],"_links":{"self":[{"href":"https:\/\/blogs.ugr.es\/ecopildoras\/wp-json\/wp\/v2\/pages\/206","targetHints":{"allow":["GET"]}}],"collection":[{"href":"https:\/\/blogs.ugr.es\/ecopildoras\/wp-json\/wp\/v2\/pages"}],"about":[{"href":"https:\/\/blogs.ugr.es\/ecopildoras\/wp-json\/wp\/v2\/types\/page"}],"author":[{"embeddable":true,"href":"https:\/\/blogs.ugr.es\/ecopildoras\/wp-json\/wp\/v2\/users\/506"}],"replies":[{"embeddable":true,"href":"https:\/\/blogs.ugr.es\/ecopildoras\/wp-json\/wp\/v2\/comments?post=206"}],"version-history":[{"count":3,"href":"https:\/\/blogs.ugr.es\/ecopildoras\/wp-json\/wp\/v2\/pages\/206\/revisions"}],"predecessor-version":[{"id":367,"href":"https:\/\/blogs.ugr.es\/ecopildoras\/wp-json\/wp\/v2\/pages\/206\/revisions\/367"}],"wp:attachment":[{"href":"https:\/\/blogs.ugr.es\/ecopildoras\/wp-json\/wp\/v2\/media?parent=206"}],"wp:term":[{"taxonomy":"category","embeddable":true,"href":"https:\/\/blogs.ugr.es\/ecopildoras\/wp-json\/wp\/v2\/categories?post=206"},{"taxonomy":"post_tag","embeddable":true,"href":"https:\/\/blogs.ugr.es\/ecopildoras\/wp-json\/wp\/v2\/tags?post=206"}],"curies":[{"name":"wp","href":"https:\/\/api.w.org\/{rel}","templated":true}]}}