{"id":210,"date":"2022-09-18T18:55:30","date_gmt":"2022-09-18T16:55:30","guid":{"rendered":"https:\/\/blogs.ugr.es\/ecopildoras\/?page_id=210"},"modified":"2023-06-06T12:53:13","modified_gmt":"2023-06-06T10:53:13","slug":"participantes","status":"publish","type":"page","link":"https:\/\/blogs.ugr.es\/ecopildoras\/participantes\/","title":{"rendered":"Relaci\u00f3n de Participantes"},"content":{"rendered":"<h3>Relaci\u00f3n de profesores participantes (por orden alfab\u00e9tico)<\/h3>\n<ul>\n<li>\n<h5>Barrios Mart\u00ednez,\u00a0 Soledad<\/h5>\n<h6>P\u00edldora 1 P\u00edldora 2 P\u00edldora 3<\/h6>\n<\/li>\n<li>\n<h5>\u00a0Correa G\u00f3mez, Manuel<\/h5>\n<h6>P\u00edldora 1 P\u00edldora 2 P\u00edldora 3<\/h6>\n<\/li>\n<li>\n<h5>Diop Wayal, Modou<\/h5>\n<h6>P\u00edldora 1 P\u00edldora 2 P\u00edldora 3<\/h6>\n<\/li>\n<li>\n<h5>Epstein, David<\/h5>\n<h6>P\u00edldora 1 P\u00edldora 2 P\u00edldora 3<\/h6>\n<\/li>\n<li>\n<h5>Fern\u00e1ndez P\u00e9rez, \u00c1ngel<\/h5>\n<h6>P\u00edldora 1 P\u00edldora 2 P\u00edldora 3<\/h6>\n<\/li>\n<li>\n<h5>Garc\u00eda Corchero, Juan David<\/h5>\n<h6>P\u00edldora 1 P\u00edldora 2 P\u00edldora 3<\/h6>\n<\/li>\n<li>\n<h5>Gonz\u00e1lez G\u00f3mez, Francisco<\/h5>\n<h6>P\u00edldora 1 P\u00edldora 2 P\u00edldora 3<\/h6>\n<\/li>\n<li>\n<h5>Jim\u00e9nez Rubio, Mar\u00eda Dolores<\/h5>\n<h6>P\u00edldora 1 P\u00edldora 2 P\u00edldora 3<\/h6>\n<\/li>\n<li>\n<h5>Liz\u00e1rraga Mollinedo,\u00a0 Carmen<\/h5>\n<h6>P\u00edldora 1 P\u00edldora 2 P\u00edldora 3<\/h6>\n<\/li>\n<li>\n<h5>Mart\u00edn Mart\u00edn, Jos\u00e9 Jes\u00fas<\/h5>\n<h6>P\u00edldora 1 P\u00edldora 2 P\u00edldora 3<\/h6>\n<\/li>\n<li>\n<h5>Mart\u00ednez Rodr\u00edguez\u00a0 Susana<\/h5>\n<h6>P\u00edldora 1 P\u00edldora 2 P\u00edldora 3<\/h6>\n<\/li>\n<li>\n<h5>Navarro Hern\u00e1ndez, Mar\u00eda Victoria<\/h5>\n<h6>P\u00edldora 1 P\u00edldora 2 P\u00edldora 3<\/h6>\n<\/li>\n<li>\n<h5>Rojo Gallego-Bur\u00edn, Araceli Mar\u00eda<\/h5>\n<h6>P\u00edldora 1 P\u00edldora 2 P\u00edldora 3<\/h6>\n<\/li>\n<li>\n<h5>Rosales L\u00f3pez, Virginia<\/h5>\n<h6>P\u00edldora 1 P\u00edldora 2 P\u00edldora 3<\/h6>\n<\/li>\n<li>\n<h5>Ruiz Martos, Mar\u00eda Jos\u00e9<\/h5>\n<h6>P\u00edldora 1 P\u00edldora 2 P\u00edldora 3<\/h6>\n<\/li>\n<li>\n<h5><a href=\"https:\/\/directorio.ugr.es\/static\/PersonalUGR\/*\/show\/3356bab8e14be5760124fa67352b2290\">Ruiz-Adame Reina, Manuel <\/a>\u00a0 <a href=\"https:\/\/drive.google.com\/drive\/u\/0\/folders\/1Bju3JV8VC19Bz1h0D2ixLRt6SSGJWhzX\">Pildora 1<\/a> <a href=\"https:\/\/drive.google.com\/drive\/u\/0\/folders\/1Bju3JV8VC19Bz1h0D2ixLRt6SSGJWhzX\">Pildora 2<\/a> <a href=\"https:\/\/drive.google.com\/drive\/u\/0\/folders\/1Bju3JV8VC19Bz1h0D2ixLRt6SSGJWhzX\">Pildora 3<\/a><\/h5>\n<h6>P\u00edldora 1 P\u00edldora 2 P\u00edldora 3<\/h6>\n<\/li>\n<li>\n<h5>S\u00e1nchez Campillo, Jos\u00e9<\/h5>\n<h6>P\u00edldora 1 P\u00edldora 2 P\u00edldora 3<\/h6>\n<\/li>\n<li>\n<h5>S\u00e1nchez Dom\u00ednguez, \u00c1ngeles<\/h5>\n<h6>P\u00edldora 1 P\u00edldora 2 P\u00edldora 3<\/h6>\n<\/li>\n<li>\n<h5>S\u00e1nchez Mart\u00ednez, Mar\u00eda Teresa<\/h5>\n<h6>P\u00edldora 1 P\u00edldora 2 P\u00edldora 3<\/h6>\n<\/li>\n<li>\n<h5>Villar Rubio, Elena<\/h5>\n<h6>P\u00edldora 1 P\u00edldora 2 P\u00edldora 3<\/h6>\n<\/li>\n<\/ul>\n<h5><\/h5>\n","protected":false},"excerpt":{"rendered":"<p>Relaci\u00f3n de profesores participantes (por orden alfab\u00e9tico) Barrios Mart\u00ednez,\u00a0 Soledad P\u00edldora 1 P\u00edldora 2 P\u00edldora 3 \u00a0Correa G\u00f3mez, Manuel P\u00edldora 1 P\u00edldora 2 P\u00edldora 3 Diop Wayal, Modou P\u00edldora 1 P\u00edldora 2 P\u00edldora 3 Epstein, David P\u00edldora 1 P\u00edldora 2 P\u00edldora 3 Fern\u00e1ndez P\u00e9rez, \u00c1ngel P\u00edldora 1 P\u00edldora 2 P\u00edldora 3 Garc\u00eda Corchero, Juan David [&hellip;]<\/p>\n","protected":false},"author":506,"featured_media":0,"parent":0,"menu_order":0,"comment_status":"closed","ping_status":"closed","template":"","meta":{"footnotes":""},"categories":[],"tags":[],"class_list":["post-210","page","type-page","status-publish","hentry"],"_links":{"self":[{"href":"https:\/\/blogs.ugr.es\/ecopildoras\/wp-json\/wp\/v2\/pages\/210","targetHints":{"allow":["GET"]}}],"collection":[{"href":"https:\/\/blogs.ugr.es\/ecopildoras\/wp-json\/wp\/v2\/pages"}],"about":[{"href":"https:\/\/blogs.ugr.es\/ecopildoras\/wp-json\/wp\/v2\/types\/page"}],"author":[{"embeddable":true,"href":"https:\/\/blogs.ugr.es\/ecopildoras\/wp-json\/wp\/v2\/users\/506"}],"replies":[{"embeddable":true,"href":"https:\/\/blogs.ugr.es\/ecopildoras\/wp-json\/wp\/v2\/comments?post=210"}],"version-history":[{"count":4,"href":"https:\/\/blogs.ugr.es\/ecopildoras\/wp-json\/wp\/v2\/pages\/210\/revisions"}],"predecessor-version":[{"id":358,"href":"https:\/\/blogs.ugr.es\/ecopildoras\/wp-json\/wp\/v2\/pages\/210\/revisions\/358"}],"wp:attachment":[{"href":"https:\/\/blogs.ugr.es\/ecopildoras\/wp-json\/wp\/v2\/media?parent=210"}],"wp:term":[{"taxonomy":"category","embeddable":true,"href":"https:\/\/blogs.ugr.es\/ecopildoras\/wp-json\/wp\/v2\/categories?post=210"},{"taxonomy":"post_tag","embeddable":true,"href":"https:\/\/blogs.ugr.es\/ecopildoras\/wp-json\/wp\/v2\/tags?post=210"}],"curies":[{"name":"wp","href":"https:\/\/api.w.org\/{rel}","templated":true}]}}