{"id":241,"date":"2022-09-18T20:10:53","date_gmt":"2022-09-18T18:10:53","guid":{"rendered":"https:\/\/blogs.ugr.es\/ecopildoras\/?page_id=241"},"modified":"2022-09-18T20:10:53","modified_gmt":"2022-09-18T18:10:53","slug":"seccion-tematica-1","status":"publish","type":"page","link":"https:\/\/blogs.ugr.es\/ecopildoras\/seccion-tematica-1\/","title":{"rendered":"Secci\u00f3n tem\u00e1tica 1"},"content":{"rendered":"<p>Aqu\u00ed ir\u00eda la relaci\u00f3n de p\u00edldoras pertenecientes a esta secci\u00f3n<\/p>\n<p><a href=\"https:\/\/blogs.ugr.es\/ecopildoras\/pildora-1\/\">P\u00edldora 1<\/a><\/p>\n<p>P\u00edldora 2<\/p>\n<p>P\u00edldora n<\/p>\n","protected":false},"excerpt":{"rendered":"<p>Aqu\u00ed ir\u00eda la relaci\u00f3n de p\u00edldoras pertenecientes a esta secci\u00f3n P\u00edldora 1 P\u00edldora 2 P\u00edldora n<\/p>\n","protected":false},"author":506,"featured_media":0,"parent":0,"menu_order":0,"comment_status":"closed","ping_status":"closed","template":"","meta":{"footnotes":""},"categories":[],"tags":[],"class_list":["post-241","page","type-page","status-publish","hentry"],"_links":{"self":[{"href":"https:\/\/blogs.ugr.es\/ecopildoras\/wp-json\/wp\/v2\/pages\/241","targetHints":{"allow":["GET"]}}],"collection":[{"href":"https:\/\/blogs.ugr.es\/ecopildoras\/wp-json\/wp\/v2\/pages"}],"about":[{"href":"https:\/\/blogs.ugr.es\/ecopildoras\/wp-json\/wp\/v2\/types\/page"}],"author":[{"embeddable":true,"href":"https:\/\/blogs.ugr.es\/ecopildoras\/wp-json\/wp\/v2\/users\/506"}],"replies":[{"embeddable":true,"href":"https:\/\/blogs.ugr.es\/ecopildoras\/wp-json\/wp\/v2\/comments?post=241"}],"version-history":[{"count":1,"href":"https:\/\/blogs.ugr.es\/ecopildoras\/wp-json\/wp\/v2\/pages\/241\/revisions"}],"predecessor-version":[{"id":242,"href":"https:\/\/blogs.ugr.es\/ecopildoras\/wp-json\/wp\/v2\/pages\/241\/revisions\/242"}],"wp:attachment":[{"href":"https:\/\/blogs.ugr.es\/ecopildoras\/wp-json\/wp\/v2\/media?parent=241"}],"wp:term":[{"taxonomy":"category","embeddable":true,"href":"https:\/\/blogs.ugr.es\/ecopildoras\/wp-json\/wp\/v2\/categories?post=241"},{"taxonomy":"post_tag","embeddable":true,"href":"https:\/\/blogs.ugr.es\/ecopildoras\/wp-json\/wp\/v2\/tags?post=241"}],"curies":[{"name":"wp","href":"https:\/\/api.w.org\/{rel}","templated":true}]}}