{"id":209,"date":"2025-05-24T19:04:00","date_gmt":"2025-05-24T17:04:00","guid":{"rendered":"https:\/\/blogs.ugr.es\/ecos-gr\/?page_id=209"},"modified":"2025-06-01T12:42:07","modified_gmt":"2025-06-01T10:42:07","slug":"contacto","status":"publish","type":"page","link":"https:\/\/blogs.ugr.es\/ecos-gr\/contacto\/","title":{"rendered":"Contacto"},"content":{"rendered":"<p><img loading=\"lazy\" decoding=\"async\" class=\"alignleft wp-image-588\" src=\"https:\/\/blogs.ugr.es\/ecos-gr\/wp-content\/uploads\/sites\/172\/2025\/06\/Letras.jpg\" alt=\"Letras\" width=\"232\" height=\"412\" \/><\/p>\n<p>Correo electr\u00f3nico: &#x65;&#x63;&#111;sg&#x72;&#x40;&#117;&#103;r&#x2e;&#x65;&#115;<\/p>\n<div style=\"width: 100%;max-width: 100%;height: auto;margin: 0 auto\">\n<p>Direcci\u00f3n:<\/p>\n<ul>\n<li>Departamento de Lengua Espa\u00f1ola<\/li>\n<li>Facultad de Filosof\u00eda y Letras<\/li>\n<li><a href=\"https:\/\/maps.app.goo.gl\/3TLJdek52GqJmaci8\">Campus de la Cartuja, 18071 Granada<\/a><\/li>\n<li>Tel\u00e9fono.: +34 958 246 394<\/li>\n<li>Fax:\u00a0+34 958 243 610<\/li>\n<\/ul>\n<\/div>\n","protected":false},"excerpt":{"rendered":"<p>Correo electr\u00f3nico: &#x65;c&#x6f;&#115;&#x67;&#114;&#x40;&#x75;g&#x72;&#46;&#x65;&#115; Direcci\u00f3n: Departamento de Lengua Espa\u00f1ola Facultad de Filosof\u00eda y Letras Campus de la Cartuja, 18071 Granada Tel\u00e9fono.: +34 958 246 394 Fax:\u00a0+34 958 243 610<\/p>\n","protected":false},"author":682,"featured_media":0,"parent":0,"menu_order":0,"comment_status":"closed","ping_status":"closed","template":"","meta":{"footnotes":""},"categories":[],"tags":[],"class_list":["post-209","page","type-page","status-publish","hentry"],"_links":{"self":[{"href":"https:\/\/blogs.ugr.es\/ecos-gr\/wp-json\/wp\/v2\/pages\/209","targetHints":{"allow":["GET"]}}],"collection":[{"href":"https:\/\/blogs.ugr.es\/ecos-gr\/wp-json\/wp\/v2\/pages"}],"about":[{"href":"https:\/\/blogs.ugr.es\/ecos-gr\/wp-json\/wp\/v2\/types\/page"}],"author":[{"embeddable":true,"href":"https:\/\/blogs.ugr.es\/ecos-gr\/wp-json\/wp\/v2\/users\/682"}],"replies":[{"embeddable":true,"href":"https:\/\/blogs.ugr.es\/ecos-gr\/wp-json\/wp\/v2\/comments?post=209"}],"version-history":[{"count":3,"href":"https:\/\/blogs.ugr.es\/ecos-gr\/wp-json\/wp\/v2\/pages\/209\/revisions"}],"predecessor-version":[{"id":590,"href":"https:\/\/blogs.ugr.es\/ecos-gr\/wp-json\/wp\/v2\/pages\/209\/revisions\/590"}],"wp:attachment":[{"href":"https:\/\/blogs.ugr.es\/ecos-gr\/wp-json\/wp\/v2\/media?parent=209"}],"wp:term":[{"taxonomy":"category","embeddable":true,"href":"https:\/\/blogs.ugr.es\/ecos-gr\/wp-json\/wp\/v2\/categories?post=209"},{"taxonomy":"post_tag","embeddable":true,"href":"https:\/\/blogs.ugr.es\/ecos-gr\/wp-json\/wp\/v2\/tags?post=209"}],"curies":[{"name":"wp","href":"https:\/\/api.w.org\/{rel}","templated":true}]}}