{"id":269,"date":"2025-05-25T15:28:22","date_gmt":"2025-05-25T13:28:22","guid":{"rendered":"https:\/\/blogs.ugr.es\/ecos-gr\/?page_id=269"},"modified":"2025-07-10T10:50:55","modified_gmt":"2025-07-10T08:50:55","slug":"eliska-mackova","status":"publish","type":"page","link":"https:\/\/blogs.ugr.es\/ecos-gr\/equipo\/eliska-mackova\/","title":{"rendered":"Eliska Mackova"},"content":{"rendered":"<p><img loading=\"lazy\" decoding=\"async\" class=\"alignleft wp-image-296\" src=\"https:\/\/blogs.ugr.es\/ecos-gr\/wp-content\/uploads\/sites\/172\/2025\/05\/eliska-1-300x300.jpg\" alt=\"eliska\" width=\"187\" height=\"187\" srcset=\"https:\/\/blogs.ugr.es\/ecos-gr\/wp-content\/uploads\/sites\/172\/2025\/05\/eliska-1-300x300.jpg 300w, https:\/\/blogs.ugr.es\/ecos-gr\/wp-content\/uploads\/sites\/172\/2025\/05\/eliska-1-150x150.jpg 150w, https:\/\/blogs.ugr.es\/ecos-gr\/wp-content\/uploads\/sites\/172\/2025\/05\/eliska-1-75x75.jpg 75w, https:\/\/blogs.ugr.es\/ecos-gr\/wp-content\/uploads\/sites\/172\/2025\/05\/eliska-1-500x500.jpg 500w, https:\/\/blogs.ugr.es\/ecos-gr\/wp-content\/uploads\/sites\/172\/2025\/05\/eliska-1.jpg 594w\" sizes=\"auto, (max-width: 187px) 100vw, 187px\" \/><\/p>\n<p>Eliska Mackova es Investigadora Predoctoral en Formaci\u00f3n (Ley 14\/2011 FPU) en el Departamento Lengua Espa\u00f1ola de la Universidad de Granada y forma parte del proyecto ECOS: \u201cEstudio de los condicionantes sociales del espa\u00f1ol actual en Espa\u00f1a: nuevas identidades, nuevos retos, nuevas soluciones\u201d (Ministerio de Ciencia, Innovaci\u00f3n y Universidades; Agencia Estatal de Investigaci\u00f3n; Uni\u00f3n Europea). Actualmente se encuentra realizando su tesis doctoral sobre el habla de Granada antes de los a\u00f1os 90 dentro del \u00e1mbito de la socioling\u00fc\u00edstica y la fon\u00e9tica.<\/p>\n<p>Es Graduada en Filologi\u0301a Hispa\u0301nica por la Universidad de Granada (2021) y obtuvo el Reconocimiento a la Excelencia en el Rendimiento Acade\u0301mico para estudiantes de la Universidad de Granada que han finalizado, con mayor brillantez, sus estudios universitarios de grado en el curso 2020-2021. Curs\u00f3 el m\u00e1ster de doble titulaci\u00f3n Ma\u0301ster Universitario en Profesorado de Ensen\u0303anza Secundaria Obligatoria y Bachillerato, Formacio\u0301n Profesional y Ensen\u0303anzas de Idiomas (2022) + Ma\u0301ster Universitario en Estudios Superiores de Lengua Espan\u0303ola (2023) en la misma universidad. Durante sus estudios de posgrado, asimismo, disfrut\u00f3 de la Beca de Iniciacio\u0301n a la Investigacio\u0301n para Estudiantes de Ma\u0301steres Oficiales, concedida por el Vicerrectorado de Investigacio\u0301n y Transferencia de la Universidad de Granada, en el Departamento de Lengua Espan\u0303ola.<\/p>\n<p>Desde el a\u00f1o 2022 ha participado como ponente, con comunicacio\u0301n oral o po\u0301ster, en 11 congresos nacionales e internacionales, de entre los cuales destacan el 39\u00ba, 40\u00ba y 42\u00ba Congreso Internacional de la Sociedad Espa\u00f1ola de Ling\u00fc\u00edstica Aplicada, el XXXVI y XXXVII Congreso Internacional de la Asociaci\u00f3n de J\u00f3venes Ling\u00fcistas o el LI Simposio Internacional de la Sociedad Espa\u00f1ola de Ling\u00fc\u00edstica<\/p>\n<p>Publicaciones cient\u00edficas:<\/p>\n<p>Mackova, E. (2025). \u201cElisi\u00f3n de la \/d\/ intervoc\u00e1lica en el habla de los \u00faltimos presidentes del gobierno de Andaluc\u00eda\u201d, <em>ELUA<\/em>, 43, 277-295. DOI: <a href=\"https:\/\/doi.org\/10.14198\/ELUA.27487\">10.14198\/ELUA.27487<\/a><\/p>\n<p>Mackova, E. (2024). \u201cAna\u0301lisis socioestili\u0301stico del discurso de poli\u0301ticos andaluces durante sus intervenciones pu\u0301blicas en Madrid\u201d, <em>Revista Electro\u0301nica de Lingu\u0308i\u0301stica Aplicada<\/em>, 22, 1-21.<\/p>\n<p>Mackova, E. (2024). \u201cEstudio sociolingu\u0308i\u0301stico sobre la evolucio\u0301n lingu\u0308i\u0301stica de los cantantes andaluces: el caso de Pablo Albora\u0301n\u201d, <em>Hesperia: Anuario de Filologi\u0301a Hispa\u0301nica<\/em>, 26(2), 125- 145. DOI: <a href=\"https:\/\/doi.org\/10.35869\/hafh.v26i2.4697\">https:\/\/doi.org\/10.35869\/hafh.v26i2.4697<\/a><\/p>\n<p>Mackova, E. (2023). \u201cEstudio socioestili\u0301stico de la variacio\u0301n lingu\u0308i\u0301stica de las poli\u0301ticas andaluzas durante sus intervenciones pu\u0301blicas y poli\u0301ticas\u201d, <em>Revista de Investigacio\u0301n Lingu\u0308i\u0301stica<\/em>, 26, 163-185. DOI: <a href=\"https:\/\/doi.org\/10.6018\/ril.564441\">10.6018\/ril.564441<\/a><\/p>\n<p>Mackova, E. (2023). \u201cAna\u0301lisis sociolingu\u0308i\u0301stico del discurso de poli\u0301ticas andaluzas durante sus intervenciones pu\u0301blicas: el feno\u0301meno del seseo y otras realizaciones fone\u0301ticas\u201d, <em>Estudios interlingu\u0308i\u0301sticos<\/em>, 11, 155-170.<\/p>\n<p>&nbsp;<\/p>\n<p>Correo electr\u00f3nico: <span style=\"font-weight: 400;\">&#x65;&#x6c;&#x69;&#x73;&#107;&#97;&#64;ug&#x72;&#x2e;&#x65;&#x73;<\/span><\/p>\n","protected":false},"excerpt":{"rendered":"<p>Eliska Mackova es Investigadora Predoctoral en Formaci\u00f3n (Ley 14\/2011 FPU) en el Departamento Lengua Espa\u00f1ola de la Universidad de Granada y forma parte del proyecto ECOS: \u201cEstudio de los condicionantes sociales del espa\u00f1ol actual en Espa\u00f1a: nuevas identidades, nuevos retos, nuevas soluciones\u201d (Ministerio de Ciencia, Innovaci\u00f3n y Universidades; Agencia Estatal de Investigaci\u00f3n; Uni\u00f3n Europea). Actualmente [&hellip;]<\/p>\n","protected":false},"author":682,"featured_media":0,"parent":207,"menu_order":0,"comment_status":"closed","ping_status":"closed","template":"","meta":{"footnotes":""},"categories":[],"tags":[],"class_list":["post-269","page","type-page","status-publish","hentry"],"_links":{"self":[{"href":"https:\/\/blogs.ugr.es\/ecos-gr\/wp-json\/wp\/v2\/pages\/269","targetHints":{"allow":["GET"]}}],"collection":[{"href":"https:\/\/blogs.ugr.es\/ecos-gr\/wp-json\/wp\/v2\/pages"}],"about":[{"href":"https:\/\/blogs.ugr.es\/ecos-gr\/wp-json\/wp\/v2\/types\/page"}],"author":[{"embeddable":true,"href":"https:\/\/blogs.ugr.es\/ecos-gr\/wp-json\/wp\/v2\/users\/682"}],"replies":[{"embeddable":true,"href":"https:\/\/blogs.ugr.es\/ecos-gr\/wp-json\/wp\/v2\/comments?post=269"}],"version-history":[{"count":3,"href":"https:\/\/blogs.ugr.es\/ecos-gr\/wp-json\/wp\/v2\/pages\/269\/revisions"}],"predecessor-version":[{"id":775,"href":"https:\/\/blogs.ugr.es\/ecos-gr\/wp-json\/wp\/v2\/pages\/269\/revisions\/775"}],"up":[{"embeddable":true,"href":"https:\/\/blogs.ugr.es\/ecos-gr\/wp-json\/wp\/v2\/pages\/207"}],"wp:attachment":[{"href":"https:\/\/blogs.ugr.es\/ecos-gr\/wp-json\/wp\/v2\/media?parent=269"}],"wp:term":[{"taxonomy":"category","embeddable":true,"href":"https:\/\/blogs.ugr.es\/ecos-gr\/wp-json\/wp\/v2\/categories?post=269"},{"taxonomy":"post_tag","embeddable":true,"href":"https:\/\/blogs.ugr.es\/ecos-gr\/wp-json\/wp\/v2\/tags?post=269"}],"curies":[{"name":"wp","href":"https:\/\/api.w.org\/{rel}","templated":true}]}}