{"id":330,"date":"2025-05-25T16:47:42","date_gmt":"2025-05-25T14:47:42","guid":{"rendered":"https:\/\/blogs.ugr.es\/ecos-gr\/?page_id=330"},"modified":"2025-05-25T19:39:44","modified_gmt":"2025-05-25T17:39:44","slug":"rocio-cruz-ortiz","status":"publish","type":"page","link":"https:\/\/blogs.ugr.es\/ecos-gr\/equipo\/rocio-cruz-ortiz\/","title":{"rendered":"Roc\u00edo Cruz Ortiz"},"content":{"rendered":"<p><img loading=\"lazy\" decoding=\"async\" class=\"alignleft wp-image-331\" src=\"https:\/\/blogs.ugr.es\/ecos-gr\/wp-content\/uploads\/sites\/172\/2025\/05\/Rocio-300x300.jpg\" alt=\"Rocio\" width=\"187\" height=\"187\" srcset=\"https:\/\/blogs.ugr.es\/ecos-gr\/wp-content\/uploads\/sites\/172\/2025\/05\/Rocio-300x300.jpg 300w, https:\/\/blogs.ugr.es\/ecos-gr\/wp-content\/uploads\/sites\/172\/2025\/05\/Rocio-700x700.jpg 700w, https:\/\/blogs.ugr.es\/ecos-gr\/wp-content\/uploads\/sites\/172\/2025\/05\/Rocio-150x150.jpg 150w, https:\/\/blogs.ugr.es\/ecos-gr\/wp-content\/uploads\/sites\/172\/2025\/05\/Rocio-75x75.jpg 75w, https:\/\/blogs.ugr.es\/ecos-gr\/wp-content\/uploads\/sites\/172\/2025\/05\/Rocio-500x500.jpg 500w, https:\/\/blogs.ugr.es\/ecos-gr\/wp-content\/uploads\/sites\/172\/2025\/05\/Rocio.jpg 800w\" sizes=\"auto, (max-width: 187px) 100vw, 187px\" \/>Roc\u00edo Cruz Ortiz es actualmente Profesora Ayudante Doctora en el Departamento de Lengua Espa\u00f1ola de la Universidad de Granada (UGR).<\/p>\n<p>Obtuvo la Licenciatura en Filolog\u00eda Hisp\u00e1nica en 2012 en la Universidad de Granada, donde realiz\u00f3 tambi\u00e9n el M\u00e1ster en Estudios Superiores de Lengua Espa\u00f1ola en 2013, parte del cual curs\u00f3 en la Universidad ELTE de Budapest gracias a la concesi\u00f3n de una ayudad de movilidad. En esta \u00faltima ciudad, fue profesora de espa\u00f1ol para extranjeros durante el curso 2013-2014 en el centro de ense\u00f1anza SEK Budapest International School.<\/p>\n<p>En el a\u00f1o 2015 comenz\u00f3 su formaci\u00f3n docente e investigadora gracias a la obtenci\u00f3n de un contrato predoctoral FPU financiado por plan propio de la UGR. Durante este per\u00edodo, adem\u00e1s de impartir docencia en el Grado de Filolog\u00eda Hisp\u00e1nica y desarrollar su investigaci\u00f3n, realiz\u00f3 dos estancias de investigaci\u00f3n financiadas en centros extranjeros (Universidad de Buenos Aires y Pontificia Universidad Cat\u00f3lica del Per\u00fa).<\/p>\n<p>En 2019 se doctor\u00f3 en Lenguas, Textos y Contextos con la defensa de una tesis doctoral sobre <em>El habla de los pol\u00edticos andaluces en Madrid<\/em>, que obtuvo la calificaci\u00f3n de Sobresaliente <em>Cum Laude<\/em> con menci\u00f3n internacional. Ese mismo a\u00f1o se le concedi\u00f3 un contrato postdoctoral (Contrato Puente) en la Universidad de Granada y, m\u00e1s adelante, entre 2020 y 2022 ha sido profesora sustituta interina en las Universidades de Sevilla, Almer\u00eda y Ja\u00e9n. En enero 2022 fue seleccionada para disfrutar de un contrato postdoctoral Margarita Salas en el que desarroll\u00f3 su labor investigadora durante 9 meses, hasta septiembre de 2022, cuando se incorpor\u00f3 como Profesora Ayudante Doctora a la Universidad de M\u00e1laga. Al mismo tiempo, desde 2020 hasta 2022 colabor\u00f3 con la Universidad Internacional de Valencia en el M\u00e1ster Universitario en Ense\u00f1anza de Espa\u00f1ol como Lengua Extranjera.<\/p>\n<p>Como investigadora, se ha centrado principalmente en las l\u00edneas de investigaci\u00f3n que abordan la variaci\u00f3n y percepci\u00f3n ling\u00fc\u00edstica dentro del \u00e1mbito de la socioling\u00fc\u00edstica, si bien tambi\u00e9n ha realizado estudios puntuales relacionados con el espa\u00f1ol como lengua extranjera. Estos trabajos han estado enmarcados en tres proyectos de investigaci\u00f3n, dos de ellos con financiaci\u00f3n nacional y otro de la Junta de Andaluc\u00eda y se han plasmado en numerosas publicaciones, incluyendo autor\u00eda y coordinaci\u00f3n de libros, art\u00edculos indexados en revistas de calidad y cap\u00edtulos de libro en editoriales de prestigio, adem\u00e1s de diversas rese\u00f1as bibliogr\u00e1ficas. Tambi\u00e9n ha desarrollado otras actividades como la asistencia a congresos nacionales e internacionales, organizaci\u00f3n y participaci\u00f3n en comit\u00e9s cient\u00edficos de congresos y jornadas y revisiones de art\u00edculos. Entre ellas, se encuentran dos estancias de investigaci\u00f3n llevadas a cabo en la Universidad de Mahidol (Bangkok, Tailandia) en 2024 y en la Universidad Carolina de Praga (Rep\u00fablica Checa) en 2025.<br \/>\nEn cuanto al apartado docente, ha realizado varios cursos de formaci\u00f3n docente universitaria, participado en dos proyectos de innovaci\u00f3n docente y llevado a cabo seis estancias docentes en diferentes universidades internacionales. M\u00e1s all\u00e1 de esto, ha impartido m\u00e1s de 1000 horas de docencia universitaria con evaluaciones docentes positivas y dirigido numerosos Trabajos Fin de M\u00e1ster. Todo ello ha contribuido a la obtenci\u00f3n en 2025 de un certificado Docencia valorado con la calificaci\u00f3n de Excelente.<br \/>\nActualmente, desde febrero de 2023, ocupa un puesto de Profesora Ayudante Doctora en la Universidad de Granada, en la que imparte docencia asignada al Departamento de Lengua Espa\u00f1ola y contin\u00faa con sus labores de investigaci\u00f3n dentro el marco de dos proyectos de investigaci\u00f3n financiados por el Ministerio de Ciencia, Innovaci\u00f3n y Universidades: ECOS-GR. <em>Estudio de los condicionantes sociales del espa\u00f1ol actual en Granada: nuevas identidades, nuevos retos, nuevas soluciones<\/em> (PID2023-148371NB-C41) y CARMA.<em> Cartas desde Manila: pasado y presente del espa\u00f1ol en Filipinas a trav\u00e9s de sus textos<\/em> (ss. XVII-XXI) (PID2023-152676NA-100). En ellos, trabaja sobre variaci\u00f3n ling\u00fc\u00edstica en espa\u00f1ol y sobre actitudes y creencias ling\u00fc\u00edsticas en el mundo hisp\u00e1nico.<\/p>\n<p>&nbsp;<\/p>\n<p>Correo electr\u00f3nico: <span style=\"font-weight: 400\">&#114;&#x6f;c&#105;&#x6f;&#99;&#x72;u&#122;&#x40;u&#x67;&#x72;&#46;&#x65;s<\/span><\/p>\n","protected":false},"excerpt":{"rendered":"<p>Roc\u00edo Cruz Ortiz es actualmente Profesora Ayudante Doctora en el Departamento de Lengua Espa\u00f1ola de la Universidad de Granada (UGR). Obtuvo la Licenciatura en Filolog\u00eda Hisp\u00e1nica en 2012 en la Universidad de Granada, donde realiz\u00f3 tambi\u00e9n el M\u00e1ster en Estudios Superiores de Lengua Espa\u00f1ola en 2013, parte del cual curs\u00f3 en la Universidad ELTE de [&hellip;]<\/p>\n","protected":false},"author":682,"featured_media":0,"parent":207,"menu_order":0,"comment_status":"closed","ping_status":"closed","template":"","meta":{"footnotes":""},"categories":[],"tags":[],"class_list":["post-330","page","type-page","status-publish","hentry"],"_links":{"self":[{"href":"https:\/\/blogs.ugr.es\/ecos-gr\/wp-json\/wp\/v2\/pages\/330","targetHints":{"allow":["GET"]}}],"collection":[{"href":"https:\/\/blogs.ugr.es\/ecos-gr\/wp-json\/wp\/v2\/pages"}],"about":[{"href":"https:\/\/blogs.ugr.es\/ecos-gr\/wp-json\/wp\/v2\/types\/page"}],"author":[{"embeddable":true,"href":"https:\/\/blogs.ugr.es\/ecos-gr\/wp-json\/wp\/v2\/users\/682"}],"replies":[{"embeddable":true,"href":"https:\/\/blogs.ugr.es\/ecos-gr\/wp-json\/wp\/v2\/comments?post=330"}],"version-history":[{"count":3,"href":"https:\/\/blogs.ugr.es\/ecos-gr\/wp-json\/wp\/v2\/pages\/330\/revisions"}],"predecessor-version":[{"id":421,"href":"https:\/\/blogs.ugr.es\/ecos-gr\/wp-json\/wp\/v2\/pages\/330\/revisions\/421"}],"up":[{"embeddable":true,"href":"https:\/\/blogs.ugr.es\/ecos-gr\/wp-json\/wp\/v2\/pages\/207"}],"wp:attachment":[{"href":"https:\/\/blogs.ugr.es\/ecos-gr\/wp-json\/wp\/v2\/media?parent=330"}],"wp:term":[{"taxonomy":"category","embeddable":true,"href":"https:\/\/blogs.ugr.es\/ecos-gr\/wp-json\/wp\/v2\/categories?post=330"},{"taxonomy":"post_tag","embeddable":true,"href":"https:\/\/blogs.ugr.es\/ecos-gr\/wp-json\/wp\/v2\/tags?post=330"}],"curies":[{"name":"wp","href":"https:\/\/api.w.org\/{rel}","templated":true}]}}