{"id":339,"date":"2025-05-25T16:55:36","date_gmt":"2025-05-25T14:55:36","guid":{"rendered":"https:\/\/blogs.ugr.es\/ecos-gr\/?page_id=339"},"modified":"2025-07-10T10:30:11","modified_gmt":"2025-07-10T08:30:11","slug":"anna-zholobova","status":"publish","type":"page","link":"https:\/\/blogs.ugr.es\/ecos-gr\/equipo\/anna-zholobova\/","title":{"rendered":"Anna Zholobova"},"content":{"rendered":"<p>Anna Zholobova es profesora contratada doctora indefinida en el Departamento de Lengua Espa\u00f1ola de la Universidad de Granada. Realiz\u00f3 los estudios de tercer ciclo (Estudios Superiores de Lengua Espa\u00f1ola) con la obtenci\u00f3n del Diploma de Estudios Avanzados (DEA) en la Universidad de Granada, gracias a beca de la AECI-MAE (2002-2005). Es doctora en Lengua Espa\u00f1ola por la Universidad de Granada con la tesis titulada Unidades fraseol\u00f3gicas de origen b\u00edblico en espa\u00f1ol y ruso (2011). Adem\u00e1s, es candidata a doctora en Filolog\u00eda \u201c\u043a\u0430\u043d\u0434\u0438\u0434\u0430\u0442 \u0444\u0438\u043b\u043e\u043b\u043e\u0433\u0438\u0447\u0435\u0441\u043a\u0438\u0445 \u043d\u0430\u0443\u043a\u201d (2005) por la Universidad de Kaz\u00e1n (Rusia), donde empez\u00f3 a desempe\u00f1ar su labor docente en 2001. All\u00ed dirigi\u00f3 numerosos trabajos de fin de carrera, form\u00f3 parte del Tribunal de T\u00edtulos y de Ex\u00e1menes Estatales para evaluar los conocimientos adquiridos por los alumnos de Lengua y Literatura Espa\u00f1ola, particip\u00f3 en las actividades del Centro Espa\u00f1ol de Cultura y Ense\u00f1anza, fundado por la Universidad de Granada en 1997 para promover el estudio de la lengua y cultura espa\u00f1ola en Kaz\u00e1n. En 2015 el Ministerio de Educaci\u00f3n y Ciencia de la Federaci\u00f3n de Rusia le concedi\u00f3 el t\u00edtulo de Profesora Titular en Lenguas Rom\u00e1nicas.<br \/>\nEs autora de m\u00e1s de 30 publicaciones en espa\u00f1ol, ruso e ingl\u00e9s. La mayor parte de sus trabajos est\u00e1n relacionados con la fraseolog\u00eda.<br \/>\nFue miembro del equipo de investigaci\u00f3n en el proyecto de investigaci\u00f3n 14-04-00601 \u00abVisi\u00f3n linguocultural del mundo de la poblaci\u00f3n hispanohablante de los pa\u00edses del Caribe\u00bb, financiado por la Fundaci\u00f3n Cient\u00edfica Rusa para las Humanidades del Ministerio de Ciencia y Educaci\u00f3n del Gobierno de la Federaci\u00f3n de Rusia, Universidad Federal de Kaz\u00e1n, 02\/2014-12\/2016. Fue miembro del equipo de trabajo en el proyecto de investigaci\u00f3n I+D \u00abAGENDA 2050. El espa\u00f1ol de Granada: procesos de variaci\u00f3n y cambio espaciales y sociales\u00bb (IP: Dr. Antonio Jos\u00e9 Manj\u00f3n-Cabeza Cruz, Dr. Francisco Jos\u00e9 S\u00e1nchez Garc\u00eda, Universidad de Granada), 2020-2024. Tambi\u00e9n colabor\u00f3 en el proyecto \u00abDiccionario ruso-espa\u00f1ol de l\u00e9xico valorativo emocional (DILEXVAL)\u00bb desarrollado por el grupo de investigaci\u00f3n HUM-417 (investigaciones de Filolog\u00eda Eslava) de la Universidad de Granada (IP: Dr. Enrique Quero Gervilla). Actualmente forma parte del grupo de investigaci\u00f3n de la Junta de Andaluc\u00eda HUM 265 \u00abL\u00e9xico y Discurso\u00bb (responsable: Dra. Mar\u00eda del Carmen \u00c1vila Mart\u00edn, Universidad de Granada). Tambi\u00e9n es colaboradora externa del proyecto METAFRAS: Glosario terminol\u00f3gico multiling\u00fce digital (terminolog\u00eda fraseol\u00f3gica), que se est\u00e1 desarrollando en la Universidad de Santiago de Compostela (IP: M.\u00aa Isabel Gonz\u00e1lez Rey). Tiene un tramo de investigaci\u00f3n reconocido por la CNEAI y cuatro quinquenios de docencia.<br \/>\n&nbsp;<\/p>\n<p>Correo electr\u00f3nico: <span style=\"font-weight: 400\">&#97;z&#104;o&#108;o&#x62;o&#x76;a&#x40;u&#x67;r&#x2e;e&#x73;<\/span><\/p>\n","protected":false},"excerpt":{"rendered":"<p>Anna Zholobova es profesora contratada doctora indefinida en el Departamento de Lengua Espa\u00f1ola de la Universidad de Granada. Realiz\u00f3 los estudios de tercer ciclo (Estudios Superiores de Lengua Espa\u00f1ola) con la obtenci\u00f3n del Diploma de Estudios Avanzados (DEA) en la Universidad de Granada, gracias a beca de la AECI-MAE (2002-2005). Es doctora en Lengua Espa\u00f1ola [&hellip;]<\/p>\n","protected":false},"author":682,"featured_media":0,"parent":207,"menu_order":0,"comment_status":"closed","ping_status":"closed","template":"","meta":{"footnotes":""},"categories":[],"tags":[],"class_list":["post-339","page","type-page","status-publish","hentry"],"_links":{"self":[{"href":"https:\/\/blogs.ugr.es\/ecos-gr\/wp-json\/wp\/v2\/pages\/339","targetHints":{"allow":["GET"]}}],"collection":[{"href":"https:\/\/blogs.ugr.es\/ecos-gr\/wp-json\/wp\/v2\/pages"}],"about":[{"href":"https:\/\/blogs.ugr.es\/ecos-gr\/wp-json\/wp\/v2\/types\/page"}],"author":[{"embeddable":true,"href":"https:\/\/blogs.ugr.es\/ecos-gr\/wp-json\/wp\/v2\/users\/682"}],"replies":[{"embeddable":true,"href":"https:\/\/blogs.ugr.es\/ecos-gr\/wp-json\/wp\/v2\/comments?post=339"}],"version-history":[{"count":3,"href":"https:\/\/blogs.ugr.es\/ecos-gr\/wp-json\/wp\/v2\/pages\/339\/revisions"}],"predecessor-version":[{"id":744,"href":"https:\/\/blogs.ugr.es\/ecos-gr\/wp-json\/wp\/v2\/pages\/339\/revisions\/744"}],"up":[{"embeddable":true,"href":"https:\/\/blogs.ugr.es\/ecos-gr\/wp-json\/wp\/v2\/pages\/207"}],"wp:attachment":[{"href":"https:\/\/blogs.ugr.es\/ecos-gr\/wp-json\/wp\/v2\/media?parent=339"}],"wp:term":[{"taxonomy":"category","embeddable":true,"href":"https:\/\/blogs.ugr.es\/ecos-gr\/wp-json\/wp\/v2\/categories?post=339"},{"taxonomy":"post_tag","embeddable":true,"href":"https:\/\/blogs.ugr.es\/ecos-gr\/wp-json\/wp\/v2\/tags?post=339"}],"curies":[{"name":"wp","href":"https:\/\/api.w.org\/{rel}","templated":true}]}}