{"id":345,"date":"2025-05-25T17:00:50","date_gmt":"2025-05-25T15:00:50","guid":{"rendered":"https:\/\/blogs.ugr.es\/ecos-gr\/?page_id=345"},"modified":"2025-07-10T10:38:26","modified_gmt":"2025-07-10T08:38:26","slug":"chunyi-lei","status":"publish","type":"page","link":"https:\/\/blogs.ugr.es\/ecos-gr\/equipo\/chunyi-lei\/","title":{"rendered":"Chunyi Lei"},"content":{"rendered":"<p><img loading=\"lazy\" decoding=\"async\" class=\"alignleft wp-image-684\" src=\"https:\/\/blogs.ugr.es\/ecos-gr\/wp-content\/uploads\/sites\/172\/2025\/06\/CHUNYI1-150x150.jpg\" alt=\"\" width=\"187\" height=\"187\" srcset=\"https:\/\/blogs.ugr.es\/ecos-gr\/wp-content\/uploads\/sites\/172\/2025\/06\/CHUNYI1-150x150.jpg 150w, https:\/\/blogs.ugr.es\/ecos-gr\/wp-content\/uploads\/sites\/172\/2025\/06\/CHUNYI1-300x300.jpg 300w, https:\/\/blogs.ugr.es\/ecos-gr\/wp-content\/uploads\/sites\/172\/2025\/06\/CHUNYI1-700x700.jpg 700w, https:\/\/blogs.ugr.es\/ecos-gr\/wp-content\/uploads\/sites\/172\/2025\/06\/CHUNYI1-50x50.jpg 50w, https:\/\/blogs.ugr.es\/ecos-gr\/wp-content\/uploads\/sites\/172\/2025\/06\/CHUNYI1-80x80.jpg 80w, https:\/\/blogs.ugr.es\/ecos-gr\/wp-content\/uploads\/sites\/172\/2025\/06\/CHUNYI1-500x500.jpg 500w, https:\/\/blogs.ugr.es\/ecos-gr\/wp-content\/uploads\/sites\/172\/2025\/06\/CHUNYI1.jpg 800w\" sizes=\"auto, (max-width: 187px) 100vw, 187px\" \/>Actualmente, es Profesora Contratada Doctora en el Departamento de Ling\u00fc\u00edstica General y Teor\u00eda de la Literatura, Facultad de Filosof\u00eda y Letras, Universidad de Granada. Imparte clases de idioma chino en el grado y la asignatura de Introducci\u00f3n a la Fraseolog\u00eda en el master.<br \/>\nObtuvo su doctorado en Ling\u00fc\u00edstica General con Sobresaliente Cum Laude por la Universidad de Granada (2013-2017) y es licenciada en Filolog\u00eda Inglesa por Wuyi University (China, 2001-2005). Adem\u00e1s, ha completado un master en Ling\u00fc\u00edstica Extranjera y Ling\u00fc\u00edstica Aplicada en Guangxi Normal University (China, 2006-2011). Ha realizado un Curso Intensivo de Nivel Avanzado de Espa\u00f1ol (2007-2008) y un Curso de Perfeccionamiento de Espa\u00f1ol (2008-2009) en la Universidad de La Habana, Cuba.<br \/>\nTrabaj\u00f3 como profesora en Guilin University of Electronic Technology (China, 2011-2013), impartiendo clases de ingl\u00e9s, y posteriormente en South China Normal University (China, 2018-2019), ense\u00f1ando espa\u00f1ol. Adem\u00e1s, trabaj\u00f3 en Cuba durante dos a\u00f1os como coordinadora administrativa del \u201cPrograma de Beca Unilateral: Ense\u00f1anza del Espa\u00f1ol para J\u00f3venes Chinos\u201d, primero en la Universidad de La Habana (Cuba, 2008-2009) y luego en la Escuela Latinoamericana de Medicina (Cuba, 2009-2010).<br \/>\nHa dirigido dos proyectos que tratan de la influencia ling\u00fc\u00edstica de los emigrantes chinos en Latinoam\u00e9rica (2011-2013 &amp; 2019-2020). Es miembro del Grupo de \u201cInvestigaci\u00f3n de Ling\u00fc\u00edstica Tipol\u00f3gica y Experimental [GILTE] (Hum-422)\u201d (Junta de Andaluc\u00eda), colaboradora externa del grupo \u201cFRASEONET (GI 2061)\u201d (Xunta de Galicia).<br \/>\nSus principales l\u00edneas de investigaci\u00f3n incluyen Fraseolog\u00eda, Met\u00e1fora, Estudio comparativo entre el espa\u00f1ol y el chino, Lengua y cultura chinas, e Influencia ling\u00fc\u00edstico-cultural de los emigrantes chinos en Am\u00e9rica Latina Ha escrito 6 libros dedicados al estudio contrastivo entre el espa\u00f1ol y el chino, m\u00e1s de 50 cap\u00edtulos y art\u00edculos, publicados en Europa, Norteam\u00e9rica, Am\u00e9rica Latina y Asia. Ha participado como ponente en m\u00e1s de 50 congresos y conferencias, tanto nacionales como internacionales (China, Espa\u00f1a, Colombia, Brasil, Cuba, Italia, Polonia, Bielorrusia).<\/p>\n<p>Correo electr\u00f3nico: <span style=\"font-weight: 400\">l&#101;&#105;&#x63;&#x68;&#x75;&#x6e;y&#105;&#64;&#117;&#x67;&#x72;&#x2e;es<\/span><\/p>\n","protected":false},"excerpt":{"rendered":"<p>Actualmente, es Profesora Contratada Doctora en el Departamento de Ling\u00fc\u00edstica General y Teor\u00eda de la Literatura, Facultad de Filosof\u00eda y Letras, Universidad de Granada. Imparte clases de idioma chino en el grado y la asignatura de Introducci\u00f3n a la Fraseolog\u00eda en el master. Obtuvo su doctorado en Ling\u00fc\u00edstica General con Sobresaliente Cum Laude por la [&hellip;]<\/p>\n","protected":false},"author":682,"featured_media":0,"parent":207,"menu_order":0,"comment_status":"closed","ping_status":"closed","template":"","meta":{"footnotes":""},"categories":[],"tags":[],"class_list":["post-345","page","type-page","status-publish","hentry"],"_links":{"self":[{"href":"https:\/\/blogs.ugr.es\/ecos-gr\/wp-json\/wp\/v2\/pages\/345","targetHints":{"allow":["GET"]}}],"collection":[{"href":"https:\/\/blogs.ugr.es\/ecos-gr\/wp-json\/wp\/v2\/pages"}],"about":[{"href":"https:\/\/blogs.ugr.es\/ecos-gr\/wp-json\/wp\/v2\/types\/page"}],"author":[{"embeddable":true,"href":"https:\/\/blogs.ugr.es\/ecos-gr\/wp-json\/wp\/v2\/users\/682"}],"replies":[{"embeddable":true,"href":"https:\/\/blogs.ugr.es\/ecos-gr\/wp-json\/wp\/v2\/comments?post=345"}],"version-history":[{"count":3,"href":"https:\/\/blogs.ugr.es\/ecos-gr\/wp-json\/wp\/v2\/pages\/345\/revisions"}],"predecessor-version":[{"id":754,"href":"https:\/\/blogs.ugr.es\/ecos-gr\/wp-json\/wp\/v2\/pages\/345\/revisions\/754"}],"up":[{"embeddable":true,"href":"https:\/\/blogs.ugr.es\/ecos-gr\/wp-json\/wp\/v2\/pages\/207"}],"wp:attachment":[{"href":"https:\/\/blogs.ugr.es\/ecos-gr\/wp-json\/wp\/v2\/media?parent=345"}],"wp:term":[{"taxonomy":"category","embeddable":true,"href":"https:\/\/blogs.ugr.es\/ecos-gr\/wp-json\/wp\/v2\/categories?post=345"},{"taxonomy":"post_tag","embeddable":true,"href":"https:\/\/blogs.ugr.es\/ecos-gr\/wp-json\/wp\/v2\/tags?post=345"}],"curies":[{"name":"wp","href":"https:\/\/api.w.org\/{rel}","templated":true}]}}