{"id":351,"date":"2025-05-25T17:06:39","date_gmt":"2025-05-25T15:06:39","guid":{"rendered":"https:\/\/blogs.ugr.es\/ecos-gr\/?page_id=351"},"modified":"2025-07-10T10:36:38","modified_gmt":"2025-07-10T08:36:38","slug":"abderrahim-aarab","status":"publish","type":"page","link":"https:\/\/blogs.ugr.es\/ecos-gr\/equipo\/abderrahim-aarab\/","title":{"rendered":"Abderrahim Aarab"},"content":{"rendered":"<p><img loading=\"lazy\" decoding=\"async\" class=\"alignleft wp-image-709\" src=\"https:\/\/blogs.ugr.es\/ecos-gr\/wp-content\/uploads\/sites\/172\/2025\/06\/Abderrahim-Aarab1.jpg\" alt=\"abderrahim\" width=\"187\" height=\"187\" \/>-Doctor por la Universidad de Granada en 2014, Departamento de lengua espa\u00f1ola<\/p>\n<p>-\u00c1reas de conocimiento: lengua espa\u00f1ola, ling\u00fc\u00edstica general, ling\u00fc\u00edstica contrastiva \u00e1rabe- espa\u00f1ol y traducci\u00f3n e interpretaci\u00f3n<\/p>\n<p>-Profesor en la Facultad pluridisciplinar de Nador (FPN), Departamento de Estudios Hisp\u00e1nicos, Universidad Mohamed I (UMP) (Actualmente).<\/p>\n<p>-Profesor colaborador con la Universidad de Granada.<\/p>\n<p>-Miembro Del grupo de investigaci\u00f3n \u201cEstudios hispano\u00e1rabes\u201d de la Facultad Pluridisciplinar de Nador (FPN) de la Universidad Mohamed I.<\/p>\n<p>-Miembro Del grupo de investigaci\u00f3n \u201cEstudios de espa\u00f1ol actual\u201d de la UGR<br \/>\n(Ref.HUM-430).<\/p>\n<p>-Colaborador en proyectos de investigaci\u00f3n de la Universidad Mohamed I<br \/>\n-Colaborador en proyectos de investigaci\u00f3n del Departamento de Lengua Espa\u00f1ola de la UGR, como el proyecto actual ECOS-GR.<\/p>\n<p>-Autor de varios libros, comunicaciones, publicaciones y art\u00edculos cient\u00edficos en ling\u00fc\u00edstica espa\u00f1ola, ling\u00fc\u00edstica general y contrastiva, traducci\u00f3n y pragm\u00e1tica intercultural espa\u00f1ol-\u00e1rabe.<\/p>\n<p>Correo electr\u00f3nico: <span style=\"font-weight: 400\">a&#97;&#x72;&#x61;&#x62;&#46;&#97;&#98;&#x64;&#x65;r&#114;&#97;&#x68;&#x69;m&#64;&#121;&#x61;&#x68;&#x6f;o&#46;&#x65;&#x73;<\/span><\/p>\n","protected":false},"excerpt":{"rendered":"<p>-Doctor por la Universidad de Granada en 2014, Departamento de lengua espa\u00f1ola -\u00c1reas de conocimiento: lengua espa\u00f1ola, ling\u00fc\u00edstica general, ling\u00fc\u00edstica contrastiva \u00e1rabe- espa\u00f1ol y traducci\u00f3n e interpretaci\u00f3n -Profesor en la Facultad pluridisciplinar de Nador (FPN), Departamento de Estudios Hisp\u00e1nicos, Universidad Mohamed I (UMP) (Actualmente). -Profesor colaborador con la Universidad de Granada. -Miembro Del grupo de [&hellip;]<\/p>\n","protected":false},"author":682,"featured_media":0,"parent":207,"menu_order":0,"comment_status":"closed","ping_status":"closed","template":"","meta":{"footnotes":""},"categories":[],"tags":[],"class_list":["post-351","page","type-page","status-publish","hentry"],"_links":{"self":[{"href":"https:\/\/blogs.ugr.es\/ecos-gr\/wp-json\/wp\/v2\/pages\/351","targetHints":{"allow":["GET"]}}],"collection":[{"href":"https:\/\/blogs.ugr.es\/ecos-gr\/wp-json\/wp\/v2\/pages"}],"about":[{"href":"https:\/\/blogs.ugr.es\/ecos-gr\/wp-json\/wp\/v2\/types\/page"}],"author":[{"embeddable":true,"href":"https:\/\/blogs.ugr.es\/ecos-gr\/wp-json\/wp\/v2\/users\/682"}],"replies":[{"embeddable":true,"href":"https:\/\/blogs.ugr.es\/ecos-gr\/wp-json\/wp\/v2\/comments?post=351"}],"version-history":[{"count":3,"href":"https:\/\/blogs.ugr.es\/ecos-gr\/wp-json\/wp\/v2\/pages\/351\/revisions"}],"predecessor-version":[{"id":750,"href":"https:\/\/blogs.ugr.es\/ecos-gr\/wp-json\/wp\/v2\/pages\/351\/revisions\/750"}],"up":[{"embeddable":true,"href":"https:\/\/blogs.ugr.es\/ecos-gr\/wp-json\/wp\/v2\/pages\/207"}],"wp:attachment":[{"href":"https:\/\/blogs.ugr.es\/ecos-gr\/wp-json\/wp\/v2\/media?parent=351"}],"wp:term":[{"taxonomy":"category","embeddable":true,"href":"https:\/\/blogs.ugr.es\/ecos-gr\/wp-json\/wp\/v2\/categories?post=351"},{"taxonomy":"post_tag","embeddable":true,"href":"https:\/\/blogs.ugr.es\/ecos-gr\/wp-json\/wp\/v2\/tags?post=351"}],"curies":[{"name":"wp","href":"https:\/\/api.w.org\/{rel}","templated":true}]}}