{"id":354,"date":"2025-05-25T17:10:38","date_gmt":"2025-05-25T15:10:38","guid":{"rendered":"https:\/\/blogs.ugr.es\/ecos-gr\/?page_id=354"},"modified":"2025-07-10T10:53:13","modified_gmt":"2025-07-10T08:53:13","slug":"daniela-podhajska","status":"publish","type":"page","link":"https:\/\/blogs.ugr.es\/ecos-gr\/equipo\/daniela-podhajska\/","title":{"rendered":"Daniela Podhajsk\u00e1"},"content":{"rendered":"<p><img loading=\"lazy\" decoding=\"async\" class=\"alignleft wp-image-640\" src=\"https:\/\/blogs.ugr.es\/ecos-gr\/wp-content\/uploads\/sites\/172\/2025\/06\/Daniela-1-300x300.jpg\" alt=\"Daniela\" width=\"187\" height=\"187\" srcset=\"https:\/\/blogs.ugr.es\/ecos-gr\/wp-content\/uploads\/sites\/172\/2025\/06\/Daniela-1-300x300.jpg 300w, https:\/\/blogs.ugr.es\/ecos-gr\/wp-content\/uploads\/sites\/172\/2025\/06\/Daniela-1-700x700.jpg 700w, https:\/\/blogs.ugr.es\/ecos-gr\/wp-content\/uploads\/sites\/172\/2025\/06\/Daniela-1-150x150.jpg 150w, https:\/\/blogs.ugr.es\/ecos-gr\/wp-content\/uploads\/sites\/172\/2025\/06\/Daniela-1-50x50.jpg 50w, https:\/\/blogs.ugr.es\/ecos-gr\/wp-content\/uploads\/sites\/172\/2025\/06\/Daniela-1-80x80.jpg 80w, https:\/\/blogs.ugr.es\/ecos-gr\/wp-content\/uploads\/sites\/172\/2025\/06\/Daniela-1-500x500.jpg 500w, https:\/\/blogs.ugr.es\/ecos-gr\/wp-content\/uploads\/sites\/172\/2025\/06\/Daniela-1.jpg 800w\" sizes=\"auto, (max-width: 187px) 100vw, 187px\" \/>Daniela Podhajsk\u00e1 actualmente trabaja como Profesora Contratada Doctora en la Universidad de Ostrava, Chequia. Obtuvo el t\u00edtulo de doctora en Lengua Espa\u00f1ola en junio de 2023 mediante un r\u00e9gimen de cotutela internacional de la tesis doctoral entre la Universidad Palack\u00fd de Olomouc (Chequia) y la Universidad de Granada con menci\u00f3n cum laude. Su proyecto de tesis se centr\u00f3 en la acomodaci\u00f3n l\u00e9xica de la comunidad mexicana en Granada, a partir de las encuestas de disponibilidad l\u00e9xica.<br \/>\nSus \u00e1reas de investigaci\u00f3n abarcan, por lo tanto, la socioling\u00fc\u00edstica, la dialectolog\u00eda, y m\u00e1s recientemente, ha comenzado a interesarse tambi\u00e9n por la sem\u00e1ntica y ling\u00fc\u00edstica cognitiva, en particular en su aplicaci\u00f3n a los estudios de la disponibilidad l\u00e9xica. Asimismo, participa en los proyectos concedidos al equipo de investigaci\u00f3n de la Universidad de Granada, enfocados en el estudio del espa\u00f1ol en esta ciudad. Su labor se centra especialmente en las comunidades inmigrantes, siendo la experta en la variedad mexicana.<\/p>\n<p>Correo electr\u00f3nico: <span style=\"font-weight: 400;\">&#x64;&#97;n&#x69;&#101;l&#x61;&#x70;&#111;&#x64;&#x68;&#97;j&#x73;&#107;a&#x40;&#x67;&#111;&#x6f;&#x67;&#108;e&#x6d;&#97;i&#x6c;&#x2e;&#99;&#x6f;&#x6d;<\/span><\/p>\n","protected":false},"excerpt":{"rendered":"<p>Daniela Podhajsk\u00e1 actualmente trabaja como Profesora Contratada Doctora en la Universidad de Ostrava, Chequia. Obtuvo el t\u00edtulo de doctora en Lengua Espa\u00f1ola en junio de 2023 mediante un r\u00e9gimen de cotutela internacional de la tesis doctoral entre la Universidad Palack\u00fd de Olomouc (Chequia) y la Universidad de Granada con menci\u00f3n cum laude. Su proyecto de [&hellip;]<\/p>\n","protected":false},"author":682,"featured_media":0,"parent":207,"menu_order":0,"comment_status":"closed","ping_status":"closed","template":"","meta":{"footnotes":""},"categories":[],"tags":[],"class_list":["post-354","page","type-page","status-publish","hentry"],"_links":{"self":[{"href":"https:\/\/blogs.ugr.es\/ecos-gr\/wp-json\/wp\/v2\/pages\/354","targetHints":{"allow":["GET"]}}],"collection":[{"href":"https:\/\/blogs.ugr.es\/ecos-gr\/wp-json\/wp\/v2\/pages"}],"about":[{"href":"https:\/\/blogs.ugr.es\/ecos-gr\/wp-json\/wp\/v2\/types\/page"}],"author":[{"embeddable":true,"href":"https:\/\/blogs.ugr.es\/ecos-gr\/wp-json\/wp\/v2\/users\/682"}],"replies":[{"embeddable":true,"href":"https:\/\/blogs.ugr.es\/ecos-gr\/wp-json\/wp\/v2\/comments?post=354"}],"version-history":[{"count":3,"href":"https:\/\/blogs.ugr.es\/ecos-gr\/wp-json\/wp\/v2\/pages\/354\/revisions"}],"predecessor-version":[{"id":782,"href":"https:\/\/blogs.ugr.es\/ecos-gr\/wp-json\/wp\/v2\/pages\/354\/revisions\/782"}],"up":[{"embeddable":true,"href":"https:\/\/blogs.ugr.es\/ecos-gr\/wp-json\/wp\/v2\/pages\/207"}],"wp:attachment":[{"href":"https:\/\/blogs.ugr.es\/ecos-gr\/wp-json\/wp\/v2\/media?parent=354"}],"wp:term":[{"taxonomy":"category","embeddable":true,"href":"https:\/\/blogs.ugr.es\/ecos-gr\/wp-json\/wp\/v2\/categories?post=354"},{"taxonomy":"post_tag","embeddable":true,"href":"https:\/\/blogs.ugr.es\/ecos-gr\/wp-json\/wp\/v2\/tags?post=354"}],"curies":[{"name":"wp","href":"https:\/\/api.w.org\/{rel}","templated":true}]}}