{"id":379,"date":"2025-05-25T17:44:32","date_gmt":"2025-05-25T15:44:32","guid":{"rendered":"https:\/\/blogs.ugr.es\/ecos-gr\/?page_id=379"},"modified":"2025-06-11T19:25:54","modified_gmt":"2025-06-11T17:25:54","slug":"pan-ling","status":"publish","type":"page","link":"https:\/\/blogs.ugr.es\/ecos-gr\/equipo\/pan-ling\/","title":{"rendered":"Ling Pan"},"content":{"rendered":"<p><span style=\"font-weight: 400\"><img loading=\"lazy\" decoding=\"async\" class=\"alignleft wp-image-690\" src=\"https:\/\/blogs.ugr.es\/ecos-gr\/wp-content\/uploads\/sites\/172\/2025\/06\/Ling-Pan-1-150x150.png\" alt=\"\" width=\"187\" height=\"187\" srcset=\"https:\/\/blogs.ugr.es\/ecos-gr\/wp-content\/uploads\/sites\/172\/2025\/06\/Ling-Pan-1-150x150.png 150w, https:\/\/blogs.ugr.es\/ecos-gr\/wp-content\/uploads\/sites\/172\/2025\/06\/Ling-Pan-1-300x300.png 300w, https:\/\/blogs.ugr.es\/ecos-gr\/wp-content\/uploads\/sites\/172\/2025\/06\/Ling-Pan-1-50x50.png 50w, https:\/\/blogs.ugr.es\/ecos-gr\/wp-content\/uploads\/sites\/172\/2025\/06\/Ling-Pan-1-80x80.png 80w, https:\/\/blogs.ugr.es\/ecos-gr\/wp-content\/uploads\/sites\/172\/2025\/06\/Ling-Pan-1.png 484w\" sizes=\"auto, (max-width: 187px) 100vw, 187px\" \/>Ling Pan es actualmente doctoranda en la Facultad de Filosof\u00eda y Letras de la Universidad de Granada, donde desarrolla una investigaci\u00f3n sobre la adquisici\u00f3n de la pronunciaci\u00f3n del espa\u00f1ol como lengua extranjera por parte de hablantes nativos de chino residentes en Granada.<\/span><\/p>\n<p><span style=\"font-weight: 400\">Posee tres t\u00edtulos de grado: dos en Filolog\u00eda Hisp\u00e1nica (uno obtenido en China y otro en la Universidad de Almer\u00eda), y uno en Lenguas Modernas y sus Literaturas, con menci\u00f3n en lengua china, por la Universidad de Granada. Asimismo, ha cursado tres m\u00e1steres oficiales en esta misma universidad: el M\u00e1ster en Ense\u00f1anza del Espa\u00f1ol como Lengua Extranjera (ELE), el M\u00e1ster en Formaci\u00f3n del Profesorado (MAES) y el M\u00e1ster en Estudios Superiores de Lengua Espa\u00f1ola (ESLE).<\/span><\/p>\n<p><span style=\"font-weight: 400\">Fuera del \u00e1mbito estrictamente acad\u00e9mico, cuenta con una amplia experiencia docente y una fuerte vocaci\u00f3n por la ense\u00f1anza de lenguas. Ha trabajado como profesora voluntaria de lengua china en el Aula Confucio de Granada y ha impartido clases en l\u00ednea tanto de chino como de espa\u00f1ol para estudiantes extranjeros.<\/span><\/p>\n<p><span style=\"font-weight: 400\">Su tesis doctoral lleva por t\u00edtulo <\/span><i><span style=\"font-weight: 400\">Procesos y dificultades espec\u00edficas en la adecuaci\u00f3n del espa\u00f1ol por hablantes chinos (residentes en Granada) y procesos de acomodaci\u00f3n<\/span><\/i><span style=\"font-weight: 400\">, y combina an\u00e1lisis contrastivo, fon\u00e9tica ac\u00fastica mediante el uso de herramientas como <\/span><i><span style=\"font-weight: 400\">Praat<\/span><\/i><span style=\"font-weight: 400\">, corpus locales (como PRESEEA Granada) y un corpus propio, con el objetivo de identificar patrones de desviaci\u00f3n fon\u00e9tica, interferencias ling\u00fc\u00edsticas y fen\u00f3menos de adaptaci\u00f3n fonopragm\u00e1tica en contextos de contacto ling\u00fc\u00edst<\/span>Correo electr\u00f3nico: <span style=\"font-weight: 400\">&#x70;&#97;u&#x6c;&#105;&#110;&#x61;&#x31;&#57;5&#x39;&#48;0&#x36;&#x31;&#50;6&#x40;&#103;m&#x61;&#x69;&#108;&#46;&#x63;&#111;m<\/span><\/p>\n","protected":false},"excerpt":{"rendered":"<p>Ling Pan es actualmente doctoranda en la Facultad de Filosof\u00eda y Letras de la Universidad de Granada, donde desarrolla una investigaci\u00f3n sobre la adquisici\u00f3n de la pronunciaci\u00f3n del espa\u00f1ol como lengua extranjera por parte de hablantes nativos de chino residentes en Granada. Posee tres t\u00edtulos de grado: dos en Filolog\u00eda Hisp\u00e1nica (uno obtenido en China [&hellip;]<\/p>\n","protected":false},"author":682,"featured_media":0,"parent":207,"menu_order":0,"comment_status":"closed","ping_status":"closed","template":"","meta":{"footnotes":""},"categories":[],"tags":[],"class_list":["post-379","page","type-page","status-publish","hentry"],"_links":{"self":[{"href":"https:\/\/blogs.ugr.es\/ecos-gr\/wp-json\/wp\/v2\/pages\/379","targetHints":{"allow":["GET"]}}],"collection":[{"href":"https:\/\/blogs.ugr.es\/ecos-gr\/wp-json\/wp\/v2\/pages"}],"about":[{"href":"https:\/\/blogs.ugr.es\/ecos-gr\/wp-json\/wp\/v2\/types\/page"}],"author":[{"embeddable":true,"href":"https:\/\/blogs.ugr.es\/ecos-gr\/wp-json\/wp\/v2\/users\/682"}],"replies":[{"embeddable":true,"href":"https:\/\/blogs.ugr.es\/ecos-gr\/wp-json\/wp\/v2\/comments?post=379"}],"version-history":[{"count":3,"href":"https:\/\/blogs.ugr.es\/ecos-gr\/wp-json\/wp\/v2\/pages\/379\/revisions"}],"predecessor-version":[{"id":691,"href":"https:\/\/blogs.ugr.es\/ecos-gr\/wp-json\/wp\/v2\/pages\/379\/revisions\/691"}],"up":[{"embeddable":true,"href":"https:\/\/blogs.ugr.es\/ecos-gr\/wp-json\/wp\/v2\/pages\/207"}],"wp:attachment":[{"href":"https:\/\/blogs.ugr.es\/ecos-gr\/wp-json\/wp\/v2\/media?parent=379"}],"wp:term":[{"taxonomy":"category","embeddable":true,"href":"https:\/\/blogs.ugr.es\/ecos-gr\/wp-json\/wp\/v2\/categories?post=379"},{"taxonomy":"post_tag","embeddable":true,"href":"https:\/\/blogs.ugr.es\/ecos-gr\/wp-json\/wp\/v2\/tags?post=379"}],"curies":[{"name":"wp","href":"https:\/\/api.w.org\/{rel}","templated":true}]}}