{"id":385,"date":"2025-05-25T17:49:13","date_gmt":"2025-05-25T15:49:13","guid":{"rendered":"https:\/\/blogs.ugr.es\/ecos-gr\/?page_id=385"},"modified":"2025-07-10T10:48:06","modified_gmt":"2025-07-10T08:48:06","slug":"eva-aguilera-parejo","status":"publish","type":"page","link":"https:\/\/blogs.ugr.es\/ecos-gr\/equipo\/eva-aguilera-parejo\/","title":{"rendered":"Eva Aguilera Parejo"},"content":{"rendered":"<p><img loading=\"lazy\" decoding=\"async\" class=\"alignleft wp-image-386\" src=\"https:\/\/blogs.ugr.es\/ecos-gr\/wp-content\/uploads\/sites\/172\/2025\/05\/eva-300x300.jpg\" alt=\"\" width=\"187\" height=\"187\" srcset=\"https:\/\/blogs.ugr.es\/ecos-gr\/wp-content\/uploads\/sites\/172\/2025\/05\/eva-300x300.jpg 300w, https:\/\/blogs.ugr.es\/ecos-gr\/wp-content\/uploads\/sites\/172\/2025\/05\/eva-700x700.jpg 700w, https:\/\/blogs.ugr.es\/ecos-gr\/wp-content\/uploads\/sites\/172\/2025\/05\/eva-150x150.jpg 150w, https:\/\/blogs.ugr.es\/ecos-gr\/wp-content\/uploads\/sites\/172\/2025\/05\/eva-75x75.jpg 75w, https:\/\/blogs.ugr.es\/ecos-gr\/wp-content\/uploads\/sites\/172\/2025\/05\/eva-500x500.jpg 500w, https:\/\/blogs.ugr.es\/ecos-gr\/wp-content\/uploads\/sites\/172\/2025\/05\/eva.jpg 800w\" sizes=\"auto, (max-width: 187px) 100vw, 187px\" \/>Doctoranda en el Departamento de Lengua Espa\u00f1ola de la Universidad de Granada (UGR). Graduada en Traducci\u00f3n e Interpretaci\u00f3n (UGR, 2020), M\u00e1ster en Estudios Superiores de Lengua Espa\u00f1ola (UGR, 2021), M\u00e1ster en Traducci\u00f3n Profesional (UGR, 2022) y becaria de investigaci\u00f3n gracias a la Beca de Iniciaci\u00f3n a la Investigaci\u00f3n (UGR, 2022). Actualmente desarrolla su tesis \u00abEl habla de Loja (Granada): la variaci\u00f3n (socio)ling\u00fc\u00edstica en una comunidad de habla\u00bb bajo la direcci\u00f3n de la profesora Elena Fern\u00e1ndez de Molina-Ort\u00e9s y como parte del \u00abProyecto ECOS del espa\u00f1ol en Espa\u00f1a\u00bb (\u00abEstudio de los condicionantes sociales del espa\u00f1ol actual en Espa\u00f1a: Nuevas identidades, nuevos retos, nuevas soluciones\u00bb; Ref.: PID2023-148371NB-C41). Ha realizado una estancia de investigaci\u00f3n predoctoral en la Universidad de Edimburgo con el profesor Carlos Soler Montes con el objetivo de recibir la Menci\u00f3n Internacional de Doctorado.<\/p>\n<p>Sus intereses acad\u00e9micos se entremezclan entre las \u00e1reas de socioling\u00fc\u00edstica, fon\u00e9tica y dialectolog\u00eda. Sus investigaciones se enfocan en la variaci\u00f3n fon\u00e9tica y socioling\u00fc\u00edstica de las hablas andaluzas y, concretamente, en el fen\u00f3meno del heheo (la articulaci\u00f3n debilitada de los fonemas \/s\/ y \/\u0398\/ en situaci\u00f3n explosiva). Ha participado en varios congresos a nivel predoctoral (Congreso Internacional de la Asociaci\u00f3n de J\u00f3venes Ling\u00fcistas, Undergraduate Linguistics Association of Britain Conference, Studentische Tagung Sprachwissenschaft\u2026) y ha publicado en la revista Estudios Interling\u00fc\u00edsticos (2021, 2022).<\/p>\n<p>&nbsp;<\/p>\n<p>Correo electr\u00f3nico: <span style=\"font-weight: 400\">eva&#97;&#112;&#49;&#57;&#x39;&#x37;&#x40;&#x63;&#x6f;&#x72;&#x72;eo&#46;&#117;&#103;&#114;&#46;&#101;&#x73;<\/span><\/p>\n","protected":false},"excerpt":{"rendered":"<p>Doctoranda en el Departamento de Lengua Espa\u00f1ola de la Universidad de Granada (UGR). Graduada en Traducci\u00f3n e Interpretaci\u00f3n (UGR, 2020), M\u00e1ster en Estudios Superiores de Lengua Espa\u00f1ola (UGR, 2021), M\u00e1ster en Traducci\u00f3n Profesional (UGR, 2022) y becaria de investigaci\u00f3n gracias a la Beca de Iniciaci\u00f3n a la Investigaci\u00f3n (UGR, 2022). Actualmente desarrolla su tesis \u00abEl [&hellip;]<\/p>\n","protected":false},"author":682,"featured_media":0,"parent":207,"menu_order":0,"comment_status":"closed","ping_status":"closed","template":"","meta":{"footnotes":""},"categories":[],"tags":[],"class_list":["post-385","page","type-page","status-publish","hentry"],"_links":{"self":[{"href":"https:\/\/blogs.ugr.es\/ecos-gr\/wp-json\/wp\/v2\/pages\/385","targetHints":{"allow":["GET"]}}],"collection":[{"href":"https:\/\/blogs.ugr.es\/ecos-gr\/wp-json\/wp\/v2\/pages"}],"about":[{"href":"https:\/\/blogs.ugr.es\/ecos-gr\/wp-json\/wp\/v2\/types\/page"}],"author":[{"embeddable":true,"href":"https:\/\/blogs.ugr.es\/ecos-gr\/wp-json\/wp\/v2\/users\/682"}],"replies":[{"embeddable":true,"href":"https:\/\/blogs.ugr.es\/ecos-gr\/wp-json\/wp\/v2\/comments?post=385"}],"version-history":[{"count":3,"href":"https:\/\/blogs.ugr.es\/ecos-gr\/wp-json\/wp\/v2\/pages\/385\/revisions"}],"predecessor-version":[{"id":769,"href":"https:\/\/blogs.ugr.es\/ecos-gr\/wp-json\/wp\/v2\/pages\/385\/revisions\/769"}],"up":[{"embeddable":true,"href":"https:\/\/blogs.ugr.es\/ecos-gr\/wp-json\/wp\/v2\/pages\/207"}],"wp:attachment":[{"href":"https:\/\/blogs.ugr.es\/ecos-gr\/wp-json\/wp\/v2\/media?parent=385"}],"wp:term":[{"taxonomy":"category","embeddable":true,"href":"https:\/\/blogs.ugr.es\/ecos-gr\/wp-json\/wp\/v2\/categories?post=385"},{"taxonomy":"post_tag","embeddable":true,"href":"https:\/\/blogs.ugr.es\/ecos-gr\/wp-json\/wp\/v2\/tags?post=385"}],"curies":[{"name":"wp","href":"https:\/\/api.w.org\/{rel}","templated":true}]}}