{"id":462,"date":"2025-05-26T12:12:31","date_gmt":"2025-05-26T10:12:31","guid":{"rendered":"https:\/\/blogs.ugr.es\/ecos-gr\/?page_id=462"},"modified":"2025-07-18T12:20:05","modified_gmt":"2025-07-18T10:20:05","slug":"arqueolin","status":"publish","type":"page","link":"https:\/\/blogs.ugr.es\/ecos-gr\/investigacion\/arqueolin\/","title":{"rendered":"Memoria de la oralidad granadina"},"content":{"rendered":"<p>El objetivo principal de este proyecto de investigaci\u00f3n consiste en rescatar los principales fen\u00f3menos fon\u00e9ticos de la variedad granadina desde, aproximadamente, los a\u00f1os 70 hasta el a\u00f1o 1990.<\/p>\n<p>Para poder llevar a cabo nuestro trabajo sobre el habla de Granada del siglo pasado, estamos recopilando todo tipo de datos sonoros en los cuales se pueda apreciar el habla espont\u00e1nea de los granadinos de la \u00e9poca antes mencionada.<\/p>\n<p><span style=\"text-decoration: underline;color: #000000\"><a style=\"color: #000000;text-decoration: underline\" href=\"https:\/\/drive.google.com\/file\/d\/1dpK9mzVwZJ4y8fXg5Napu0F-0HlNARM0\/view?usp=drive_link\">Enlace a la entrevista realizada a la doctoranda Eliska Mackova en Canal Sur sobre el proyecto.\u00a0<\/a><\/span><\/p>\n<p><iframe loading=\"lazy\" title=\"A PAR\u00cdS - CARLOS CANO ( Entrevista y actuaci\u00f3n 1990)\" width=\"955\" height=\"537\" src=\"https:\/\/www.youtube.com\/embed\/JBnARlOJK2M?feature=oembed\" frameborder=\"0\" allow=\"accelerometer; autoplay; clipboard-write; encrypted-media; gyroscope; picture-in-picture; web-share\" referrerpolicy=\"strict-origin-when-cross-origin\" allowfullscreen><\/iframe><\/p>\n<p>&nbsp;<\/p>\n","protected":false},"excerpt":{"rendered":"<p>El objetivo principal de este proyecto de investigaci\u00f3n consiste en rescatar los principales fen\u00f3menos fon\u00e9ticos de la variedad granadina desde, aproximadamente, los a\u00f1os 70 hasta el a\u00f1o 1990. Para poder llevar a cabo nuestro trabajo sobre el habla de Granada del siglo pasado, estamos recopilando todo tipo de datos sonoros en los cuales se pueda [&hellip;]<\/p>\n","protected":false},"author":682,"featured_media":0,"parent":206,"menu_order":0,"comment_status":"closed","ping_status":"closed","template":"","meta":{"footnotes":""},"categories":[],"tags":[],"class_list":["post-462","page","type-page","status-publish","hentry"],"_links":{"self":[{"href":"https:\/\/blogs.ugr.es\/ecos-gr\/wp-json\/wp\/v2\/pages\/462","targetHints":{"allow":["GET"]}}],"collection":[{"href":"https:\/\/blogs.ugr.es\/ecos-gr\/wp-json\/wp\/v2\/pages"}],"about":[{"href":"https:\/\/blogs.ugr.es\/ecos-gr\/wp-json\/wp\/v2\/types\/page"}],"author":[{"embeddable":true,"href":"https:\/\/blogs.ugr.es\/ecos-gr\/wp-json\/wp\/v2\/users\/682"}],"replies":[{"embeddable":true,"href":"https:\/\/blogs.ugr.es\/ecos-gr\/wp-json\/wp\/v2\/comments?post=462"}],"version-history":[{"count":3,"href":"https:\/\/blogs.ugr.es\/ecos-gr\/wp-json\/wp\/v2\/pages\/462\/revisions"}],"predecessor-version":[{"id":814,"href":"https:\/\/blogs.ugr.es\/ecos-gr\/wp-json\/wp\/v2\/pages\/462\/revisions\/814"}],"up":[{"embeddable":true,"href":"https:\/\/blogs.ugr.es\/ecos-gr\/wp-json\/wp\/v2\/pages\/206"}],"wp:attachment":[{"href":"https:\/\/blogs.ugr.es\/ecos-gr\/wp-json\/wp\/v2\/media?parent=462"}],"wp:term":[{"taxonomy":"category","embeddable":true,"href":"https:\/\/blogs.ugr.es\/ecos-gr\/wp-json\/wp\/v2\/categories?post=462"},{"taxonomy":"post_tag","embeddable":true,"href":"https:\/\/blogs.ugr.es\/ecos-gr\/wp-json\/wp\/v2\/tags?post=462"}],"curies":[{"name":"wp","href":"https:\/\/api.w.org\/{rel}","templated":true}]}}