{"id":574,"date":"2025-06-01T12:24:37","date_gmt":"2025-06-01T10:24:37","guid":{"rendered":"https:\/\/blogs.ugr.es\/ecos-gr\/?page_id=574"},"modified":"2025-06-03T18:27:05","modified_gmt":"2025-06-03T16:27:05","slug":"webs-de-interes","status":"publish","type":"page","link":"https:\/\/blogs.ugr.es\/ecos-gr\/webs-de-interes\/","title":{"rendered":"Webs de inter\u00e9s"},"content":{"rendered":"<ul>\n<li><span style=\"color: #000000\"><a style=\"color: #000000;text-decoration: underline\" href=\"https:\/\/preseea.uah.es\/\">P\u00e1gina principal del proyecto PRESEEA<\/a><\/span><\/li>\n<li><span style=\"color: #000000\"><a style=\"color: #000000;text-decoration: underline\" href=\"https:\/\/lenguaesp.ugr.es\/\">Departamento de Lengua Espa\u00f1ola de la Universidad de Granada<\/a><\/span><\/li>\n<li><span style=\"color: #000000\"><a style=\"color: #000000;text-decoration: underline\" href=\"http:\/\/www.variedadesdelespanol.es\/index.html\">P\u00e1gina principal del proyecto PRECAVES XXI<\/a><\/span><\/li>\n<li><span style=\"color: #000000\"><a style=\"color: #000000;text-decoration: underline\" href=\"https:\/\/produccioncientifica.ugr.es\/grupos\/23558\/publicaciones\">Producci\u00f3n cient\u00edfica del grupo Estudios del espa\u00f1ol actual<\/a><\/span><\/li>\n<li><span style=\"color: #000000\"><a style=\"color: #000000;text-decoration: underline\" href=\"https:\/\/ecoscn.org\/\">Proyecto ECOS centro y norte de Espa\u00f1a<\/a><\/span><\/li>\n<li><span style=\"color: #000000\"><a style=\"color: #000000;text-decoration: underline\" href=\"https:\/\/sofoling.ulpgc.es\/ecos-laspase\/\">Proyecto ECOS-LASPASE (Las Palmas &#8211; Sevilla)<\/a><\/span><\/li>\n<li><span style=\"color: #000000\"><a style=\"color: #000000;text-decoration: underline\" href=\"https:\/\/atlasdegestos.uah.es\/\">Atlas de gestos<\/a><\/span><\/li>\n<li><span style=\"color: #000000\"><a style=\"color: #000000;text-decoration: underline\" href=\"https:\/\/acentosandaluces.com\/\">Atlas interactivo de los acentos de Andaluc\u00eda<\/a><\/span><\/li>\n<\/ul>\n","protected":false},"excerpt":{"rendered":"<p>P\u00e1gina principal del proyecto PRESEEA Departamento de Lengua Espa\u00f1ola de la Universidad de Granada P\u00e1gina principal del proyecto PRECAVES XXI Producci\u00f3n cient\u00edfica del grupo Estudios del espa\u00f1ol actual Proyecto ECOS centro y norte de Espa\u00f1a Proyecto ECOS-LASPASE (Las Palmas &#8211; Sevilla) Atlas de gestos Atlas interactivo de los acentos de Andaluc\u00eda<\/p>\n","protected":false},"author":682,"featured_media":0,"parent":0,"menu_order":0,"comment_status":"closed","ping_status":"closed","template":"","meta":{"footnotes":""},"categories":[],"tags":[],"class_list":["post-574","page","type-page","status-publish","hentry"],"_links":{"self":[{"href":"https:\/\/blogs.ugr.es\/ecos-gr\/wp-json\/wp\/v2\/pages\/574","targetHints":{"allow":["GET"]}}],"collection":[{"href":"https:\/\/blogs.ugr.es\/ecos-gr\/wp-json\/wp\/v2\/pages"}],"about":[{"href":"https:\/\/blogs.ugr.es\/ecos-gr\/wp-json\/wp\/v2\/types\/page"}],"author":[{"embeddable":true,"href":"https:\/\/blogs.ugr.es\/ecos-gr\/wp-json\/wp\/v2\/users\/682"}],"replies":[{"embeddable":true,"href":"https:\/\/blogs.ugr.es\/ecos-gr\/wp-json\/wp\/v2\/comments?post=574"}],"version-history":[{"count":4,"href":"https:\/\/blogs.ugr.es\/ecos-gr\/wp-json\/wp\/v2\/pages\/574\/revisions"}],"predecessor-version":[{"id":647,"href":"https:\/\/blogs.ugr.es\/ecos-gr\/wp-json\/wp\/v2\/pages\/574\/revisions\/647"}],"wp:attachment":[{"href":"https:\/\/blogs.ugr.es\/ecos-gr\/wp-json\/wp\/v2\/media?parent=574"}],"wp:term":[{"taxonomy":"category","embeddable":true,"href":"https:\/\/blogs.ugr.es\/ecos-gr\/wp-json\/wp\/v2\/categories?post=574"},{"taxonomy":"post_tag","embeddable":true,"href":"https:\/\/blogs.ugr.es\/ecos-gr\/wp-json\/wp\/v2\/tags?post=574"}],"curies":[{"name":"wp","href":"https:\/\/api.w.org\/{rel}","templated":true}]}}