{"id":604,"date":"2025-06-01T13:02:33","date_gmt":"2025-06-01T11:02:33","guid":{"rendered":"https:\/\/blogs.ugr.es\/ecos-gr\/?page_id=604"},"modified":"2025-12-06T19:21:57","modified_gmt":"2025-12-06T18:21:57","slug":"corpus-polgra","status":"publish","type":"page","link":"https:\/\/blogs.ugr.es\/ecos-gr\/investigacion\/corpus-polgra\/","title":{"rendered":"Corpus POLGRA"},"content":{"rendered":"<p>Este corpus contiene entrevistas a 30 emigrantes polacos, residentes en la ciudad de Granada. Las entrevistas se grabaron entre marzo y abril de 2020 y participaron cinco hombres y veinticinco mujeres.<\/p>\n<p>La estratificaci\u00f3n por edad se organiz\u00f3 en dos tramos: con cuarenta a\u00f1os o menos y con cuarenta y un a\u00f1o o m\u00e1s y, tambi\u00e9n, por nivel de estudios de los entrevistados: primarios, secundarios y superiores.<\/p>\n<p>Tabla 1. Distribuci\u00f3n del corpus<\/p>\n<table border=\"1\" cellspacing=\"0\" cellpadding=\"4\">\n<tbody>\n<tr>\n<td>Sexo<\/td>\n<td>Edad<\/td>\n<td>Primarios<\/td>\n<td>Medios<\/td>\n<td>Superiores<\/td>\n<td>Total<\/td>\n<\/tr>\n<tr>\n<td rowspan=\"3\">Hombres<\/td>\n<td>\u2264 40 a\u00f1os<\/td>\n<td>0<\/td>\n<td>0<\/td>\n<td>1<\/td>\n<td>1<\/td>\n<\/tr>\n<tr>\n<td>&gt; 40 a\u00f1os<\/td>\n<td>0<\/td>\n<td>2<\/td>\n<td>2<\/td>\n<td>4<\/td>\n<\/tr>\n<tr>\n<td>Total<\/td>\n<td>0<\/td>\n<td>2<\/td>\n<td>3<\/td>\n<td>5<\/td>\n<\/tr>\n<tr>\n<td rowspan=\"3\">Mujeres<\/td>\n<td>\u2264 40 a\u00f1os<\/td>\n<td>0<\/td>\n<td>2<\/td>\n<td>15<\/td>\n<td>17<\/td>\n<\/tr>\n<tr>\n<td>&gt; 40 a\u00f1os<\/td>\n<td>0<\/td>\n<td>1<\/td>\n<td>7<\/td>\n<td>8<\/td>\n<\/tr>\n<tr>\n<td>Total<\/td>\n<td>0<\/td>\n<td>3<\/td>\n<td>22<\/td>\n<td>25<\/td>\n<\/tr>\n<\/tbody>\n<\/table>\n<p>Tabla 2. Selecci\u00f3n de audios y textos del corpus POLGRA<\/p>\n<table border=\"1\" cellspacing=\"0\" cellpadding=\"4\">\n<tbody>\n<tr>\n<td><\/td>\n<td colspan=\"2\">Estudios medios<\/td>\n<td colspan=\"2\">Estudios superiores<\/td>\n<\/tr>\n<tr>\n<td rowspan=\"4\">Menos de 40 a\u00f1os<\/td>\n<td>mujer<\/td>\n<td>hombre<\/td>\n<td>mujer<\/td>\n<td>hombre<\/td>\n<\/tr>\n<tr>\n<td>POLGRAN_24<\/td>\n<td>N\/A<\/td>\n<td>POLGRAN_2<\/td>\n<td>N\/A<\/td>\n<\/tr>\n<tr>\n<td><a href=\"https:\/\/drive.google.com\/file\/d\/1CkzzzD36uxs7pAmGujZJ5A1LD6hiq7gI\/view?usp=drive_link\">audio<\/a><\/td>\n<td>audio<\/td>\n<td><a href=\"https:\/\/drive.google.com\/file\/d\/1McTiX1W4X3vutsxYSO8wsLWllfLGyOEu\/view?usp=drive_link\">audio<\/a><\/td>\n<td>audio<\/td>\n<\/tr>\n<tr>\n<td><a href=\"https:\/\/drive.google.com\/file\/d\/1DfKxmYOJCHR5YM58xkk75ww1-nk89ODs\/view?usp=drive_link\">texto<\/a><\/td>\n<td>texto<\/td>\n<td><a href=\"https:\/\/drive.google.com\/file\/d\/1QAuhv4OBuaxc9SmE1NPzpsfV6JrApg7u\/view?usp=drive_link\">texto<\/a><\/td>\n<td>texto<\/td>\n<\/tr>\n<tr>\n<td rowspan=\"4\">40 a\u00f1os o m\u00e1s<\/td>\n<td>mujer<\/td>\n<td>hombre<\/td>\n<td>mujer<\/td>\n<td>hombre<\/td>\n<\/tr>\n<tr>\n<td>POLGRAN_10<\/td>\n<td>POLGRAN_27<\/td>\n<td>POLGRAN_1<\/td>\n<td>POLGRAN_4<\/td>\n<\/tr>\n<tr>\n<td><a href=\"https:\/\/drive.google.com\/file\/d\/14GfaA5OPzTBICiOnCpqmLI4AR2Cxp2Tk\/view?usp=drive_link\">audio<\/a><\/td>\n<td><a href=\"https:\/\/drive.google.com\/file\/d\/1KLf9QHjBCiiHEoPE4o4d-CfoiEvqrbkE\/view?usp=drive_link\">audio<\/a><\/td>\n<td><a href=\"https:\/\/drive.google.com\/file\/d\/13o-Ux4oouJg9RhPwMulkvjOiPeFBCc-8\/view?usp=drive_link\">audio<\/a><\/td>\n<td><a href=\"https:\/\/drive.google.com\/file\/d\/1tJH_xYOuT-vh40FTtl92zpwtu77r3sDo\/view?usp=drive_link\">audio<\/a><\/td>\n<\/tr>\n<tr>\n<td><a href=\"https:\/\/drive.google.com\/file\/d\/196gkcswGXXt-wfcBX1I7MlwMCZ3RVpF9\/view?usp=drive_link\">texto<\/a><\/td>\n<td><a href=\"https:\/\/drive.google.com\/file\/d\/1xH7l1fIno7qpvuGKvP4acFgfi61tUhNf\/view?usp=drive_link\">texto<\/a><\/td>\n<td><a href=\"https:\/\/drive.google.com\/file\/d\/1Jakj162foilc9_gt5d00AuPp4Gditdym\/view?usp=drive_link\">texto<\/a><\/td>\n<td><a href=\"https:\/\/drive.google.com\/file\/d\/17ub-HHQnM4CpLsGCUAs0eODafnZg3KQA\/view?usp=drive_link\">texto<\/a><\/td>\n<\/tr>\n<\/tbody>\n<\/table>\n<p>&nbsp;<\/p>\n","protected":false},"excerpt":{"rendered":"<p>Este corpus contiene entrevistas a 30 emigrantes polacos, residentes en la ciudad de Granada. Las entrevistas se grabaron entre marzo y abril de 2020 y participaron cinco hombres y veinticinco mujeres. La estratificaci\u00f3n por edad se organiz\u00f3 en dos tramos: con cuarenta a\u00f1os o menos y con cuarenta y un a\u00f1o o m\u00e1s y, tambi\u00e9n, [&hellip;]<\/p>\n","protected":false},"author":682,"featured_media":0,"parent":206,"menu_order":0,"comment_status":"closed","ping_status":"closed","template":"","meta":{"footnotes":""},"categories":[],"tags":[],"class_list":["post-604","page","type-page","status-publish","hentry"],"_links":{"self":[{"href":"https:\/\/blogs.ugr.es\/ecos-gr\/wp-json\/wp\/v2\/pages\/604","targetHints":{"allow":["GET"]}}],"collection":[{"href":"https:\/\/blogs.ugr.es\/ecos-gr\/wp-json\/wp\/v2\/pages"}],"about":[{"href":"https:\/\/blogs.ugr.es\/ecos-gr\/wp-json\/wp\/v2\/types\/page"}],"author":[{"embeddable":true,"href":"https:\/\/blogs.ugr.es\/ecos-gr\/wp-json\/wp\/v2\/users\/682"}],"replies":[{"embeddable":true,"href":"https:\/\/blogs.ugr.es\/ecos-gr\/wp-json\/wp\/v2\/comments?post=604"}],"version-history":[{"count":3,"href":"https:\/\/blogs.ugr.es\/ecos-gr\/wp-json\/wp\/v2\/pages\/604\/revisions"}],"predecessor-version":[{"id":849,"href":"https:\/\/blogs.ugr.es\/ecos-gr\/wp-json\/wp\/v2\/pages\/604\/revisions\/849"}],"up":[{"embeddable":true,"href":"https:\/\/blogs.ugr.es\/ecos-gr\/wp-json\/wp\/v2\/pages\/206"}],"wp:attachment":[{"href":"https:\/\/blogs.ugr.es\/ecos-gr\/wp-json\/wp\/v2\/media?parent=604"}],"wp:term":[{"taxonomy":"category","embeddable":true,"href":"https:\/\/blogs.ugr.es\/ecos-gr\/wp-json\/wp\/v2\/categories?post=604"},{"taxonomy":"post_tag","embeddable":true,"href":"https:\/\/blogs.ugr.es\/ecos-gr\/wp-json\/wp\/v2\/tags?post=604"}],"curies":[{"name":"wp","href":"https:\/\/api.w.org\/{rel}","templated":true}]}}