{"id":627,"date":"2025-06-03T18:09:13","date_gmt":"2025-06-03T16:09:13","guid":{"rendered":"https:\/\/blogs.ugr.es\/ecos-gr\/?page_id=627"},"modified":"2025-12-06T19:38:37","modified_gmt":"2025-12-06T18:38:37","slug":"corpus-colgra","status":"publish","type":"page","link":"https:\/\/blogs.ugr.es\/ecos-gr\/investigacion\/corpus-colgra\/","title":{"rendered":"Corpus COLOMGRA"},"content":{"rendered":"<p>Este corpus contiene entrevistas a 30 personas originarias de Colombia residentes en Granada. Las entrevistas se realizaron en 2025. Participaron catorce hombres y diecis\u00e9is mujeres. La muestra est\u00e1 estratificada por sexo, edad (\u2264 40 a\u00f1os y &gt; 40 a\u00f1os) y nivel educativo (primarios, medios y superiores).<\/p>\n<p>Tabla 1. Distribuci\u00f3n del corpus COLOMGRA<\/p>\n<table border=\"1\" cellspacing=\"0\" cellpadding=\"4\">\n<tbody>\n<tr>\n<td>Sexo<\/td>\n<td>Edad<\/td>\n<td>Primarios<\/td>\n<td>Medios<\/td>\n<td>Superiores<\/td>\n<td>Total<\/td>\n<\/tr>\n<tr>\n<td rowspan=\"3\">Hombres<\/td>\n<td>\u2264 40 a\u00f1os<\/td>\n<td>1<\/td>\n<td>0<\/td>\n<td>6<\/td>\n<td>7<\/td>\n<\/tr>\n<tr>\n<td>&gt; 40 a\u00f1os<\/td>\n<td>4<\/td>\n<td>2<\/td>\n<td>1<\/td>\n<td>7<\/td>\n<\/tr>\n<tr>\n<td>Total<\/td>\n<td>5<\/td>\n<td>2<\/td>\n<td>7<\/td>\n<td>14<\/td>\n<\/tr>\n<tr>\n<td rowspan=\"3\">Mujeres<\/td>\n<td>\u2264 40 a\u00f1os<\/td>\n<td>2<\/td>\n<td>3<\/td>\n<td>1<\/td>\n<td>6<\/td>\n<\/tr>\n<tr>\n<td>&gt; 40 a\u00f1os<\/td>\n<td>6<\/td>\n<td>2<\/td>\n<td>2<\/td>\n<td>10<\/td>\n<\/tr>\n<tr>\n<td>Total<\/td>\n<td>8<\/td>\n<td>5<\/td>\n<td>3<\/td>\n<td>16<\/td>\n<\/tr>\n<\/tbody>\n<\/table>\n<p>Tabla 2. Selecci\u00f3n de audios y de textos del corpus COLOMGRA<\/p>\n<table style=\"border-collapse: collapse\" border=\"1\">\n<tbody>\n<tr>\n<td><\/td>\n<td colspan=\"2\">Estudios medios<\/td>\n<td colspan=\"2\">Estudios superiores<\/td>\n<\/tr>\n<tr>\n<td rowspan=\"4\">Menos de 40 a\u00f1os<\/td>\n<td>mujer<\/td>\n<td>hombre<\/td>\n<td>mujer<\/td>\n<td>hombre<\/td>\n<\/tr>\n<tr>\n<td>COLOMGRA_8<\/td>\n<td>COLOMGRA_12<\/td>\n<td>COLOMGRA_17<\/td>\n<td>COLOMGRA_10<\/td>\n<\/tr>\n<tr>\n<td><a href=\"https:\/\/drive.google.com\/file\/d\/1THZiTubWJ_EqFeyj9KszD-8GZlJes86T\/view?usp=drive_link\">audio<\/a><\/td>\n<td><a href=\"https:\/\/drive.google.com\/file\/d\/1vWe8AhKvK6ExH7ku33eQHgGdwi3J5myd\/view?usp=drive_link\">audio<\/a><\/td>\n<td><a href=\"https:\/\/drive.google.com\/file\/d\/1wfLHxcPaIj8CtaxbdaY1-nnBbataTIVq\/view?usp=drive_link\">audio<\/a><\/td>\n<td><a href=\"https:\/\/drive.google.com\/file\/d\/1cRG7rUGssTEieUoGDSSHk4tmBe7K79ev\/view?usp=drive_link\">audio<\/a><\/td>\n<\/tr>\n<tr>\n<td><a href=\"https:\/\/drive.google.com\/file\/d\/1s937U3xvOpSHK1q6CBodlRcMXXWCJR7-\/view?usp=drive_link\">texto<\/a><\/td>\n<td><a href=\"https:\/\/drive.google.com\/file\/d\/12TtyFHVN4jjnKeJ-k7ybqyDlf8AxXfsb\/view?usp=drive_link\">texto<\/a><\/td>\n<td><a href=\"https:\/\/drive.google.com\/file\/d\/1yocSJhvnfOmvsFXIoqTkrR6bc5z9B3pU\/view?usp=drive_link\">texto<\/a><\/td>\n<td><a href=\"https:\/\/drive.google.com\/file\/d\/12HdhvNysiceZ7usc8zwkMpij1PENIz8Z\/view?usp=drive_link\">texto<\/a><\/td>\n<\/tr>\n<tr>\n<td rowspan=\"4\">40 a\u00f1os o m\u00e1s<\/td>\n<td>mujer<\/td>\n<td>hombre<\/td>\n<td>mujer<\/td>\n<td>hombre<\/td>\n<\/tr>\n<tr>\n<td>COLOMGRA_16<\/td>\n<td>COLOMGRA_2<\/td>\n<td>COLOMGRA_1<\/td>\n<td>COLOMGRA_22<\/td>\n<\/tr>\n<tr>\n<td><a href=\"https:\/\/drive.google.com\/file\/d\/1mo5KzBr5YLsIlRrgXXo-fZQnCMXsja70\/view?usp=drive_link\">audio<\/a><\/td>\n<td><a href=\"https:\/\/drive.google.com\/file\/d\/1gnA4FMQkplAohQsh7JNFGDj2ntLH6D3W\/view?usp=drive_link\">audio<\/a><\/td>\n<td><a href=\"https:\/\/drive.google.com\/file\/d\/1Eiv9mTV2G4SCuZA6LxddT6zJrOV12HFF\/view?usp=drive_link\">audio<\/a><\/td>\n<td><a href=\"https:\/\/drive.google.com\/file\/d\/1jUrEbj0UKbgH3v_ATjioRJIGBsLprHTx\/view?usp=drive_link\">audio<\/a><\/td>\n<\/tr>\n<tr>\n<td><a href=\"https:\/\/drive.google.com\/file\/d\/1BoQB1UC4l4np_OgcvGJvybQ7J9RGNXpA\/view?usp=drive_link\">texto<\/a><\/td>\n<td><a href=\"https:\/\/drive.google.com\/file\/d\/1dy1Gwvk3YbWZ7aQe_AnIPbLl7pRSEwJQ\/view?usp=drive_link\">texto<\/a><\/td>\n<td><a href=\"https:\/\/drive.google.com\/file\/d\/1bQWqUJxSRNZRAcqFKJpaGkrkd3kQ5mfm\/view?usp=drive_link\">texto<\/a><\/td>\n<td><a href=\"https:\/\/drive.google.com\/file\/d\/14MP5pVO6SKuHHol6WowLD_PsCxB9ORx9\/view?usp=drive_link\">texto<\/a><\/td>\n<\/tr>\n<\/tbody>\n<\/table>\n","protected":false},"excerpt":{"rendered":"<p>Este corpus contiene entrevistas a 30 personas originarias de Colombia residentes en Granada. Las entrevistas se realizaron en 2025. Participaron catorce hombres y diecis\u00e9is mujeres. La muestra est\u00e1 estratificada por sexo, edad (\u2264 40 a\u00f1os y &gt; 40 a\u00f1os) y nivel educativo (primarios, medios y superiores). Tabla 1. Distribuci\u00f3n del corpus COLOMGRA Sexo Edad Primarios [&hellip;]<\/p>\n","protected":false},"author":682,"featured_media":0,"parent":206,"menu_order":0,"comment_status":"closed","ping_status":"closed","template":"","meta":{"footnotes":""},"categories":[],"tags":[],"class_list":["post-627","page","type-page","status-publish","hentry"],"_links":{"self":[{"href":"https:\/\/blogs.ugr.es\/ecos-gr\/wp-json\/wp\/v2\/pages\/627","targetHints":{"allow":["GET"]}}],"collection":[{"href":"https:\/\/blogs.ugr.es\/ecos-gr\/wp-json\/wp\/v2\/pages"}],"about":[{"href":"https:\/\/blogs.ugr.es\/ecos-gr\/wp-json\/wp\/v2\/types\/page"}],"author":[{"embeddable":true,"href":"https:\/\/blogs.ugr.es\/ecos-gr\/wp-json\/wp\/v2\/users\/682"}],"replies":[{"embeddable":true,"href":"https:\/\/blogs.ugr.es\/ecos-gr\/wp-json\/wp\/v2\/comments?post=627"}],"version-history":[{"count":3,"href":"https:\/\/blogs.ugr.es\/ecos-gr\/wp-json\/wp\/v2\/pages\/627\/revisions"}],"predecessor-version":[{"id":854,"href":"https:\/\/blogs.ugr.es\/ecos-gr\/wp-json\/wp\/v2\/pages\/627\/revisions\/854"}],"up":[{"embeddable":true,"href":"https:\/\/blogs.ugr.es\/ecos-gr\/wp-json\/wp\/v2\/pages\/206"}],"wp:attachment":[{"href":"https:\/\/blogs.ugr.es\/ecos-gr\/wp-json\/wp\/v2\/media?parent=627"}],"wp:term":[{"taxonomy":"category","embeddable":true,"href":"https:\/\/blogs.ugr.es\/ecos-gr\/wp-json\/wp\/v2\/categories?post=627"},{"taxonomy":"post_tag","embeddable":true,"href":"https:\/\/blogs.ugr.es\/ecos-gr\/wp-json\/wp\/v2\/tags?post=627"}],"curies":[{"name":"wp","href":"https:\/\/api.w.org\/{rel}","templated":true}]}}